{"id":183755,"date":"2024-05-09T20:27:45","date_gmt":"2024-05-09T20:27:45","guid":{"rendered":"https:\/\/aldeco.pt\/staging\/product\/grainy\/"},"modified":"2024-10-02T14:02:47","modified_gmt":"2024-10-02T14:02:47","slug":"grainy","status":"publish","type":"product","link":"https:\/\/staging.aldeco.pt\/es\/product\/grainy\/","title":{"rendered":"GRAINY"},"content":{"rendered":"<p>Grainy es una tela para cortinas y es especial debido a su textura r\u00fastica y su peso que la hace lucir fabulosa. Mirando en detalle, podemos ver el magn\u00edfico efecto mezclado con diferentes colores y una discreta sensaci\u00f3n de boucl\u00e9. El look natural est\u00e1 presente en toda la colecci\u00f3n.<\/p>\n","protected":false},"excerpt":{"rendered":"<p>Grainy es una tela para cortinas y es especial debido a su textura r\u00fastica y su peso que la hace lucir fabulosa. Mirando en detalle, podemos ver el magn\u00edfico efecto mezclado con diferentes colores y una discreta sensaci\u00f3n de boucl\u00e9. El look natural est\u00e1 presente en toda la colecci\u00f3n.<\/p>\n<h2>Grainy es una tela para cortinas y es especial debido a su textura r\u00fastica y su peso que la hace lucir fabulosa. Mirando en detalle, podemos ver el magn\u00edfico efecto mezclado con diferentes colores y una discreta sensaci\u00f3n de boucl\u00e9. El look natural est\u00e1 presente en toda la colecci\u00f3n.<\/h2>\n<p><img fetchpriority=\"high\" decoding=\"async\" class=\"alignnone wp-image-180866 size-medium\" src=\"https:\/\/aldeco.pt\/staging\/wp-content\/uploads\/2024\/01\/T192030001-2-300x200.jpg\" alt=\"Grainy - Aldeco\" width=\"300\" height=\"200\" \/><\/p>\n<p><a href=\"https:\/\/www.instagram.com\/aldeco_interiorfabrics\/\">https:\/\/www.instagram.com\/aldeco_interiorfabrics\/<\/a><\/p>\n<p><a href=\"https:\/\/aldeco.pt\/staging\/product\/grainy\/?attribute_pa_aldeco-color=01-natural-white\">https:\/\/aldeco.pt\/staging\/product\/grainy\/?attribute_pa_aldeco-color=01-natural-white<\/a><\/p>\n<p>&nbsp;<\/p>\n","protected":false},"featured_media":158964,"template":"","meta":[],"product_brand":[],"product_cat":[6146],"product_tag":[],"class_list":{"0":"post-183755","1":"product","2":"type-product","3":"status-publish","4":"has-post-thumbnail","6":"product_cat-aldeco-2-es","7":"pa_cleanability-8283","8":"pa_composition-ext-57-pl-43-li-es","9":"pa_interior-fabrics-1-es","10":"pa_line-telas","11":"pa_lithfastness-9681","12":"pa_outdoor-0-es","13":"pa_range-boucle-es","14":"pa_range-dobby-es","17":"first","18":"instock","19":"purchasable","20":"product-type-variable"},"acf":[],"_links":{"self":[{"href":"https:\/\/staging.aldeco.pt\/es\/wp-json\/wp\/v2\/product\/183755","targetHints":{"allow":["GET"]}}],"collection":[{"href":"https:\/\/staging.aldeco.pt\/es\/wp-json\/wp\/v2\/product"}],"about":[{"href":"https:\/\/staging.aldeco.pt\/es\/wp-json\/wp\/v2\/types\/product"}],"version-history":[{"count":2,"href":"https:\/\/staging.aldeco.pt\/es\/wp-json\/wp\/v2\/product\/183755\/revisions"}],"predecessor-version":[{"id":201854,"href":"https:\/\/staging.aldeco.pt\/es\/wp-json\/wp\/v2\/product\/183755\/revisions\/201854"}],"wp:featuredmedia":[{"embeddable":true,"href":"https:\/\/staging.aldeco.pt\/es\/wp-json\/wp\/v2\/media\/158964"}],"wp:attachment":[{"href":"https:\/\/staging.aldeco.pt\/es\/wp-json\/wp\/v2\/media?parent=183755"}],"wp:term":[{"taxonomy":"product_brand","embeddable":true,"href":"https:\/\/staging.aldeco.pt\/es\/wp-json\/wp\/v2\/product_brand?post=183755"},{"taxonomy":"product_cat","embeddable":true,"href":"https:\/\/staging.aldeco.pt\/es\/wp-json\/wp\/v2\/product_cat?post=183755"},{"taxonomy":"product_tag","embeddable":true,"href":"https:\/\/staging.aldeco.pt\/es\/wp-json\/wp\/v2\/product_tag?post=183755"}],"curies":[{"name":"wp","href":"https:\/\/api.w.org\/{rel}","templated":true}]}}