{"id":183744,"date":"2024-05-09T20:24:42","date_gmt":"2024-05-09T20:24:42","guid":{"rendered":"https:\/\/aldeco.pt\/staging\/product\/goa\/"},"modified":"2024-10-03T10:06:45","modified_gmt":"2024-10-03T10:06:45","slug":"goa","status":"publish","type":"product","link":"https:\/\/staging.aldeco.pt\/es\/product\/goa\/","title":{"rendered":"GOA"},"content":{"rendered":"<p>Presentamos este efecto de seda lisa \/ Viscosa \u201c2 ply\u201d, con un fant\u00e1stico conjunto de color y tejido. Aspecto r\u00fastico chic, elegante por su aspecto irregular, obtenido precisamente por los principales manuales de tejido, ideal para decoraci\u00f3n y cortinas. Esta tela tratada con Tefl\u00f3n est\u00e1 disponible en 15 colores.<\/p>\n","protected":false},"excerpt":{"rendered":"<p>GOA, presentamos este efecto de seda lisa \/ Viscosa \u201c2 ply\u201d, con un fant\u00e1stico conjunto de color y tejido. Aspecto r\u00fastico chic, elegante por su aspecto irregular, obtenido precisamente por los principales manuales de tejido, ideal para decoraci\u00f3n y cortinas. Esta tela tratada con Tefl\u00f3n est\u00e1 disponible en 15 colores.<\/p>\n<h2>GOA, presentamos este efecto de seda lisa \/ Viscosa \u201c2 ply\u201d, con un fant\u00e1stico conjunto de color y tejido. Aspecto r\u00fastico chic, elegante por su aspecto irregular, obtenido precisamente por los principales manuales de tejido, ideal para decoraci\u00f3n y cortinas. Esta tela tratada con Tefl\u00f3n est\u00e1 disponible en 15 colores.<\/h2>\n<p><img fetchpriority=\"high\" decoding=\"async\" class=\"alignnone wp-image-80787 size-medium\" src=\"https:\/\/aldeco.pt\/staging\/wp-content\/uploads\/2024\/01\/T200790001-2-300x280.jpg\" alt=\"Goa - Aldeco\" width=\"300\" height=\"280\" \/><\/p>\n<p><a href=\"https:\/\/aldeco.pt\/staging\/product\/goa\/?attribute_pa_aldeco-color=01\">https:\/\/aldeco.pt\/staging\/product\/goa\/?attribute_pa_aldeco-color=01<\/a><\/p>\n<p><a href=\"https:\/\/www.instagram.com\/aldeco_interiorfabrics\/\">https:\/\/www.instagram.com\/aldeco_interiorfabrics\/<\/a><\/p>\n<p>&nbsp;<\/p>\n","protected":false},"featured_media":193136,"template":"","meta":[],"product_brand":[],"product_cat":[6146],"product_tag":[],"class_list":{"0":"post-183744","1":"product","2":"type-product","3":"status-publish","4":"has-post-thumbnail","6":"product_cat-aldeco-2-es","7":"pa_cleanability-8283","8":"pa_composition-ext-10-se-90-vi-es","9":"pa_interior-fabrics-1-es","10":"pa_line-telas","11":"pa_lithfastness-3-4-es","12":"pa_outdoor-0-es","13":"pa_range-liso-es","16":"first","17":"instock","18":"purchasable","19":"product-type-variable"},"acf":[],"_links":{"self":[{"href":"https:\/\/staging.aldeco.pt\/es\/wp-json\/wp\/v2\/product\/183744","targetHints":{"allow":["GET"]}}],"collection":[{"href":"https:\/\/staging.aldeco.pt\/es\/wp-json\/wp\/v2\/product"}],"about":[{"href":"https:\/\/staging.aldeco.pt\/es\/wp-json\/wp\/v2\/types\/product"}],"version-history":[{"count":2,"href":"https:\/\/staging.aldeco.pt\/es\/wp-json\/wp\/v2\/product\/183744\/revisions"}],"predecessor-version":[{"id":201946,"href":"https:\/\/staging.aldeco.pt\/es\/wp-json\/wp\/v2\/product\/183744\/revisions\/201946"}],"wp:featuredmedia":[{"embeddable":true,"href":"https:\/\/staging.aldeco.pt\/es\/wp-json\/wp\/v2\/media\/193136"}],"wp:attachment":[{"href":"https:\/\/staging.aldeco.pt\/es\/wp-json\/wp\/v2\/media?parent=183744"}],"wp:term":[{"taxonomy":"product_brand","embeddable":true,"href":"https:\/\/staging.aldeco.pt\/es\/wp-json\/wp\/v2\/product_brand?post=183744"},{"taxonomy":"product_cat","embeddable":true,"href":"https:\/\/staging.aldeco.pt\/es\/wp-json\/wp\/v2\/product_cat?post=183744"},{"taxonomy":"product_tag","embeddable":true,"href":"https:\/\/staging.aldeco.pt\/es\/wp-json\/wp\/v2\/product_tag?post=183744"}],"curies":[{"name":"wp","href":"https:\/\/api.w.org\/{rel}","templated":true}]}}