{"id":183743,"date":"2024-05-09T20:27:35","date_gmt":"2024-05-09T20:27:35","guid":{"rendered":"https:\/\/aldeco.pt\/staging\/product\/grain\/"},"modified":"2024-10-02T16:16:27","modified_gmt":"2024-10-02T16:16:27","slug":"grain","status":"publish","type":"product","link":"https:\/\/staging.aldeco.pt\/es\/product\/grain\/","title":{"rendered":"GRAIN"},"content":{"rendered":"<p>Grain es una tela s\u00faper suave hecha con la t\u00e9cnica de boucl\u00e9, lo que le confiere un cuerpo y aspecto modernos. Este tejido es perfecto para cortinas y decoraci\u00f3n, ya que tiene doble ancho.<\/p>\n","protected":false},"excerpt":{"rendered":"<p>Grain es una tela s\u00faper suave hecha con la t\u00e9cnica de boucl\u00e9, lo que le confiere un cuerpo y aspecto modernos. Este tejido es perfecto para cortinas y decoraci\u00f3n, ya que tiene doble ancho.<\/p>\n<h2>Grain es una tela s\u00faper suave hecha con la t\u00e9cnica de boucl\u00e9, lo que le confiere un cuerpo y aspecto modernos. Este tejido es perfecto para cortinas y decoraci\u00f3n, ya que tiene doble ancho.<\/h2>\n<p><img fetchpriority=\"high\" decoding=\"async\" class=\"alignnone wp-image-180850 size-medium\" src=\"https:\/\/aldeco.pt\/staging\/wp-content\/uploads\/2024\/03\/T190210001-300x200.jpg\" alt=\"Grain - Aldeco\" width=\"300\" height=\"200\" \/><\/p>\n<p><a href=\"https:\/\/www.instagram.com\/aldeco_interiorfabrics\/\">https:\/\/www.instagram.com\/aldeco_interiorfabrics\/<\/a><\/p>\n<p><a href=\"https:\/\/aldeco.pt\/staging\/product\/grain\/?attribute_pa_aldeco-color=01-pearl\">https:\/\/aldeco.pt\/staging\/product\/grain\/?attribute_pa_aldeco-color=01-pearl<\/a><\/p>\n<p>&nbsp;<\/p>\n","protected":false},"featured_media":158962,"template":"","meta":[],"product_brand":[],"product_cat":[6146],"product_tag":[],"class_list":{"0":"post-183743","1":"product","2":"type-product","3":"status-publish","4":"has-post-thumbnail","6":"product_cat-aldeco-2-es","7":"pa_cleanability-8283","8":"pa_composition-ext-100-pl-es","9":"pa_interior-fabrics-1-es","10":"pa_line-telas","11":"pa_lithfastness-5-es","12":"pa_outdoor-0-es","13":"pa_range-boucle-es","16":"first","17":"instock","18":"purchasable","19":"product-type-variable"},"acf":[],"_links":{"self":[{"href":"https:\/\/staging.aldeco.pt\/es\/wp-json\/wp\/v2\/product\/183743","targetHints":{"allow":["GET"]}}],"collection":[{"href":"https:\/\/staging.aldeco.pt\/es\/wp-json\/wp\/v2\/product"}],"about":[{"href":"https:\/\/staging.aldeco.pt\/es\/wp-json\/wp\/v2\/types\/product"}],"version-history":[{"count":2,"href":"https:\/\/staging.aldeco.pt\/es\/wp-json\/wp\/v2\/product\/183743\/revisions"}],"predecessor-version":[{"id":201879,"href":"https:\/\/staging.aldeco.pt\/es\/wp-json\/wp\/v2\/product\/183743\/revisions\/201879"}],"wp:featuredmedia":[{"embeddable":true,"href":"https:\/\/staging.aldeco.pt\/es\/wp-json\/wp\/v2\/media\/158962"}],"wp:attachment":[{"href":"https:\/\/staging.aldeco.pt\/es\/wp-json\/wp\/v2\/media?parent=183743"}],"wp:term":[{"taxonomy":"product_brand","embeddable":true,"href":"https:\/\/staging.aldeco.pt\/es\/wp-json\/wp\/v2\/product_brand?post=183743"},{"taxonomy":"product_cat","embeddable":true,"href":"https:\/\/staging.aldeco.pt\/es\/wp-json\/wp\/v2\/product_cat?post=183743"},{"taxonomy":"product_tag","embeddable":true,"href":"https:\/\/staging.aldeco.pt\/es\/wp-json\/wp\/v2\/product_tag?post=183743"}],"curies":[{"name":"wp","href":"https:\/\/api.w.org\/{rel}","templated":true}]}}