{"id":183718,"date":"2024-05-09T20:27:31","date_gmt":"2024-05-09T20:27:31","guid":{"rendered":"https:\/\/aldeco.pt\/staging\/product\/graceline-embroidery\/"},"modified":"2024-08-29T14:46:08","modified_gmt":"2024-08-29T14:46:08","slug":"graceline-embroidery","status":"publish","type":"product","link":"https:\/\/staging.aldeco.pt\/es\/product\/graceline-embroidery\/","title":{"rendered":"GRACELINE EMBROIDERY"},"content":{"rendered":"<p>Algod\u00f3n 100% mercerizado, con bordado en un dise\u00f1o de pied de poule, formando una elegante raya diplom\u00e1tica. Disponible en una mezcla de colores cautivadora con verde lima, rosa y morado, una combinaci\u00f3n elegante, pero con un toque irreverente y tropical. Esta tela es aplicable en cortinas, decoraci\u00f3n y tapicer\u00eda.<\/p>\n","protected":false},"excerpt":{"rendered":"<p>Graceline Embroidery, algod\u00f3n 100% mercerizado, con bordado en un dise\u00f1o de pied de poule, formando una elegante raya diplom\u00e1tica. Disponible en una mezcla de colores cautivadora con verde lima, rosa y morado, una combinaci\u00f3n elegante, pero con un toque irreverente y tropical. Esta tela es aplicable en cortinas, decoraci\u00f3n y tapicer\u00eda.<\/p>\n<h2>Graceline Embroidery, algod\u00f3n 100% mercerizado, con bordado en un dise\u00f1o de pied de poule, formando una elegante raya diplom\u00e1tica. Disponible en una mezcla de colores cautivadora con verde lima, rosa y morado, una combinaci\u00f3n elegante, pero con un toque irreverente y tropical. Esta tela es aplicable en cortinas, decoraci\u00f3n y tapicer\u00eda.<\/h2>\n<p><img fetchpriority=\"high\" decoding=\"async\" class=\"alignnone wp-image-177378 size-medium\" src=\"https:\/\/aldeco.pt\/staging\/wp-content\/uploads\/2024\/01\/T019240001-4-300x240.jpg\" alt=\"Graceline Embroidery - Aldeco\" width=\"300\" height=\"240\"><\/p>\n<p><a href=\"https:\/\/aldeco.pt\/staging\/product\/graceline-embroidery\/?attribute_pa_aldeco-color=01-colourfulness\">https:\/\/aldeco.pt\/staging\/product\/graceline-embroidery\/?attribute_pa_aldeco-color=01-colourfulness<\/a><\/p>\n<p><a href=\"https:\/\/www.instagram.com\/aldeco_interiorfabrics\/\">https:\/\/www.instagram.com\/aldeco_interiorfabrics\/<\/a><\/p>\n","protected":false},"featured_media":158958,"template":"","meta":[],"product_brand":[],"product_cat":[6146],"product_tag":[],"class_list":{"0":"post-183718","1":"product","2":"type-product","3":"status-publish","4":"has-post-thumbnail","6":"product_cat-aldeco-2-es","7":"pa_cleanability-8283","8":"pa_composition-ext-100-co-bordado-100vi-es-2","9":"pa_interior-fabrics-1-es","10":"pa_line-telas","11":"pa_lithfastness-4-es","12":"pa_outdoor-0-es","13":"pa_range-bordado-es","14":"pa_rapport-horizontal-45-2-es","15":"pa_rapport-vertical-2-5-es","18":"first","19":"instock","20":"purchasable","21":"product-type-variable"},"acf":[],"_links":{"self":[{"href":"https:\/\/staging.aldeco.pt\/es\/wp-json\/wp\/v2\/product\/183718","targetHints":{"allow":["GET"]}}],"collection":[{"href":"https:\/\/staging.aldeco.pt\/es\/wp-json\/wp\/v2\/product"}],"about":[{"href":"https:\/\/staging.aldeco.pt\/es\/wp-json\/wp\/v2\/types\/product"}],"version-history":[{"count":1,"href":"https:\/\/staging.aldeco.pt\/es\/wp-json\/wp\/v2\/product\/183718\/revisions"}],"predecessor-version":[{"id":192472,"href":"https:\/\/staging.aldeco.pt\/es\/wp-json\/wp\/v2\/product\/183718\/revisions\/192472"}],"wp:featuredmedia":[{"embeddable":true,"href":"https:\/\/staging.aldeco.pt\/es\/wp-json\/wp\/v2\/media\/158958"}],"wp:attachment":[{"href":"https:\/\/staging.aldeco.pt\/es\/wp-json\/wp\/v2\/media?parent=183718"}],"wp:term":[{"taxonomy":"product_brand","embeddable":true,"href":"https:\/\/staging.aldeco.pt\/es\/wp-json\/wp\/v2\/product_brand?post=183718"},{"taxonomy":"product_cat","embeddable":true,"href":"https:\/\/staging.aldeco.pt\/es\/wp-json\/wp\/v2\/product_cat?post=183718"},{"taxonomy":"product_tag","embeddable":true,"href":"https:\/\/staging.aldeco.pt\/es\/wp-json\/wp\/v2\/product_tag?post=183718"}],"curies":[{"name":"wp","href":"https:\/\/api.w.org\/{rel}","templated":true}]}}