{"id":183684,"date":"2024-05-09T20:25:20","date_gmt":"2024-05-09T20:25:20","guid":{"rendered":"https:\/\/aldeco.pt\/staging\/product\/gorgeous\/"},"modified":"2024-08-29T14:46:10","modified_gmt":"2024-08-29T14:46:10","slug":"gorgeous","status":"publish","type":"product","link":"https:\/\/staging.aldeco.pt\/es\/product\/gorgeous\/","title":{"rendered":"GORGEOUS"},"content":{"rendered":"<p>Casi como una deconstrucci\u00f3n de los ejes de madera. Gorgeous nos sorprende con un dise\u00f1o geom\u00e9trico disponible en 8 colores.<\/p>\n","protected":false},"excerpt":{"rendered":"<p>Gorgeous es casi como una deconstrucci\u00f3n de los ejes de madera. Esta tela nos sorprende con un dise\u00f1o geom\u00e9trico disponible en 8 colores.<\/p>\n<h2>Gorgeous es casi como una deconstrucci\u00f3n de los ejes de madera. Esta tela nos sorprende con un dise\u00f1o geom\u00e9trico disponible en 8 colores.<\/h2>\n<p><img fetchpriority=\"high\" decoding=\"async\" class=\"alignnone wp-image-180812 size-medium\" src=\"https:\/\/aldeco.pt\/staging\/wp-content\/uploads\/2024\/01\/T190660001-3-300x200.jpg\" alt=\"Gorgeous - Aldeco\" width=\"300\" height=\"200\"><\/p>\n<p><a href=\"https:\/\/www.instagram.com\/aldeco_interiorfabrics\/\">https:\/\/www.instagram.com\/aldeco_interiorfabrics\/<\/a><\/p>\n<p><a href=\"https:\/\/aldeco.pt\/staging\/product\/gorgeous\/?attribute_pa_aldeco-color=01-nat-linen-shades\">https:\/\/aldeco.pt\/staging\/product\/gorgeous\/?attribute_pa_aldeco-color=01-nat-linen-shades<\/a><\/p>\n","protected":false},"featured_media":158939,"template":"","meta":[],"product_brand":[],"product_cat":[6146],"product_tag":[],"class_list":{"0":"post-183684","1":"product","2":"type-product","3":"status-publish","4":"has-post-thumbnail","6":"product_cat-aldeco-2-es","7":"pa_cleanability-8283","8":"pa_composition-ext-51-vi-25-li-24-pl-es","9":"pa_interior-fabrics-1-es","10":"pa_line-telas","11":"pa_lithfastness-4-es","12":"pa_outdoor-0-es","13":"pa_range-jacquard-es","14":"pa_rapport-horizontal-36-5-es","15":"pa_rapport-vertical-35-5-es","18":"first","19":"instock","20":"purchasable","21":"product-type-variable"},"acf":[],"_links":{"self":[{"href":"https:\/\/staging.aldeco.pt\/es\/wp-json\/wp\/v2\/product\/183684","targetHints":{"allow":["GET"]}}],"collection":[{"href":"https:\/\/staging.aldeco.pt\/es\/wp-json\/wp\/v2\/product"}],"about":[{"href":"https:\/\/staging.aldeco.pt\/es\/wp-json\/wp\/v2\/types\/product"}],"version-history":[{"count":1,"href":"https:\/\/staging.aldeco.pt\/es\/wp-json\/wp\/v2\/product\/183684\/revisions"}],"predecessor-version":[{"id":192454,"href":"https:\/\/staging.aldeco.pt\/es\/wp-json\/wp\/v2\/product\/183684\/revisions\/192454"}],"wp:featuredmedia":[{"embeddable":true,"href":"https:\/\/staging.aldeco.pt\/es\/wp-json\/wp\/v2\/media\/158939"}],"wp:attachment":[{"href":"https:\/\/staging.aldeco.pt\/es\/wp-json\/wp\/v2\/media?parent=183684"}],"wp:term":[{"taxonomy":"product_brand","embeddable":true,"href":"https:\/\/staging.aldeco.pt\/es\/wp-json\/wp\/v2\/product_brand?post=183684"},{"taxonomy":"product_cat","embeddable":true,"href":"https:\/\/staging.aldeco.pt\/es\/wp-json\/wp\/v2\/product_cat?post=183684"},{"taxonomy":"product_tag","embeddable":true,"href":"https:\/\/staging.aldeco.pt\/es\/wp-json\/wp\/v2\/product_tag?post=183684"}],"curies":[{"name":"wp","href":"https:\/\/api.w.org\/{rel}","templated":true}]}}