{"id":183655,"date":"2024-05-09T21:14:41","date_gmt":"2024-05-09T21:14:41","guid":{"rendered":"https:\/\/aldeco.pt\/staging\/product\/nightdream-blackout-fr\/"},"modified":"2024-10-01T16:09:02","modified_gmt":"2024-10-01T16:09:02","slug":"nightdream-blackout-fr","status":"publish","type":"product","link":"https:\/\/staging.aldeco.pt\/es\/product\/nightdream-blackout-fr\/","title":{"rendered":"NIGHTDREAM BLACKOUT FR"},"content":{"rendered":"<p>NIGHTDREAM BLACKOUT FR es una tela blackout de poli\u00e9ster reciclado con un aspecto muy suave y un reverso muy ligero. Presentamos este oscurecedor texturizado ign\u00edfugo muy elegante con un ancho excepcional de 320 cm para techos especialmente altos. Est\u00e1 disponible en 14 colores esenciales.<\/p>\n","protected":false},"excerpt":{"rendered":"<p>NIGHTDREAM BLACKOUT FR es una tela blackout de poli\u00e9ster reciclado con un aspecto muy suave y un reverso muy ligero. Presentamos este oscurecedor texturizado ign\u00edfugo muy elegante con un ancho excepcional de 320 cm para techos especialmente altos. Est\u00e1 disponible en 14 colores esenciales.<\/p>\n<h2>NIGHTDREAM BLACKOUT FR es una tela blackout de poli\u00e9ster reciclado con un aspecto muy suave y un reverso muy ligero. Presentamos este oscurecedor texturizado ign\u00edfugo muy elegante con un ancho excepcional de 320 cm para techos especialmente altos. Est\u00e1 disponible en 14 colores esenciales.<\/h2>\n<p><img fetchpriority=\"high\" decoding=\"async\" class=\"alignnone wp-image-188088 size-medium\" src=\"https:\/\/aldeco.pt\/staging\/wp-content\/uploads\/2024\/01\/T192750002-4-300x200.jpg\" alt=\"Nightdream Blackout FR - Aldeco\" width=\"300\" height=\"200\" \/><\/p>\n<p><a href=\"https:\/\/www.instagram.com\/aldeco_interiorfabrics\/\">https:\/\/www.instagram.com\/aldeco_interiorfabrics\/<\/a><\/p>\n<p><a href=\"https:\/\/aldeco.pt\/staging\/product\/nightdream-blackout-fr\/?attribute_pa_aldeco-color=01-natural-white\">https:\/\/aldeco.pt\/staging\/product\/nightdream-blackout-fr\/?attribute_pa_aldeco-color=01-natural-white<\/a><\/p>\n","protected":false},"featured_media":156287,"template":"","meta":[],"product_brand":[],"product_cat":[6154],"product_tag":[],"class_list":{"0":"post-183655","1":"product","2":"type-product","3":"status-publish","4":"has-post-thumbnail","6":"product_cat-aldeco-smarter-es","7":"pa_cleanability-8283","8":"pa_composition-ext-100-rpl-es","9":"pa_contract-fabrics-1-es","10":"pa_interior-fabrics-1-es","11":"pa_line-telas","12":"pa_lithfastness-5-es","13":"pa_outdoor-0-es","14":"pa_range-blackout-es","15":"pa_range-liso-es","16":"pa_special-treatments-fabrics-1-es","19":"first","20":"instock","21":"purchasable","22":"product-type-variable"},"acf":[],"_links":{"self":[{"href":"https:\/\/staging.aldeco.pt\/es\/wp-json\/wp\/v2\/product\/183655","targetHints":{"allow":["GET"]}}],"collection":[{"href":"https:\/\/staging.aldeco.pt\/es\/wp-json\/wp\/v2\/product"}],"about":[{"href":"https:\/\/staging.aldeco.pt\/es\/wp-json\/wp\/v2\/types\/product"}],"version-history":[{"count":2,"href":"https:\/\/staging.aldeco.pt\/es\/wp-json\/wp\/v2\/product\/183655\/revisions"}],"predecessor-version":[{"id":201743,"href":"https:\/\/staging.aldeco.pt\/es\/wp-json\/wp\/v2\/product\/183655\/revisions\/201743"}],"wp:featuredmedia":[{"embeddable":true,"href":"https:\/\/staging.aldeco.pt\/es\/wp-json\/wp\/v2\/media\/156287"}],"wp:attachment":[{"href":"https:\/\/staging.aldeco.pt\/es\/wp-json\/wp\/v2\/media?parent=183655"}],"wp:term":[{"taxonomy":"product_brand","embeddable":true,"href":"https:\/\/staging.aldeco.pt\/es\/wp-json\/wp\/v2\/product_brand?post=183655"},{"taxonomy":"product_cat","embeddable":true,"href":"https:\/\/staging.aldeco.pt\/es\/wp-json\/wp\/v2\/product_cat?post=183655"},{"taxonomy":"product_tag","embeddable":true,"href":"https:\/\/staging.aldeco.pt\/es\/wp-json\/wp\/v2\/product_tag?post=183655"}],"curies":[{"name":"wp","href":"https:\/\/api.w.org\/{rel}","templated":true}]}}