{"id":183579,"date":"2024-05-09T21:12:34","date_gmt":"2024-05-09T21:12:34","guid":{"rendered":"https:\/\/aldeco.pt\/staging\/product\/nazoni-velvet\/"},"modified":"2024-09-24T09:04:56","modified_gmt":"2024-09-24T09:04:56","slug":"nazoni-velvet","status":"publish","type":"product","link":"https:\/\/staging.aldeco.pt\/es\/product\/nazoni-velvet\/","title":{"rendered":"NAZONI VELVET"},"content":{"rendered":"<p>Es una tela de terciopelo jacquard ideal para tapicer\u00eda y decoraci\u00f3n. Este elegante y pesado terciopelo presenta rayas con un aspecto desigual y desgastado. Esta tela est\u00e1 disponible en 4 hermosas combinaciones de colores.<\/p>\n","protected":false},"excerpt":{"rendered":"<p>Es una tela de terciopelo jacquard ideal para tapicer\u00eda y decoraci\u00f3n. Este elegante y pesado terciopelo presenta rayas con un aspecto desigual y desgastado. Esta tela est\u00e1 disponible en 4 hermosas combinaciones de colores.<\/p>\n<h2>Nazoni es una tela de terciopelo jacquard ideal para tapicer\u00eda y decoraci\u00f3n. Este elegante y pesado terciopelo presenta rayas con un aspecto desigual y desgastado. Esta tela est\u00e1 disponible en 4 hermosas combinaciones de colores.<\/h2>\n<p><img fetchpriority=\"high\" decoding=\"async\" class=\"alignnone wp-image-188063 size-full\" src=\"https:\/\/aldeco.pt\/staging\/wp-content\/uploads\/2024\/03\/T018320001.jpg\" alt=\"Nazoni Velvet - Aldeco\" width=\"300\" height=\"300\" \/><\/p>\n<p><a href=\"https:\/\/www.instagram.com\/aldeco_interiorfabrics\/\">https:\/\/www.instagram.com\/aldeco_interiorfabrics\/<\/a><\/p>\n<p><a href=\"https:\/\/aldeco.pt\/staging\/product\/nazoni-velvet\/?attribute_pa_aldeco-color=1-dramatic-brown\">https:\/\/aldeco.pt\/staging\/product\/nazoni-velvet\/?attribute_pa_aldeco-color=1-dramatic-brown<\/a><\/p>\n<p>&nbsp;<\/p>\n","protected":false},"featured_media":156249,"template":"","meta":[],"product_brand":[],"product_cat":[6146],"product_tag":[],"class_list":{"0":"post-183579","1":"product","2":"type-product","3":"status-publish","4":"has-post-thumbnail","6":"product_cat-aldeco-2-es","7":"pa_cleanability-8283","8":"pa_composition-ext-70-vi-30-pl-es","9":"pa_interior-fabrics-1-es","10":"pa_line-telas","11":"pa_lithfastness-9681","12":"pa_outdoor-0-es","13":"pa_range-jacquard-es","14":"pa_range-terciopelo","15":"pa_rapport-horizontal-35-es","18":"first","19":"instock","20":"purchasable","21":"product-type-variable"},"acf":[],"_links":{"self":[{"href":"https:\/\/staging.aldeco.pt\/es\/wp-json\/wp\/v2\/product\/183579","targetHints":{"allow":["GET"]}}],"collection":[{"href":"https:\/\/staging.aldeco.pt\/es\/wp-json\/wp\/v2\/product"}],"about":[{"href":"https:\/\/staging.aldeco.pt\/es\/wp-json\/wp\/v2\/types\/product"}],"version-history":[{"count":3,"href":"https:\/\/staging.aldeco.pt\/es\/wp-json\/wp\/v2\/product\/183579\/revisions"}],"predecessor-version":[{"id":200788,"href":"https:\/\/staging.aldeco.pt\/es\/wp-json\/wp\/v2\/product\/183579\/revisions\/200788"}],"wp:featuredmedia":[{"embeddable":true,"href":"https:\/\/staging.aldeco.pt\/es\/wp-json\/wp\/v2\/media\/156249"}],"wp:attachment":[{"href":"https:\/\/staging.aldeco.pt\/es\/wp-json\/wp\/v2\/media?parent=183579"}],"wp:term":[{"taxonomy":"product_brand","embeddable":true,"href":"https:\/\/staging.aldeco.pt\/es\/wp-json\/wp\/v2\/product_brand?post=183579"},{"taxonomy":"product_cat","embeddable":true,"href":"https:\/\/staging.aldeco.pt\/es\/wp-json\/wp\/v2\/product_cat?post=183579"},{"taxonomy":"product_tag","embeddable":true,"href":"https:\/\/staging.aldeco.pt\/es\/wp-json\/wp\/v2\/product_tag?post=183579"}],"curies":[{"name":"wp","href":"https:\/\/api.w.org\/{rel}","templated":true}]}}