{"id":183566,"date":"2024-05-09T21:11:16","date_gmt":"2024-05-09T21:11:16","guid":{"rendered":"https:\/\/aldeco.pt\/staging\/product\/modernist-jacquard-velvet\/"},"modified":"2024-10-08T09:59:18","modified_gmt":"2024-10-08T09:59:18","slug":"modernist-jacquard-velvet","status":"publish","type":"product","link":"https:\/\/staging.aldeco.pt\/es\/product\/modernist-jacquard-velvet\/","title":{"rendered":"MODERNIST JACQUARD VELVET"},"content":{"rendered":"<p>Tejido de terciopelo jacquard con formas geom\u00e9tricas con un toque moderno. La rica combinaci\u00f3n de colores da como resultado un terciopelo vibrante y din\u00e1mico.<\/p>\n","protected":false},"excerpt":{"rendered":"<p>Tejido de terciopelo jacquard con formas geom\u00e9tricas con un toque moderno. La rica combinaci\u00f3n de colores da como resultado un terciopelo vibrante y din\u00e1mico.<\/p>\n<h2>Modernist es un tejido de terciopelo jacquard con formas geom\u00e9tricas con un toque moderno. La rica combinaci\u00f3n de colores da como resultado un terciopelo vibrante y din\u00e1mico.<\/h2>\n<p><img fetchpriority=\"high\" decoding=\"async\" class=\"alignnone wp-image-188046 size-medium\" src=\"https:\/\/aldeco.pt\/staging\/wp-content\/uploads\/2024\/03\/T191700001-300x225.jpg\" alt=\"Modernist Jacquard Velvet - Aldeco\" width=\"300\" height=\"225\" \/><\/p>\n<p><a href=\"https:\/\/www.instagram.com\/aldeco_interiorfabrics\/\">https:\/\/www.instagram.com\/aldeco_interiorfabrics\/<\/a><\/p>\n<p><a href=\"https:\/\/aldeco.pt\/staging\/product\/modernist-jacquard-velvet\/?attribute_pa_aldeco-color=01-greige\">https:\/\/aldeco.pt\/staging\/product\/modernist-jacquard-velvet\/?attribute_pa_aldeco-color=01-greige<\/a><\/p>\n","protected":false},"featured_media":159615,"template":"","meta":[],"product_brand":[],"product_cat":[6146],"product_tag":[],"class_list":{"0":"post-183566","1":"product","2":"type-product","3":"status-publish","4":"has-post-thumbnail","6":"product_cat-aldeco-2-es","7":"pa_cleanability-8283","8":"pa_composition-ext-81-vi-17-pl-2-co-es","9":"pa_interior-fabrics-1-es","10":"pa_line-telas","11":"pa_lithfastness-9681","12":"pa_outdoor-0-es","13":"pa_range-jacquard-es","14":"pa_range-terciopelo","15":"pa_rapport-horizontal-17-5-es","16":"pa_rapport-vertical-27-6-es","19":"first","20":"instock","21":"purchasable","22":"product-type-variable"},"acf":[],"_links":{"self":[{"href":"https:\/\/staging.aldeco.pt\/es\/wp-json\/wp\/v2\/product\/183566","targetHints":{"allow":["GET"]}}],"collection":[{"href":"https:\/\/staging.aldeco.pt\/es\/wp-json\/wp\/v2\/product"}],"about":[{"href":"https:\/\/staging.aldeco.pt\/es\/wp-json\/wp\/v2\/types\/product"}],"version-history":[{"count":2,"href":"https:\/\/staging.aldeco.pt\/es\/wp-json\/wp\/v2\/product\/183566\/revisions"}],"predecessor-version":[{"id":202189,"href":"https:\/\/staging.aldeco.pt\/es\/wp-json\/wp\/v2\/product\/183566\/revisions\/202189"}],"wp:featuredmedia":[{"embeddable":true,"href":"https:\/\/staging.aldeco.pt\/es\/wp-json\/wp\/v2\/media\/159615"}],"wp:attachment":[{"href":"https:\/\/staging.aldeco.pt\/es\/wp-json\/wp\/v2\/media?parent=183566"}],"wp:term":[{"taxonomy":"product_brand","embeddable":true,"href":"https:\/\/staging.aldeco.pt\/es\/wp-json\/wp\/v2\/product_brand?post=183566"},{"taxonomy":"product_cat","embeddable":true,"href":"https:\/\/staging.aldeco.pt\/es\/wp-json\/wp\/v2\/product_cat?post=183566"},{"taxonomy":"product_tag","embeddable":true,"href":"https:\/\/staging.aldeco.pt\/es\/wp-json\/wp\/v2\/product_tag?post=183566"}],"curies":[{"name":"wp","href":"https:\/\/api.w.org\/{rel}","templated":true}]}}