{"id":183515,"date":"2024-05-09T21:10:45","date_gmt":"2024-05-09T21:10:45","guid":{"rendered":"https:\/\/aldeco.pt\/staging\/product\/miter-jacquard-velvet\/"},"modified":"2024-08-29T14:43:27","modified_gmt":"2024-08-29T14:43:27","slug":"miter-jacquard-velvet","status":"publish","type":"product","link":"https:\/\/staging.aldeco.pt\/es\/product\/miter-jacquard-velvet\/","title":{"rendered":"MITER JACQUARD VELVET"},"content":{"rendered":"<p>Terciopelo Jacquard con dise\u00f1o geom\u00e9trico, donde la geometr\u00eda es el marco, con martindale 25.000 CC y un ancho de 140 cm.<br \/>\nDisponible en 7 colores que coordinan perfectamente con los colores de esta colecci\u00f3n.<\/p>\n","protected":false},"excerpt":{"rendered":"<p>Terciopelo Jacquard con dise\u00f1o geom\u00e9trico, donde la geometr\u00eda es el marco, con martindale 25.000 CC y un ancho de 140 cm.<br \/>\nDisponible en 7 colores que coordinan perfectamente con los colores de esta colecci\u00f3n.<\/p>\n<h2>Miter terciopelo jacquard con dise\u00f1o geom\u00e9trico, donde la geometr\u00eda es el marco, con martindale 25.000 CC y un ancho de 140 cm.<br \/>\nDisponible en 7 colores que coordinan perfectamente con los colores de esta colecci\u00f3n.<\/h2>\n<p><img fetchpriority=\"high\" decoding=\"async\" class=\"alignnone wp-image-188041 size-medium\" src=\"https:\/\/aldeco.pt\/staging\/wp-content\/uploads\/2024\/03\/T019680001-300x240.jpg\" alt=\"Miter Jacquard Velvet - Aldeco\" width=\"300\" height=\"240\"><\/p>\n<p><a href=\"https:\/\/www.instagram.com\/aldeco_interiorfabrics\/\">https:\/\/www.instagram.com\/aldeco_interiorfabrics\/<\/a><\/p>\n<p><a href=\"https:\/\/aldeco.pt\/staging\/product\/miter-jacquard-velvet\/?attribute_pa_aldeco-color=01-white-bone\">https:\/\/aldeco.pt\/staging\/product\/miter-jacquard-velvet\/?attribute_pa_aldeco-color=01-white-bone<\/a><\/p>\n","protected":false},"featured_media":156223,"template":"","meta":[],"product_brand":[],"product_cat":[6146],"product_tag":[],"class_list":{"0":"post-183515","1":"product","2":"type-product","3":"status-publish","4":"has-post-thumbnail","6":"product_cat-aldeco-2-es","7":"pa_cleanability-8283","8":"pa_composition-ext-63-vi-17-pl-20-co-es","9":"pa_interior-fabrics-1-es","10":"pa_line-telas","11":"pa_lithfastness-9681","12":"pa_outdoor-0-es","13":"pa_range-jacquard-es","14":"pa_range-terciopelo","15":"pa_rapport-horizontal-18-es","16":"pa_rapport-vertical-9-5-es","19":"first","20":"instock","21":"purchasable","22":"product-type-variable"},"acf":[],"_links":{"self":[{"href":"https:\/\/staging.aldeco.pt\/es\/wp-json\/wp\/v2\/product\/183515","targetHints":{"allow":["GET"]}}],"collection":[{"href":"https:\/\/staging.aldeco.pt\/es\/wp-json\/wp\/v2\/product"}],"about":[{"href":"https:\/\/staging.aldeco.pt\/es\/wp-json\/wp\/v2\/types\/product"}],"version-history":[{"count":1,"href":"https:\/\/staging.aldeco.pt\/es\/wp-json\/wp\/v2\/product\/183515\/revisions"}],"predecessor-version":[{"id":192755,"href":"https:\/\/staging.aldeco.pt\/es\/wp-json\/wp\/v2\/product\/183515\/revisions\/192755"}],"wp:featuredmedia":[{"embeddable":true,"href":"https:\/\/staging.aldeco.pt\/es\/wp-json\/wp\/v2\/media\/156223"}],"wp:attachment":[{"href":"https:\/\/staging.aldeco.pt\/es\/wp-json\/wp\/v2\/media?parent=183515"}],"wp:term":[{"taxonomy":"product_brand","embeddable":true,"href":"https:\/\/staging.aldeco.pt\/es\/wp-json\/wp\/v2\/product_brand?post=183515"},{"taxonomy":"product_cat","embeddable":true,"href":"https:\/\/staging.aldeco.pt\/es\/wp-json\/wp\/v2\/product_cat?post=183515"},{"taxonomy":"product_tag","embeddable":true,"href":"https:\/\/staging.aldeco.pt\/es\/wp-json\/wp\/v2\/product_tag?post=183515"}],"curies":[{"name":"wp","href":"https:\/\/api.w.org\/{rel}","templated":true}]}}