{"id":183497,"date":"2024-05-09T21:10:12","date_gmt":"2024-05-09T21:10:12","guid":{"rendered":"https:\/\/aldeco.pt\/staging\/product\/misty\/"},"modified":"2024-10-02T16:15:03","modified_gmt":"2024-10-02T16:15:03","slug":"misty","status":"publish","type":"product","link":"https:\/\/staging.aldeco.pt\/es\/product\/misty\/","title":{"rendered":"MISTY"},"content":{"rendered":"<p>Tela jacquard con estructura que simboliza la parte m\u00e1s dram\u00e1tica y misteriosa de esta colecci\u00f3n. Queremos que el &#8220;Faux finish&#8221; tenga mucho protagonismo.<\/p>\n","protected":false},"excerpt":{"rendered":"<p>Tela jacquard con estructura que simboliza la parte m\u00e1s dram\u00e1tica y misteriosa de esta colecci\u00f3n. Queremos que el &#8220;Faux finish&#8221; tenga mucho protagonismo.<\/p>\n<h2>Misty es una tela jacquard con estructura que simboliza la parte m\u00e1s dram\u00e1tica y misteriosa de esta colecci\u00f3n. Queremos que el &#8220;Faux finish&#8221; tenga mucho protagonismo.<\/h2>\n<p><img fetchpriority=\"high\" decoding=\"async\" class=\"alignnone wp-image-188037 size-medium\" src=\"https:\/\/aldeco.pt\/staging\/wp-content\/uploads\/2024\/03\/T019950001-300x240.jpg\" alt=\"Misty - Aldeco\" width=\"300\" height=\"240\" \/><\/p>\n<p><a href=\"https:\/\/www.instagram.com\/aldeco_interiorfabrics\/\">https:\/\/www.instagram.com\/aldeco_interiorfabrics\/<\/a><\/p>\n<p><a href=\"https:\/\/aldeco.pt\/staging\/product\/misty\/?attribute_pa_aldeco-color=01-pure-white\">https:\/\/aldeco.pt\/staging\/product\/misty\/?attribute_pa_aldeco-color=01-pure-white<\/a><\/p>\n<p>&nbsp;<\/p>\n","protected":false},"featured_media":156211,"template":"","meta":[],"product_brand":[],"product_cat":[6146],"product_tag":[],"class_list":{"0":"post-183497","1":"product","2":"type-product","3":"status-publish","4":"has-post-thumbnail","6":"product_cat-aldeco-2-es","7":"pa_cleanability-8283","8":"pa_composition-ext-38-pl-33-pa-21-wo-8-vi-es","9":"pa_interior-fabrics-1-es","10":"pa_line-telas","11":"pa_lithfastness-9681","12":"pa_outdoor-0-es","13":"pa_range-jacquard-es","14":"pa_range-satin-es","15":"pa_rapport-horizontal-48-es","16":"pa_rapport-vertical-53-es","19":"first","20":"instock","21":"purchasable","22":"product-type-variable"},"acf":[],"_links":{"self":[{"href":"https:\/\/staging.aldeco.pt\/es\/wp-json\/wp\/v2\/product\/183497","targetHints":{"allow":["GET"]}}],"collection":[{"href":"https:\/\/staging.aldeco.pt\/es\/wp-json\/wp\/v2\/product"}],"about":[{"href":"https:\/\/staging.aldeco.pt\/es\/wp-json\/wp\/v2\/types\/product"}],"version-history":[{"count":2,"href":"https:\/\/staging.aldeco.pt\/es\/wp-json\/wp\/v2\/product\/183497\/revisions"}],"predecessor-version":[{"id":201878,"href":"https:\/\/staging.aldeco.pt\/es\/wp-json\/wp\/v2\/product\/183497\/revisions\/201878"}],"wp:featuredmedia":[{"embeddable":true,"href":"https:\/\/staging.aldeco.pt\/es\/wp-json\/wp\/v2\/media\/156211"}],"wp:attachment":[{"href":"https:\/\/staging.aldeco.pt\/es\/wp-json\/wp\/v2\/media?parent=183497"}],"wp:term":[{"taxonomy":"product_brand","embeddable":true,"href":"https:\/\/staging.aldeco.pt\/es\/wp-json\/wp\/v2\/product_brand?post=183497"},{"taxonomy":"product_cat","embeddable":true,"href":"https:\/\/staging.aldeco.pt\/es\/wp-json\/wp\/v2\/product_cat?post=183497"},{"taxonomy":"product_tag","embeddable":true,"href":"https:\/\/staging.aldeco.pt\/es\/wp-json\/wp\/v2\/product_tag?post=183497"}],"curies":[{"name":"wp","href":"https:\/\/api.w.org\/{rel}","templated":true}]}}