{"id":183453,"date":"2024-05-09T21:08:13","date_gmt":"2024-05-09T21:08:13","guid":{"rendered":"https:\/\/aldeco.pt\/staging\/product\/minimalism-fr\/"},"modified":"2024-10-07T15:54:00","modified_gmt":"2024-10-07T15:54:00","slug":"minimalism-fr","status":"publish","type":"product","link":"https:\/\/staging.aldeco.pt\/es\/product\/minimalism-fr\/","title":{"rendered":"MINIMALISM FR"},"content":{"rendered":"<p>Minimalism FR es una tela de aspecto muy natural y vers\u00e1til, su peso le da una ca\u00edda fabulosa y se puede usar no solo en cortinas sino tambi\u00e9n en colchas y almohadas decorativas para completar el look. Est\u00e1 disponible en 10 tonos naturales.<\/p>\n","protected":false},"excerpt":{"rendered":"<p>Minimalism FR es una tela de aspecto muy natural y vers\u00e1til, su peso le da una ca\u00edda fabulosa y se puede usar no solo en cortinas sino tambi\u00e9n en colchas y almohadas decorativas para completar el look. Est\u00e1 disponible en 10 tonos naturales.<\/p>\n<h2>Minimalism FR es una tela de aspecto muy natural y vers\u00e1til, su peso le da una ca\u00edda fabulosa y se puede usar no solo en cortinas sino tambi\u00e9n en colchas y almohadas decorativas para completar el look. Est\u00e1 disponible en 10 tonos naturales.<\/h2>\n<p><img fetchpriority=\"high\" decoding=\"async\" class=\"alignnone wp-image-187804 size-medium\" src=\"https:\/\/aldeco.pt\/staging\/wp-content\/uploads\/2024\/01\/T192080001-5-300x300.jpg\" alt=\"Minimalism FR - Aldeco\" width=\"300\" height=\"300\" \/><\/p>\n<p><a href=\"https:\/\/www.instagram.com\/aldeco_interiorfabrics\/\">https:\/\/www.instagram.com\/aldeco_interiorfabrics\/<\/a><\/p>\n<p><a href=\"https:\/\/aldeco.pt\/staging\/product\/minimalism-fr\/?attribute_pa_aldeco-color=01-winter\">https:\/\/aldeco.pt\/staging\/product\/minimalism-fr\/?attribute_pa_aldeco-color=01-winter<\/a><\/p>\n","protected":false},"featured_media":159560,"template":"","meta":[],"product_brand":[],"product_cat":[6154],"product_tag":[],"class_list":{"0":"post-183453","1":"product","2":"type-product","3":"status-publish","4":"has-post-thumbnail","6":"product_cat-aldeco-smarter-es","7":"pa_cleanability-8283","8":"pa_composition-ext-71-pl-29-co-es","9":"pa_contract-fabrics-1-es","10":"pa_interior-fabrics-1-es","11":"pa_line-telas","12":"pa_lithfastness-4-es","13":"pa_outdoor-0-es","14":"pa_range-liso-es","15":"pa_range-tintado-en-pieza","16":"pa_special-treatments-fabrics-1-es","17":"pa_sustainable-fabrics-1-es","20":"first","21":"instock","22":"purchasable","23":"product-type-variable"},"acf":[],"_links":{"self":[{"href":"https:\/\/staging.aldeco.pt\/es\/wp-json\/wp\/v2\/product\/183453","targetHints":{"allow":["GET"]}}],"collection":[{"href":"https:\/\/staging.aldeco.pt\/es\/wp-json\/wp\/v2\/product"}],"about":[{"href":"https:\/\/staging.aldeco.pt\/es\/wp-json\/wp\/v2\/types\/product"}],"version-history":[{"count":3,"href":"https:\/\/staging.aldeco.pt\/es\/wp-json\/wp\/v2\/product\/183453\/revisions"}],"predecessor-version":[{"id":202170,"href":"https:\/\/staging.aldeco.pt\/es\/wp-json\/wp\/v2\/product\/183453\/revisions\/202170"}],"wp:featuredmedia":[{"embeddable":true,"href":"https:\/\/staging.aldeco.pt\/es\/wp-json\/wp\/v2\/media\/159560"}],"wp:attachment":[{"href":"https:\/\/staging.aldeco.pt\/es\/wp-json\/wp\/v2\/media?parent=183453"}],"wp:term":[{"taxonomy":"product_brand","embeddable":true,"href":"https:\/\/staging.aldeco.pt\/es\/wp-json\/wp\/v2\/product_brand?post=183453"},{"taxonomy":"product_cat","embeddable":true,"href":"https:\/\/staging.aldeco.pt\/es\/wp-json\/wp\/v2\/product_cat?post=183453"},{"taxonomy":"product_tag","embeddable":true,"href":"https:\/\/staging.aldeco.pt\/es\/wp-json\/wp\/v2\/product_tag?post=183453"}],"curies":[{"name":"wp","href":"https:\/\/api.w.org\/{rel}","templated":true}]}}