{"id":183423,"date":"2024-05-09T21:08:41","date_gmt":"2024-05-09T21:08:41","guid":{"rendered":"https:\/\/aldeco.pt\/staging\/product\/mirabillis\/"},"modified":"2024-08-29T14:43:30","modified_gmt":"2024-08-29T14:43:30","slug":"mirabillis","status":"publish","type":"product","link":"https:\/\/staging.aldeco.pt\/es\/product\/mirabillis\/","title":{"rendered":"MIRABILLIS"},"content":{"rendered":"<p>Este bordado vibrante y extravagante est\u00e1 inspirado en el arte folcl\u00f3rico y los trajes tradicionales portugueses. Caracterizado por el uso atrevido de colores y motivos que enfatizan p\u00e1jaros, flores y una elaborada decoraci\u00f3n bordada, este dise\u00f1o tiene un toque moderno con hojas tropicales, frutas y animales. Es un raso bordado te\u00f1ido con hilos.<\/p>\n","protected":false},"excerpt":{"rendered":"<p>Este bordado vibrante y extravagante est\u00e1 inspirado en el arte folcl\u00f3rico y los trajes tradicionales portugueses. Caracterizado por el uso atrevido de colores y motivos que enfatizan p\u00e1jaros, flores y una elaborada decoraci\u00f3n bordada, este dise\u00f1o tiene un toque moderno con hojas tropicales, frutas y animales. Es un raso bordado te\u00f1ido con hilos.<\/p>\n<h2>Mirabillis, este bordado vibrante y extravagante est\u00e1 inspirado en el arte folcl\u00f3rico y los trajes tradicionales portugueses. Caracterizado por el uso atrevido de colores y motivos que enfatizan p\u00e1jaros, flores y una elaborada decoraci\u00f3n bordada, este dise\u00f1o tiene un toque moderno con hojas tropicales, frutas y animales. Es un raso bordado te\u00f1ido con hilos.<\/h2>\n<p><img fetchpriority=\"high\" decoding=\"async\" class=\"alignnone wp-image-187905 size-medium\" src=\"https:\/\/aldeco.pt\/staging\/wp-content\/uploads\/2024\/03\/T191790001-300x225.jpg\" alt=\"Mirabillis - Aldeco\" width=\"300\" height=\"225\"><\/p>\n<p><a href=\"https:\/\/www.instagram.com\/aldeco_interiorfabrics\/\">https:\/\/www.instagram.com\/aldeco_interiorfabrics\/<\/a><\/p>\n<p><a href=\"https:\/\/aldeco.pt\/staging\/product\/mirabillis\/?attribute_pa_aldeco-color=01-taupe-dream\">https:\/\/aldeco.pt\/staging\/product\/mirabillis\/?attribute_pa_aldeco-color=01-taupe-dream<\/a><\/p>\n","protected":false},"featured_media":156161,"template":"","meta":[],"product_brand":[],"product_cat":[6146],"product_tag":[],"class_list":{"0":"post-183423","1":"product","2":"type-product","3":"status-publish","4":"has-post-thumbnail","6":"product_cat-aldeco-2-es","7":"pa_cleanability-8283","8":"pa_composition-ext-54-co-46-pl-es","9":"pa_interior-fabrics-1-es","10":"pa_line-telas","11":"pa_lithfastness-4-es","12":"pa_outdoor-0-es","13":"pa_range-bordado-es","14":"pa_range-satin-es","15":"pa_rapport-horizontal-64-5-es","16":"pa_rapport-vertical-76-es","19":"first","20":"instock","21":"purchasable","22":"product-type-variable"},"acf":[],"_links":{"self":[{"href":"https:\/\/staging.aldeco.pt\/es\/wp-json\/wp\/v2\/product\/183423","targetHints":{"allow":["GET"]}}],"collection":[{"href":"https:\/\/staging.aldeco.pt\/es\/wp-json\/wp\/v2\/product"}],"about":[{"href":"https:\/\/staging.aldeco.pt\/es\/wp-json\/wp\/v2\/types\/product"}],"version-history":[{"count":1,"href":"https:\/\/staging.aldeco.pt\/es\/wp-json\/wp\/v2\/product\/183423\/revisions"}],"predecessor-version":[{"id":192752,"href":"https:\/\/staging.aldeco.pt\/es\/wp-json\/wp\/v2\/product\/183423\/revisions\/192752"}],"wp:featuredmedia":[{"embeddable":true,"href":"https:\/\/staging.aldeco.pt\/es\/wp-json\/wp\/v2\/media\/156161"}],"wp:attachment":[{"href":"https:\/\/staging.aldeco.pt\/es\/wp-json\/wp\/v2\/media?parent=183423"}],"wp:term":[{"taxonomy":"product_brand","embeddable":true,"href":"https:\/\/staging.aldeco.pt\/es\/wp-json\/wp\/v2\/product_brand?post=183423"},{"taxonomy":"product_cat","embeddable":true,"href":"https:\/\/staging.aldeco.pt\/es\/wp-json\/wp\/v2\/product_cat?post=183423"},{"taxonomy":"product_tag","embeddable":true,"href":"https:\/\/staging.aldeco.pt\/es\/wp-json\/wp\/v2\/product_tag?post=183423"}],"curies":[{"name":"wp","href":"https:\/\/api.w.org\/{rel}","templated":true}]}}