{"id":183394,"date":"2024-05-09T21:07:18","date_gmt":"2024-05-09T21:07:18","guid":{"rendered":"https:\/\/aldeco.pt\/staging\/product\/mindset-wlb\/"},"modified":"2024-08-29T14:43:33","modified_gmt":"2024-08-29T14:43:33","slug":"mindset-wlb","status":"publish","type":"product","link":"https:\/\/staging.aldeco.pt\/es\/product\/mindset-wlb\/","title":{"rendered":"MINDSET WLB"},"content":{"rendered":"<p>MINDSET WLB es un tejido elegante pero pesado con una maravillosa ca\u00edda, adecuado para cortinas. Est\u00e1 disponible en 5 colores muy naturales. Ahora disponible con hilo de plomo ecol\u00f3gico.<\/p>\n","protected":false},"excerpt":{"rendered":"<p>MINDSET WLB es un tejido elegante pero pesado con una maravillosa ca\u00edda, adecuado para cortinas. Est\u00e1 disponible en 5 colores muy naturales. Ahora disponible con hilo de plomo ecol\u00f3gico.<\/p>\n<h2>MINDSET WLB es un tejido elegante pero pesado con una maravillosa ca\u00edda, adecuado para cortinas. Est\u00e1 disponible en 5 colores muy naturales. Ahora disponible con hilo de plomo ecol\u00f3gico.<\/h2>\n<p><img fetchpriority=\"high\" decoding=\"async\" class=\"alignnone wp-image-187783 size-medium\" src=\"https:\/\/aldeco.pt\/staging\/wp-content\/uploads\/2024\/01\/T192200001-5-300x200.jpg\" alt=\"Mindset Wlb - Aldeco\" width=\"300\" height=\"200\"><\/p>\n<p><a href=\"https:\/\/www.instagram.com\/aldeco_interiorfabrics\/\">https:\/\/www.instagram.com\/aldeco_interiorfabrics\/<\/a><\/p>\n<p><a href=\"https:\/\/aldeco.pt\/staging\/product\/mindset-wlb\/?attribute_pa_aldeco-color=01-natural-white\">https:\/\/aldeco.pt\/staging\/product\/mindset-wlb\/?attribute_pa_aldeco-color=01-natural-white<\/a><\/p>\n","protected":false},"featured_media":159553,"template":"","meta":[],"product_brand":[],"product_cat":[6154],"product_tag":[],"class_list":{"0":"post-183394","1":"product","2":"type-product","3":"status-publish","4":"has-post-thumbnail","6":"product_cat-aldeco-smarter-es","7":"pa_cleanability-8283","8":"pa_composition-ext-100-pl-es","9":"pa_interior-fabrics-1-es","10":"pa_line-telas","11":"pa_lithfastness-4-es","12":"pa_outdoor-0-es","13":"pa_range-liso-es","14":"pa_range-transparencias","17":"first","18":"instock","19":"purchasable","20":"product-type-variable"},"acf":[],"_links":{"self":[{"href":"https:\/\/staging.aldeco.pt\/es\/wp-json\/wp\/v2\/product\/183394","targetHints":{"allow":["GET"]}}],"collection":[{"href":"https:\/\/staging.aldeco.pt\/es\/wp-json\/wp\/v2\/product"}],"about":[{"href":"https:\/\/staging.aldeco.pt\/es\/wp-json\/wp\/v2\/types\/product"}],"version-history":[{"count":1,"href":"https:\/\/staging.aldeco.pt\/es\/wp-json\/wp\/v2\/product\/183394\/revisions"}],"predecessor-version":[{"id":192748,"href":"https:\/\/staging.aldeco.pt\/es\/wp-json\/wp\/v2\/product\/183394\/revisions\/192748"}],"wp:featuredmedia":[{"embeddable":true,"href":"https:\/\/staging.aldeco.pt\/es\/wp-json\/wp\/v2\/media\/159553"}],"wp:attachment":[{"href":"https:\/\/staging.aldeco.pt\/es\/wp-json\/wp\/v2\/media?parent=183394"}],"wp:term":[{"taxonomy":"product_brand","embeddable":true,"href":"https:\/\/staging.aldeco.pt\/es\/wp-json\/wp\/v2\/product_brand?post=183394"},{"taxonomy":"product_cat","embeddable":true,"href":"https:\/\/staging.aldeco.pt\/es\/wp-json\/wp\/v2\/product_cat?post=183394"},{"taxonomy":"product_tag","embeddable":true,"href":"https:\/\/staging.aldeco.pt\/es\/wp-json\/wp\/v2\/product_tag?post=183394"}],"curies":[{"name":"wp","href":"https:\/\/api.w.org\/{rel}","templated":true}]}}