{"id":183348,"date":"2024-05-09T21:04:19","date_gmt":"2024-05-09T21:04:19","guid":{"rendered":"https:\/\/aldeco.pt\/staging\/product\/miami\/"},"modified":"2024-08-29T14:43:35","modified_gmt":"2024-08-29T14:43:35","slug":"miami","status":"publish","type":"product","link":"https:\/\/staging.aldeco.pt\/es\/product\/miami\/","title":{"rendered":"MIAMI"},"content":{"rendered":"<p>Esta tela de tapicer\u00eda y decoraci\u00f3n est\u00e1 compuesta de lino y viscosa, resultando en una tela con un aspecto muy natural de lino. Esta tela est\u00e1 disponible en 12 colores.<\/p>\n","protected":false},"excerpt":{"rendered":"<p>Esta tela de tapicer\u00eda y decoraci\u00f3n est\u00e1 compuesta de lino y viscosa, resultando en una tela con un aspecto muy natural de lino. Esta tela est\u00e1 disponible en 12 colores.<\/p>\n<h2>Miami, esta tela de tapicer\u00eda y decoraci\u00f3n est\u00e1 compuesta de lino y viscosa, resultando en una tela con un aspecto muy natural de lino. Esta tela est\u00e1 disponible en 12 colores.<\/h2>\n<p><img fetchpriority=\"high\" decoding=\"async\" class=\"alignnone wp-image-81701 size-medium\" src=\"https:\/\/aldeco.pt\/staging\/wp-content\/uploads\/2024\/01\/T016610001-300x280.jpg\" alt=\"Miami - Aldeco\" width=\"300\" height=\"280\"><\/p>\n<p><a href=\"https:\/\/www.instagram.com\/aldeco_interiorfabrics\/\">https:\/\/www.instagram.com\/aldeco_interiorfabrics\/<\/a><\/p>\n<p><a href=\"https:\/\/aldeco.pt\/staging\/product\/miami\/?attribute_pa_aldeco-color=1\">https:\/\/aldeco.pt\/staging\/product\/miami\/?attribute_pa_aldeco-color=1<\/a><\/p>\n","protected":false},"featured_media":168256,"template":"","meta":[],"product_brand":[],"product_cat":[6146],"product_tag":[],"class_list":{"0":"post-183348","1":"product","2":"type-product","3":"status-publish","4":"has-post-thumbnail","6":"product_cat-aldeco-2-es","7":"pa_cleanability-8283","8":"pa_composition-ext-70-vi-30-li-es","9":"pa_interior-fabrics-1-es","10":"pa_line-telas","11":"pa_lithfastness-4-5-es","12":"pa_outdoor-0-es","13":"pa_range-liso-es","16":"first","17":"instock","18":"purchasable","19":"product-type-variable"},"acf":[],"_links":{"self":[{"href":"https:\/\/staging.aldeco.pt\/es\/wp-json\/wp\/v2\/product\/183348","targetHints":{"allow":["GET"]}}],"collection":[{"href":"https:\/\/staging.aldeco.pt\/es\/wp-json\/wp\/v2\/product"}],"about":[{"href":"https:\/\/staging.aldeco.pt\/es\/wp-json\/wp\/v2\/types\/product"}],"version-history":[{"count":1,"href":"https:\/\/staging.aldeco.pt\/es\/wp-json\/wp\/v2\/product\/183348\/revisions"}],"predecessor-version":[{"id":192714,"href":"https:\/\/staging.aldeco.pt\/es\/wp-json\/wp\/v2\/product\/183348\/revisions\/192714"}],"wp:featuredmedia":[{"embeddable":true,"href":"https:\/\/staging.aldeco.pt\/es\/wp-json\/wp\/v2\/media\/168256"}],"wp:attachment":[{"href":"https:\/\/staging.aldeco.pt\/es\/wp-json\/wp\/v2\/media?parent=183348"}],"wp:term":[{"taxonomy":"product_brand","embeddable":true,"href":"https:\/\/staging.aldeco.pt\/es\/wp-json\/wp\/v2\/product_brand?post=183348"},{"taxonomy":"product_cat","embeddable":true,"href":"https:\/\/staging.aldeco.pt\/es\/wp-json\/wp\/v2\/product_cat?post=183348"},{"taxonomy":"product_tag","embeddable":true,"href":"https:\/\/staging.aldeco.pt\/es\/wp-json\/wp\/v2\/product_tag?post=183348"}],"curies":[{"name":"wp","href":"https:\/\/api.w.org\/{rel}","templated":true}]}}