{"id":183340,"date":"2024-05-09T21:02:52","date_gmt":"2024-05-09T21:02:52","guid":{"rendered":"https:\/\/aldeco.pt\/staging\/product\/melody\/"},"modified":"2024-08-29T14:43:38","modified_gmt":"2024-08-29T14:43:38","slug":"melody","status":"publish","type":"product","link":"https:\/\/staging.aldeco.pt\/es\/product\/melody\/","title":{"rendered":"MELODY"},"content":{"rendered":"<p>Tejido de doble ancho muy vers\u00e1til y de textura ligera. deal para cortinas y mantas. Est\u00e1 disponible en 11 colores muy vers\u00e1tiles.<\/p>\n","protected":false},"excerpt":{"rendered":"<p>Tejido de doble ancho muy vers\u00e1til y de textura ligera. deal para cortinas y mantas. Est\u00e1 disponible en 11 colores muy vers\u00e1tiles.<\/p>\n<h2>MELODY tejido de doble ancho muy vers\u00e1til y de textura ligera. deal para cortinas y mantas. Est\u00e1 disponible en 11 colores muy vers\u00e1tiles.<\/h2>\n<p><img fetchpriority=\"high\" decoding=\"async\" class=\"alignnone wp-image-187689 size-medium\" src=\"https:\/\/aldeco.pt\/staging\/wp-content\/uploads\/2024\/01\/T191190001-4-300x212.jpg\" alt=\"Melody - Aldeco\" width=\"300\" height=\"212\"><\/p>\n<p><a href=\"https:\/\/www.instagram.com\/aldeco_interiorfabrics\/\">https:\/\/www.instagram.com\/aldeco_interiorfabrics\/<\/a><\/p>\n<p><a href=\"https:\/\/aldeco.pt\/staging\/product\/melody\/?attribute_pa_aldeco-color=01-ivory\">https:\/\/aldeco.pt\/staging\/product\/melody\/?attribute_pa_aldeco-color=01-ivory<\/a><\/p>\n<p>&nbsp;<\/p>\n<p>&nbsp;<\/p>\n","protected":false},"featured_media":156129,"template":"","meta":[],"product_brand":[],"product_cat":[6146],"product_tag":[],"class_list":{"0":"post-183340","1":"product","2":"type-product","3":"status-publish","4":"has-post-thumbnail","6":"product_cat-aldeco-2-es","7":"pa_cleanability-8283","8":"pa_composition-ext-100-pl-es","9":"pa_interior-fabrics-1-es","10":"pa_line-telas","11":"pa_lithfastness-5-es","12":"pa_outdoor-0-es","13":"pa_range-liso-es","16":"first","17":"instock","18":"purchasable","19":"product-type-variable"},"acf":[],"_links":{"self":[{"href":"https:\/\/staging.aldeco.pt\/es\/wp-json\/wp\/v2\/product\/183340","targetHints":{"allow":["GET"]}}],"collection":[{"href":"https:\/\/staging.aldeco.pt\/es\/wp-json\/wp\/v2\/product"}],"about":[{"href":"https:\/\/staging.aldeco.pt\/es\/wp-json\/wp\/v2\/types\/product"}],"version-history":[{"count":1,"href":"https:\/\/staging.aldeco.pt\/es\/wp-json\/wp\/v2\/product\/183340\/revisions"}],"predecessor-version":[{"id":192699,"href":"https:\/\/staging.aldeco.pt\/es\/wp-json\/wp\/v2\/product\/183340\/revisions\/192699"}],"wp:featuredmedia":[{"embeddable":true,"href":"https:\/\/staging.aldeco.pt\/es\/wp-json\/wp\/v2\/media\/156129"}],"wp:attachment":[{"href":"https:\/\/staging.aldeco.pt\/es\/wp-json\/wp\/v2\/media?parent=183340"}],"wp:term":[{"taxonomy":"product_brand","embeddable":true,"href":"https:\/\/staging.aldeco.pt\/es\/wp-json\/wp\/v2\/product_brand?post=183340"},{"taxonomy":"product_cat","embeddable":true,"href":"https:\/\/staging.aldeco.pt\/es\/wp-json\/wp\/v2\/product_cat?post=183340"},{"taxonomy":"product_tag","embeddable":true,"href":"https:\/\/staging.aldeco.pt\/es\/wp-json\/wp\/v2\/product_tag?post=183340"}],"curies":[{"name":"wp","href":"https:\/\/api.w.org\/{rel}","templated":true}]}}