{"id":183188,"date":"2024-05-09T20:19:56","date_gmt":"2024-05-09T20:19:56","guid":{"rendered":"https:\/\/aldeco.pt\/staging\/product\/georgian-easy-clean\/"},"modified":"2024-09-19T13:12:57","modified_gmt":"2024-09-19T13:12:57","slug":"georgian-easy-clean","status":"publish","type":"product","link":"https:\/\/staging.aldeco.pt\/es\/product\/georgian-easy-clean\/","title":{"rendered":"GEORGIAN EASY CLEAN"},"content":{"rendered":"<p>Gracias a su tecnolog\u00eda protectora especial, DROPEASY te permite aprovechar al m\u00e1ximo tu tiempo libre: se acabaron las largas y costosas sesiones de lavado. DROPEASY es seguro para ti y para el medio ambiente, es completamente no t\u00f3xico y te ayuda a ahorrar agua y detergentes qu\u00edmicos. Su tratamiento protector evita que las sustancias que ensucian penetren en las fibras, permitiendo la eliminaci\u00f3n completa de las manchas m\u00e1s comunes: caf\u00e9, vino, ketchup, crayones de cera, plastilina, tinta, barro, sangre, orina, v\u00f3mito, etc.<\/p>\n","protected":false},"excerpt":{"rendered":"<p>Gracias a su tecnolog\u00eda protectora especial, DROPEASY te permite aprovechar al m\u00e1ximo tu tiempo libre: se acabaron las largas y costosas sesiones de lavado. DROPEASY es seguro para ti y para el medio ambiente, es completamente no t\u00f3xico y te ayuda a ahorrar agua y detergentes qu\u00edmicos. Su tratamiento protector evita que las sustancias que ensucian penetren en las fibras, permitiendo la eliminaci\u00f3n completa de las manchas m\u00e1s comunes: caf\u00e9, vino, ketchup, crayones de cera, plastilina, tinta, barro, sangre, orina, v\u00f3mito, etc.<\/p>\n<h2>Georgian Easy Clean. Gracias a su tecnolog\u00eda protectora especial, DROPEASY te permite aprovechar al m\u00e1ximo tu tiempo libre: se acabaron las largas y costosas sesiones de lavado. DROPEASY es seguro para ti y para el medio ambiente, es completamente no t\u00f3xico y te ayuda a ahorrar agua y detergentes qu\u00edmicos. Su tratamiento protector evita que las sustancias que ensucian penetren en las fibras, permitiendo la eliminaci\u00f3n completa de las manchas m\u00e1s comunes: caf\u00e9, vino, ketchup, crayones de cera, plastilina, tinta, barro, sangre, orina, v\u00f3mito, etc.<\/h2>\n<p><img fetchpriority=\"high\" decoding=\"async\" class=\"alignnone wp-image-180645 size-medium\" src=\"https:\/\/aldeco.pt\/staging\/wp-content\/uploads\/2024\/01\/T191890001-4-300x225.jpg\" alt=\"Georgian Easy Clean - Aldeco\" width=\"300\" height=\"225\" \/><\/p>\n<p><a href=\"https:\/\/www.instagram.com\/aldeco_interiorfabrics\/\">https:\/\/www.instagram.com\/aldeco_interiorfabrics\/<\/a><\/p>\n<p><a href=\"https:\/\/aldeco.pt\/staging\/product\/georgian-easy-clean\/?attribute_pa_aldeco-color=01-natural-white\">https:\/\/aldeco.pt\/staging\/product\/georgian-easy-clean\/?attribute_pa_aldeco-color=01-natural-white<\/a><\/p>\n<p>&nbsp;<\/p>\n<p>&nbsp;<\/p>\n<p>&nbsp;<\/p>\n","protected":false},"featured_media":155523,"template":"","meta":[],"product_brand":[],"product_cat":[6154],"product_tag":[],"class_list":{"0":"post-183188","1":"product","2":"type-product","3":"status-publish","4":"has-post-thumbnail","6":"product_cat-aldeco-smarter-es","7":"pa_cleanability-8283","8":"pa_composition-ext-66-pc-34-pl-es","9":"pa_interior-fabrics-1-es","10":"pa_line-telas","11":"pa_lithfastness-5-es","12":"pa_outdoor-0-es","13":"pa_range-chenilla","14":"pa_range-jacquard-es","15":"pa_range-terciopelo","16":"pa_special-treatments-fabrics-1-es","19":"first","20":"instock","21":"purchasable","22":"product-type-variable"},"acf":[],"_links":{"self":[{"href":"https:\/\/staging.aldeco.pt\/es\/wp-json\/wp\/v2\/product\/183188","targetHints":{"allow":["GET"]}}],"collection":[{"href":"https:\/\/staging.aldeco.pt\/es\/wp-json\/wp\/v2\/product"}],"about":[{"href":"https:\/\/staging.aldeco.pt\/es\/wp-json\/wp\/v2\/types\/product"}],"version-history":[{"count":2,"href":"https:\/\/staging.aldeco.pt\/es\/wp-json\/wp\/v2\/product\/183188\/revisions"}],"predecessor-version":[{"id":200666,"href":"https:\/\/staging.aldeco.pt\/es\/wp-json\/wp\/v2\/product\/183188\/revisions\/200666"}],"wp:featuredmedia":[{"embeddable":true,"href":"https:\/\/staging.aldeco.pt\/es\/wp-json\/wp\/v2\/media\/155523"}],"wp:attachment":[{"href":"https:\/\/staging.aldeco.pt\/es\/wp-json\/wp\/v2\/media?parent=183188"}],"wp:term":[{"taxonomy":"product_brand","embeddable":true,"href":"https:\/\/staging.aldeco.pt\/es\/wp-json\/wp\/v2\/product_brand?post=183188"},{"taxonomy":"product_cat","embeddable":true,"href":"https:\/\/staging.aldeco.pt\/es\/wp-json\/wp\/v2\/product_cat?post=183188"},{"taxonomy":"product_tag","embeddable":true,"href":"https:\/\/staging.aldeco.pt\/es\/wp-json\/wp\/v2\/product_tag?post=183188"}],"curies":[{"name":"wp","href":"https:\/\/api.w.org\/{rel}","templated":true}]}}