{"id":183060,"date":"2024-05-09T19:52:49","date_gmt":"2024-05-09T19:52:49","guid":{"rendered":"https:\/\/aldeco.pt\/staging\/product\/cromatico-fr\/"},"modified":"2024-08-29T14:48:21","modified_gmt":"2024-08-29T14:48:21","slug":"cromatico-fr","status":"publish","type":"product","link":"https:\/\/staging.aldeco.pt\/es\/product\/cromatico-fr\/","title":{"rendered":"CROMATICO FR"},"content":{"rendered":"<p>CROM\u00c1TICO FR es una tela tejida en jacquard e incorpora una mezcla de colores vivos en una trama uniforme con un impacto visual pronunciado. CROM\u00c1TICO FR tiene varios certificados retardantes de llama. Esta tela combina decoraci\u00f3n con gran funcionalidad, y es una tela f\u00e1cil de limpiar, con una excelente prueba de roce y resistencia al pilling. Tiene un 17% de fibras recicladas hechas de botellas PET y residuos post-consumo. Est\u00e1 certificado por OEKO-TEX y cumple con REACH, no contiene sustancias perjudiciales para el medio ambiente. Esta tela est\u00e1 disponible en 6 colores.<\/p>\n","protected":false},"excerpt":{"rendered":"<p>CROM\u00c1TICO FR es una tela tejida en jacquard e incorpora una mezcla de colores vivos en una trama uniforme con un impacto visual pronunciado. CROM\u00c1TICO FR tiene varios certificados retardantes de llama. Esta tela combina decoraci\u00f3n con gran funcionalidad, y es una tela f\u00e1cil de limpiar, con una excelente prueba de roce y resistencia al pilling. Tiene un 17% de fibras recicladas hechas de botellas PET y residuos post-consumo. Est\u00e1 certificado por OEKO-TEX y cumple con REACH, no contiene sustancias perjudiciales para el medio ambiente. Esta tela est\u00e1 disponible en 6 colores.<\/p>\n<h2>CROM\u00c1TICO FR es una tela tejida en jacquard e incorpora una mezcla de colores vivos en una trama uniforme con un impacto visual pronunciado. CROM\u00c1TICO FR tiene varios certificados retardantes de llama. Esta tela combina decoraci\u00f3n con gran funcionalidad, y es una tela f\u00e1cil de limpiar, con una excelente prueba de roce y resistencia al pilling. Tiene un 17% de fibras recicladas hechas de botellas PET y residuos post-consumo. Est\u00e1 certificado por OEKO-TEX y cumple con REACH, no contiene sustancias perjudiciales para el medio ambiente. Esta tela est\u00e1 disponible en 6 colores.<\/h2>\n<p><img fetchpriority=\"high\" decoding=\"async\" class=\"alignnone wp-image-90615 size-medium\" src=\"https:\/\/aldeco.pt\/staging\/wp-content\/uploads\/2024\/01\/T019420005-3-300x300.jpg\" alt=\"Cromatico FR - Aldeco\" width=\"300\" height=\"300\"><\/p>\n<p><a href=\"https:\/\/aldeco.pt\/staging\/product\/cromatico-fr\/?attribute_pa_aldeco-color=2\">https:\/\/aldeco.pt\/staging\/product\/cromatico-fr\/?attribute_pa_aldeco-color=2<\/a><\/p>\n<p><a href=\"https:\/\/www.instagram.com\/aldeco_interiorfabrics\/\">https:\/\/www.instagram.com\/aldeco_interiorfabrics\/<\/a><\/p>\n","protected":false},"featured_media":76701,"template":"","meta":[],"product_brand":[],"product_cat":[6146],"product_tag":[],"class_list":{"0":"post-183060","1":"product","2":"type-product","3":"status-publish","4":"has-post-thumbnail","6":"product_cat-aldeco-2-es","7":"pa_cleanability-8283","8":"pa_composition-ext-60-pp-35-pes-5-co-es","9":"pa_contract-fabrics-1-es","10":"pa_interior-fabrics-1-es","11":"pa_line-telas","12":"pa_lithfastness-5-6-es","13":"pa_outdoor-0-es","14":"pa_range-jacquard-es","15":"pa_sustainable-fabrics-1-es","18":"first","19":"instock","20":"purchasable","21":"product-type-variable"},"acf":[],"_links":{"self":[{"href":"https:\/\/staging.aldeco.pt\/es\/wp-json\/wp\/v2\/product\/183060","targetHints":{"allow":["GET"]}}],"collection":[{"href":"https:\/\/staging.aldeco.pt\/es\/wp-json\/wp\/v2\/product"}],"about":[{"href":"https:\/\/staging.aldeco.pt\/es\/wp-json\/wp\/v2\/types\/product"}],"version-history":[{"count":1,"href":"https:\/\/staging.aldeco.pt\/es\/wp-json\/wp\/v2\/product\/183060\/revisions"}],"predecessor-version":[{"id":191823,"href":"https:\/\/staging.aldeco.pt\/es\/wp-json\/wp\/v2\/product\/183060\/revisions\/191823"}],"wp:featuredmedia":[{"embeddable":true,"href":"https:\/\/staging.aldeco.pt\/es\/wp-json\/wp\/v2\/media\/76701"}],"wp:attachment":[{"href":"https:\/\/staging.aldeco.pt\/es\/wp-json\/wp\/v2\/media?parent=183060"}],"wp:term":[{"taxonomy":"product_brand","embeddable":true,"href":"https:\/\/staging.aldeco.pt\/es\/wp-json\/wp\/v2\/product_brand?post=183060"},{"taxonomy":"product_cat","embeddable":true,"href":"https:\/\/staging.aldeco.pt\/es\/wp-json\/wp\/v2\/product_cat?post=183060"},{"taxonomy":"product_tag","embeddable":true,"href":"https:\/\/staging.aldeco.pt\/es\/wp-json\/wp\/v2\/product_tag?post=183060"}],"curies":[{"name":"wp","href":"https:\/\/api.w.org\/{rel}","templated":true}]}}