{"id":182916,"date":"2024-05-09T19:53:01","date_gmt":"2024-05-09T19:53:01","guid":{"rendered":"https:\/\/aldeco.pt\/staging\/product\/daisy-wlb\/"},"modified":"2024-08-29T14:48:20","modified_gmt":"2024-08-29T14:48:20","slug":"daisy-wlb","status":"publish","type":"product","link":"https:\/\/staging.aldeco.pt\/es\/product\/daisy-wlb\/","title":{"rendered":"DAISY WLB"},"content":{"rendered":"<p>Daisy es una tela estructurada por un elegante micro-motivo geom\u00e9trico que se destaca en una transparencia de tono neutro.<br \/>\nSu ancho es de 320 cm y est\u00e1 hecha de poli\u00e9ster, lana y modal. Esta cortina tiene un tacto suave fant\u00e1stico como el cachemir y tiene una banda de plomo. La paleta de colores est\u00e1 en una escala de colores neutros y suaves.<\/p>\n","protected":false},"excerpt":{"rendered":"<p>Daisy es una tela estructurada por un elegante micro-motivo geom\u00e9trico que se destaca en una transparencia de tono neutro.<br \/>\nSu ancho es de 320 cm y est\u00e1 hecha de poli\u00e9ster, lana y modal. Esta cortina tiene un tacto suave fant\u00e1stico como el cachemir y tiene una banda de plomo. La paleta de colores est\u00e1 en una escala de colores neutros y suaves.<\/p>\n<h2>Daisy Wlb es una tela estructurada por un elegante micro-motivo geom\u00e9trico que se destaca en una transparencia de tono neutro.<br \/>\nSu ancho es de 320 cm y est\u00e1 hecha de poli\u00e9ster, lana y modal. Esta cortina tiene un tacto suave fant\u00e1stico como el cachemir y tiene una banda de plomo. La paleta de colores est\u00e1 en una escala de colores neutros y suaves.<\/h2>\n<p><img fetchpriority=\"high\" decoding=\"async\" class=\"alignnone wp-image-191824 size-medium\" src=\"https:\/\/aldeco.pt\/staging\/wp-content\/uploads\/2024\/03\/T190250001-300x200.jpg\" alt=\"Daisy Wlb - Aldeco\" width=\"300\" height=\"200\"><\/p>\n<p><a href=\"https:\/\/aldeco.pt\/staging\/pt-pt\/product\/daisy-wlb\/?attribute_pa_aldeco-color=01-creamy-cloud-pt-pt\">https:\/\/aldeco.pt\/staging\/pt-pt\/product\/daisy-wlb\/?attribute_pa_aldeco-color=01-creamy-cloud-pt-pt<\/a><\/p>\n<p><a href=\"https:\/\/www.instagram.com\/aldeco_interiorfabrics\/\">https:\/\/www.instagram.com\/aldeco_interiorfabrics\/<\/a><\/p>\n","protected":false},"featured_media":155151,"template":"","meta":[],"product_brand":[],"product_cat":[6146],"product_tag":[],"class_list":{"0":"post-182916","1":"product","2":"type-product","3":"status-publish","4":"has-post-thumbnail","6":"product_cat-aldeco-2-es","7":"pa_cleanability-8283","8":"pa_composition-ext-39-13-pes-12-17-wo-48-70-md-es","9":"pa_interior-fabrics-1-es","10":"pa_line-telas","11":"pa_lithfastness-9681","12":"pa_outdoor-0-es","13":"pa_range-liso-es","14":"pa_range-transparencias","17":"first","18":"instock","19":"purchasable","20":"product-type-variable"},"acf":[],"_links":{"self":[{"href":"https:\/\/staging.aldeco.pt\/es\/wp-json\/wp\/v2\/product\/182916","targetHints":{"allow":["GET"]}}],"collection":[{"href":"https:\/\/staging.aldeco.pt\/es\/wp-json\/wp\/v2\/product"}],"about":[{"href":"https:\/\/staging.aldeco.pt\/es\/wp-json\/wp\/v2\/types\/product"}],"version-history":[{"count":1,"href":"https:\/\/staging.aldeco.pt\/es\/wp-json\/wp\/v2\/product\/182916\/revisions"}],"predecessor-version":[{"id":191829,"href":"https:\/\/staging.aldeco.pt\/es\/wp-json\/wp\/v2\/product\/182916\/revisions\/191829"}],"wp:featuredmedia":[{"embeddable":true,"href":"https:\/\/staging.aldeco.pt\/es\/wp-json\/wp\/v2\/media\/155151"}],"wp:attachment":[{"href":"https:\/\/staging.aldeco.pt\/es\/wp-json\/wp\/v2\/media?parent=182916"}],"wp:term":[{"taxonomy":"product_brand","embeddable":true,"href":"https:\/\/staging.aldeco.pt\/es\/wp-json\/wp\/v2\/product_brand?post=182916"},{"taxonomy":"product_cat","embeddable":true,"href":"https:\/\/staging.aldeco.pt\/es\/wp-json\/wp\/v2\/product_cat?post=182916"},{"taxonomy":"product_tag","embeddable":true,"href":"https:\/\/staging.aldeco.pt\/es\/wp-json\/wp\/v2\/product_tag?post=182916"}],"curies":[{"name":"wp","href":"https:\/\/api.w.org\/{rel}","templated":true}]}}