{"id":182907,"date":"2024-05-09T19:51:24","date_gmt":"2024-05-09T19:51:24","guid":{"rendered":"https:\/\/aldeco.pt\/staging\/product\/criss-cross-fr\/"},"modified":"2024-09-26T11:00:57","modified_gmt":"2024-09-26T11:00:57","slug":"criss-cross-fr","status":"publish","type":"product","link":"https:\/\/staging.aldeco.pt\/es\/product\/criss-cross-fr\/","title":{"rendered":"CRISS CROSS FR"},"content":{"rendered":"<p>Criss Cross FR es una tela inspirada en la cester\u00eda tradicional de mimbre. Es ideal para tapicer\u00eda y uso en proyectos en espacios p\u00fablicos porque es resistente al fuego Disponible en 6 maravillosos colores.<\/p>\n","protected":false},"excerpt":{"rendered":"<p>Criss Cross FR es una tela inspirada en la cester\u00eda tradicional de mimbre. Es ideal para tapicer\u00eda y uso en proyectos en espacios p\u00fablicos porque es resistente al fuego Disponible en 6 maravillosos colores.<\/p>\n<h2>Criss Cross FR es una tela inspirada en la cester\u00eda tradicional de mimbre. Es ideal para tapicer\u00eda y uso en proyectos en espacios p\u00fablicos porque es resistente al fuego Disponible en 6 maravillosos colores.<\/h2>\n<p><img fetchpriority=\"high\" decoding=\"async\" class=\"alignnone wp-image-191809 size-medium\" src=\"https:\/\/aldeco.pt\/staging\/wp-content\/uploads\/2024\/03\/T190100001-300x240.jpg\" alt=\"Criss Cross FR - Aldeco\" width=\"300\" height=\"240\" \/><\/p>\n<p><a href=\"https:\/\/aldeco.pt\/staging\/product\/criss-cross-fr\/?attribute_pa_aldeco-color=01-naturals\">https:\/\/aldeco.pt\/staging\/product\/criss-cross-fr\/?attribute_pa_aldeco-color=01-naturals<\/a><\/p>\n<p><a href=\"https:\/\/www.instagram.com\/aldeco_interiorfabrics\/\">https:\/\/www.instagram.com\/aldeco_interiorfabrics\/<\/a><\/p>\n","protected":false},"featured_media":155145,"template":"","meta":[],"product_brand":[],"product_cat":[6154],"product_tag":[],"class_list":{"0":"post-182907","1":"product","2":"type-product","3":"status-publish","4":"has-post-thumbnail","6":"product_cat-aldeco-smarter-es","7":"pa_cleanability-8283","8":"pa_composition-ext-38-vi-33-co-21-pl-8-li-es","9":"pa_contract-fabrics-1-es","10":"pa_interior-fabrics-1-es","11":"pa_line-telas","12":"pa_lithfastness-4-es","13":"pa_outdoor-0-es","14":"pa_range-coated-es","15":"pa_range-jacquard-es","16":"pa_rapport-horizontal-3-es","17":"pa_rapport-vertical-5-es","18":"pa_special-treatments-fabrics-1-es","21":"first","22":"instock","23":"purchasable","24":"product-type-variable"},"acf":[],"_links":{"self":[{"href":"https:\/\/staging.aldeco.pt\/es\/wp-json\/wp\/v2\/product\/182907","targetHints":{"allow":["GET"]}}],"collection":[{"href":"https:\/\/staging.aldeco.pt\/es\/wp-json\/wp\/v2\/product"}],"about":[{"href":"https:\/\/staging.aldeco.pt\/es\/wp-json\/wp\/v2\/types\/product"}],"version-history":[{"count":2,"href":"https:\/\/staging.aldeco.pt\/es\/wp-json\/wp\/v2\/product\/182907\/revisions"}],"predecessor-version":[{"id":200844,"href":"https:\/\/staging.aldeco.pt\/es\/wp-json\/wp\/v2\/product\/182907\/revisions\/200844"}],"wp:featuredmedia":[{"embeddable":true,"href":"https:\/\/staging.aldeco.pt\/es\/wp-json\/wp\/v2\/media\/155145"}],"wp:attachment":[{"href":"https:\/\/staging.aldeco.pt\/es\/wp-json\/wp\/v2\/media?parent=182907"}],"wp:term":[{"taxonomy":"product_brand","embeddable":true,"href":"https:\/\/staging.aldeco.pt\/es\/wp-json\/wp\/v2\/product_brand?post=182907"},{"taxonomy":"product_cat","embeddable":true,"href":"https:\/\/staging.aldeco.pt\/es\/wp-json\/wp\/v2\/product_cat?post=182907"},{"taxonomy":"product_tag","embeddable":true,"href":"https:\/\/staging.aldeco.pt\/es\/wp-json\/wp\/v2\/product_tag?post=182907"}],"curies":[{"name":"wp","href":"https:\/\/api.w.org\/{rel}","templated":true}]}}