{"id":182841,"date":"2024-05-09T19:49:30","date_gmt":"2024-05-09T19:49:30","guid":{"rendered":"https:\/\/aldeco.pt\/staging\/product\/cordvelvet\/"},"modified":"2024-08-29T14:48:26","modified_gmt":"2024-08-29T14:48:26","slug":"cordvelvet","status":"publish","type":"product","link":"https:\/\/staging.aldeco.pt\/es\/product\/cordvelvet\/","title":{"rendered":"CORDVELVET"},"content":{"rendered":"<p>Cordvelvet es una tela de cortina pesada y tiene una ca\u00edda fenomenal. La textura es casi como un toque de gamuza o piel de melocot\u00f3n. Esta cortina de 297 cm es perfecta para cortinas y crea una raya discreta con efecto stri\u00e9. Presentado en una variedad de 32 colores naturales, modernos y atrevidos.<\/p>\n","protected":false},"excerpt":{"rendered":"<p>Cordvelvet es una tela de cortina pesada y tiene una ca\u00edda fenomenal. La textura es casi como un toque de gamuza o piel de melocot\u00f3n. Esta cortina de 297 cm es perfecta para cortinas y crea una raya discreta con efecto stri\u00e9. Presentado en una variedad de 32 colores naturales, modernos y atrevidos.<\/p>\n<h2>Cordvelvet es una tela de cortina pesada y tiene una ca\u00edda fenomenal. La textura es casi como un toque de gamuza o piel de melocot\u00f3n. Esta cortina de 297 cm es perfecta para cortinas y crea una raya discreta con efecto stri\u00e9. Presentado en una variedad de 32 colores naturales, modernos y atrevidos.<\/h2>\n<p><img fetchpriority=\"high\" decoding=\"async\" class=\"alignnone wp-image-191778 size-medium\" src=\"https:\/\/aldeco.pt\/staging\/wp-content\/uploads\/2024\/01\/T191960001-4-300x225.jpg\" alt=\"Cordvelvet - Aldeco\" width=\"300\" height=\"225\"><\/p>\n<p><a href=\"https:\/\/aldeco.pt\/staging\/product\/cordvelvet\/?attribute_pa_aldeco-color=01-bright-white\">https:\/\/aldeco.pt\/staging\/product\/cordvelvet\/?attribute_pa_aldeco-color=01-bright-white<\/a><\/p>\n<p><a href=\"https:\/\/www.instagram.com\/aldeco_interiorfabrics\/\">https:\/\/www.instagram.com\/aldeco_interiorfabrics\/<\/a><\/p>\n","protected":false},"featured_media":155113,"template":"","meta":[],"product_brand":[],"product_cat":[6154],"product_tag":[],"class_list":{"0":"post-182841","1":"product","2":"type-product","3":"status-publish","4":"has-post-thumbnail","6":"product_cat-aldeco-smarter-es","7":"pa_cleanability-8283","8":"pa_composition-ext-100-pl-es","9":"pa_interior-fabrics-1-es","10":"pa_line-telas","11":"pa_lithfastness-5-es","12":"pa_outdoor-0-es","13":"pa_range-dobby-es","14":"pa_range-terciopelo","15":"pa_rapport-horizontal-16-es","16":"pa_special-treatments-fabrics-1-es","19":"first","20":"instock","21":"purchasable","22":"product-type-variable"},"acf":[],"_links":{"self":[{"href":"https:\/\/staging.aldeco.pt\/es\/wp-json\/wp\/v2\/product\/182841","targetHints":{"allow":["GET"]}}],"collection":[{"href":"https:\/\/staging.aldeco.pt\/es\/wp-json\/wp\/v2\/product"}],"about":[{"href":"https:\/\/staging.aldeco.pt\/es\/wp-json\/wp\/v2\/types\/product"}],"version-history":[{"count":1,"href":"https:\/\/staging.aldeco.pt\/es\/wp-json\/wp\/v2\/product\/182841\/revisions"}],"predecessor-version":[{"id":191783,"href":"https:\/\/staging.aldeco.pt\/es\/wp-json\/wp\/v2\/product\/182841\/revisions\/191783"}],"wp:featuredmedia":[{"embeddable":true,"href":"https:\/\/staging.aldeco.pt\/es\/wp-json\/wp\/v2\/media\/155113"}],"wp:attachment":[{"href":"https:\/\/staging.aldeco.pt\/es\/wp-json\/wp\/v2\/media?parent=182841"}],"wp:term":[{"taxonomy":"product_brand","embeddable":true,"href":"https:\/\/staging.aldeco.pt\/es\/wp-json\/wp\/v2\/product_brand?post=182841"},{"taxonomy":"product_cat","embeddable":true,"href":"https:\/\/staging.aldeco.pt\/es\/wp-json\/wp\/v2\/product_cat?post=182841"},{"taxonomy":"product_tag","embeddable":true,"href":"https:\/\/staging.aldeco.pt\/es\/wp-json\/wp\/v2\/product_tag?post=182841"}],"curies":[{"name":"wp","href":"https:\/\/api.w.org\/{rel}","templated":true}]}}