{"id":182795,"date":"2024-05-09T19:49:26","date_gmt":"2024-05-09T19:49:26","guid":{"rendered":"https:\/\/aldeco.pt\/staging\/product\/confetti\/"},"modified":"2024-10-03T14:09:13","modified_gmt":"2024-10-03T14:09:13","slug":"confetti","status":"publish","type":"product","link":"https:\/\/staging.aldeco.pt\/es\/product\/confetti\/","title":{"rendered":"CONFETTI"},"content":{"rendered":"<p>Hermosa tela para cortinas y decoraci\u00f3n con formas de tri\u00e1ngulos impresos bordados en una base de lino. Las formas semi sueltas son extremadamente estimulantes para ni\u00f1os y beb\u00e9s.<\/p>\n","protected":false},"excerpt":{"rendered":"<p>Hermosa tela para cortinas y decoraci\u00f3n con formas de tri\u00e1ngulos impresos bordados en una base de lino. Las formas semi sueltas son extremadamente estimulantes para ni\u00f1os y beb\u00e9s.<\/p>\n<h2>Confetti, hermosa tela para cortinas y decoraci\u00f3n con formas de tri\u00e1ngulos impresos bordados en una base de lino. Las formas semi sueltas son extremadamente estimulantes para ni\u00f1os y beb\u00e9s.<\/h2>\n<p><img fetchpriority=\"high\" decoding=\"async\" class=\"alignnone wp-image-191771 size-medium\" src=\"https:\/\/aldeco.pt\/staging\/wp-content\/uploads\/2024\/05\/T019070001-300x240.jpg\" alt=\"Confetti - Aldeco\" width=\"300\" height=\"240\" \/><\/p>\n<p><a href=\"https:\/\/aldeco.pt\/staging\/product\/confetti\/?attribute_pa_aldeco-color=01-cool-party\">https:\/\/aldeco.pt\/staging\/product\/confetti\/?attribute_pa_aldeco-color=01-cool-party<\/a><\/p>\n<p><a href=\"https:\/\/www.instagram.com\/aldeco_interiorfabrics\/\">https:\/\/www.instagram.com\/aldeco_interiorfabrics\/<\/a><\/p>\n","protected":false},"featured_media":158495,"template":"","meta":[],"product_brand":[],"product_cat":[6146],"product_tag":[],"class_list":{"0":"post-182795","1":"product","2":"type-product","3":"status-publish","4":"has-post-thumbnail","6":"product_cat-aldeco-2-es","7":"pa_cleanability-8283","8":"pa_composition-ext-base-100-li-bordado-100-co-es","9":"pa_interior-fabrics-1-es","10":"pa_line-telas","11":"pa_lithfastness-4-5-es","12":"pa_outdoor-0-es","13":"pa_range-bordado-es","14":"pa_rapport-horizontal-20-es","15":"pa_rapport-vertical-11-5-es","18":"first","19":"instock","20":"purchasable","21":"product-type-variable"},"acf":[],"_links":{"self":[{"href":"https:\/\/staging.aldeco.pt\/es\/wp-json\/wp\/v2\/product\/182795","targetHints":{"allow":["GET"]}}],"collection":[{"href":"https:\/\/staging.aldeco.pt\/es\/wp-json\/wp\/v2\/product"}],"about":[{"href":"https:\/\/staging.aldeco.pt\/es\/wp-json\/wp\/v2\/types\/product"}],"version-history":[{"count":2,"href":"https:\/\/staging.aldeco.pt\/es\/wp-json\/wp\/v2\/product\/182795\/revisions"}],"predecessor-version":[{"id":201997,"href":"https:\/\/staging.aldeco.pt\/es\/wp-json\/wp\/v2\/product\/182795\/revisions\/201997"}],"wp:featuredmedia":[{"embeddable":true,"href":"https:\/\/staging.aldeco.pt\/es\/wp-json\/wp\/v2\/media\/158495"}],"wp:attachment":[{"href":"https:\/\/staging.aldeco.pt\/es\/wp-json\/wp\/v2\/media?parent=182795"}],"wp:term":[{"taxonomy":"product_brand","embeddable":true,"href":"https:\/\/staging.aldeco.pt\/es\/wp-json\/wp\/v2\/product_brand?post=182795"},{"taxonomy":"product_cat","embeddable":true,"href":"https:\/\/staging.aldeco.pt\/es\/wp-json\/wp\/v2\/product_cat?post=182795"},{"taxonomy":"product_tag","embeddable":true,"href":"https:\/\/staging.aldeco.pt\/es\/wp-json\/wp\/v2\/product_tag?post=182795"}],"curies":[{"name":"wp","href":"https:\/\/api.w.org\/{rel}","templated":true}]}}