{"id":182773,"date":"2024-05-09T19:48:35","date_gmt":"2024-05-09T19:48:35","guid":{"rendered":"https:\/\/aldeco.pt\/staging\/product\/clan\/"},"modified":"2024-08-29T14:48:29","modified_gmt":"2024-08-29T14:48:29","slug":"clan","status":"publish","type":"product","link":"https:\/\/staging.aldeco.pt\/es\/product\/clan\/","title":{"rendered":"CLAN"},"content":{"rendered":"<p>Tela lisa elegante disponible en colores brillantes y audaces. Esta tela tambi\u00e9n es adecuada para tapicer\u00eda con m\u00e1s de 50.000 ciclos de abrasi\u00f3n.<\/p>\n","protected":false},"excerpt":{"rendered":"<p>Tela lisa elegante disponible en colores brillantes y audaces. Esta tela tambi\u00e9n es adecuada para tapicer\u00eda con m\u00e1s de 50.000 ciclos de abrasi\u00f3n.<\/p>\n<h2>Clan, tela lisa elegante disponible en colores brillantes y audaces. Esta tela tambi\u00e9n es adecuada para tapicer\u00eda con m\u00e1s de 50.000 ciclos de abrasi\u00f3n.<\/h2>\n<p><img fetchpriority=\"high\" decoding=\"async\" class=\"alignnone wp-image-191758 size-medium\" src=\"https:\/\/aldeco.pt\/staging\/wp-content\/uploads\/2024\/03\/T018680001-300x280.jpg\" alt=\"Clan - Aldeco\" width=\"300\" height=\"280\"><\/p>\n<p><a href=\"https:\/\/www.instagram.com\/aldeco_interiorfabrics\/\">https:\/\/www.instagram.com\/aldeco_interiorfabrics\/<\/a><\/p>\n<p><a href=\"https:\/\/aldeco.pt\/staging\/product\/clan\/?attribute_pa_aldeco-color=01-snow-white\">https:\/\/aldeco.pt\/staging\/product\/clan\/?attribute_pa_aldeco-color=01-snow-white<\/a><\/p>\n<p>&nbsp;<\/p>\n","protected":false},"featured_media":177730,"template":"","meta":[],"product_brand":[],"product_cat":[6146],"product_tag":[],"class_list":{"0":"post-182773","1":"product","2":"type-product","3":"status-publish","4":"has-post-thumbnail","6":"product_cat-aldeco-2-es","7":"pa_cleanability-8283","8":"pa_composition-ext-61-li-39-pa-es","9":"pa_interior-fabrics-1-es","10":"pa_line-telas","11":"pa_lithfastness-9681","12":"pa_outdoor-0-es","13":"pa_range-satin-es","16":"first","17":"instock","18":"purchasable","19":"product-type-variable"},"acf":[],"_links":{"self":[{"href":"https:\/\/staging.aldeco.pt\/es\/wp-json\/wp\/v2\/product\/182773","targetHints":{"allow":["GET"]}}],"collection":[{"href":"https:\/\/staging.aldeco.pt\/es\/wp-json\/wp\/v2\/product"}],"about":[{"href":"https:\/\/staging.aldeco.pt\/es\/wp-json\/wp\/v2\/types\/product"}],"version-history":[{"count":1,"href":"https:\/\/staging.aldeco.pt\/es\/wp-json\/wp\/v2\/product\/182773\/revisions"}],"predecessor-version":[{"id":191764,"href":"https:\/\/staging.aldeco.pt\/es\/wp-json\/wp\/v2\/product\/182773\/revisions\/191764"}],"wp:featuredmedia":[{"embeddable":true,"href":"https:\/\/staging.aldeco.pt\/es\/wp-json\/wp\/v2\/media\/177730"}],"wp:attachment":[{"href":"https:\/\/staging.aldeco.pt\/es\/wp-json\/wp\/v2\/media?parent=182773"}],"wp:term":[{"taxonomy":"product_brand","embeddable":true,"href":"https:\/\/staging.aldeco.pt\/es\/wp-json\/wp\/v2\/product_brand?post=182773"},{"taxonomy":"product_cat","embeddable":true,"href":"https:\/\/staging.aldeco.pt\/es\/wp-json\/wp\/v2\/product_cat?post=182773"},{"taxonomy":"product_tag","embeddable":true,"href":"https:\/\/staging.aldeco.pt\/es\/wp-json\/wp\/v2\/product_tag?post=182773"}],"curies":[{"name":"wp","href":"https:\/\/api.w.org\/{rel}","templated":true}]}}