{"id":182757,"date":"2024-05-09T19:48:28","date_gmt":"2024-05-09T19:48:28","guid":{"rendered":"https:\/\/aldeco.pt\/staging\/product\/chroniques-de-voyage\/"},"modified":"2024-10-02T16:44:40","modified_gmt":"2024-10-02T16:44:40","slug":"chroniques-de-voyage","status":"publish","type":"product","link":"https:\/\/staging.aldeco.pt\/es\/product\/chroniques-de-voyage\/","title":{"rendered":"CHRONIQUES DE VOYAGE"},"content":{"rendered":"<p>CHRONIQUES DE VOYAGE es un hermoso y estilizado tejido bordado de vegetaci\u00f3n que celebra la forma y el color. Esta tela especial de algod\u00f3n tiene puntadas voluminosas que hacen que la superficie de este dise\u00f1o integral sea impresionante con una sensaci\u00f3n hecha a mano. Inspirado en las cr\u00f3nicas de viaje aventureras de Veva a trav\u00e9s de campos buc\u00f3licos con vegetaci\u00f3n en tonos c\u00e1lidos y naturales.<\/p>\n","protected":false},"excerpt":{"rendered":"<p>CHRONIQUES DE VOYAGE es un hermoso y estilizado tejido bordado de vegetaci\u00f3n que celebra la forma y el color. Esta tela especial de algod\u00f3n tiene puntadas voluminosas que hacen que la superficie de este dise\u00f1o integral sea impresionante con una sensaci\u00f3n hecha a mano. Inspirado en las cr\u00f3nicas de viaje aventureras de Veva a trav\u00e9s de campos buc\u00f3licos con vegetaci\u00f3n en tonos c\u00e1lidos y naturales.<\/p>\n<h2>CHRONIQUES DE VOYAGE es un hermoso y estilizado tejido bordado de vegetaci\u00f3n que celebra la forma y el color. Esta tela especial de algod\u00f3n tiene puntadas voluminosas que hacen que la superficie de este dise\u00f1o integral sea impresionante con una sensaci\u00f3n hecha a mano. Inspirado en las cr\u00f3nicas de viaje aventureras de Veva a trav\u00e9s de campos buc\u00f3licos con vegetaci\u00f3n en tonos c\u00e1lidos y naturales.<\/h2>\n<p><img fetchpriority=\"high\" decoding=\"async\" class=\"alignnone wp-image-179460 size-medium\" src=\"https:\/\/aldeco.pt\/staging\/wp-content\/uploads\/2024\/01\/T192930001-5-300x200.jpg\" alt=\"Chroniques de Voyage - Aldeco\" width=\"300\" height=\"200\" \/><\/p>\n<p><a href=\"https:\/\/www.instagram.com\/aldeco_interiorfabrics\/\">https:\/\/www.instagram.com\/aldeco_interiorfabrics\/<\/a><\/p>\n<p><a href=\"https:\/\/aldeco.pt\/staging\/product\/chroniques-de-voyage\/?attribute_pa_aldeco-color=01-autumn-dream\">https:\/\/aldeco.pt\/staging\/product\/chroniques-de-voyage\/?attribute_pa_aldeco-color=01-autumn-dream<\/a><\/p>\n<p>&nbsp;<\/p>\n","protected":false},"featured_media":158471,"template":"","meta":[],"product_brand":[],"product_cat":[6146],"product_tag":[],"class_list":{"0":"post-182757","1":"product","2":"type-product","3":"status-publish","4":"has-post-thumbnail","6":"product_cat-aldeco-2-es","7":"pa_cleanability-8283","8":"pa_composition-ext-100-co-bordado-100-pl-es","9":"pa_interior-fabrics-1-es","10":"pa_line-telas","11":"pa_lithfastness-4-es","12":"pa_outdoor-0-es","13":"pa_range-bordado-es","14":"pa_range-combed-es","15":"pa_rapport-horizontal-65-es","16":"pa_rapport-vertical-76-es","17":"pa_sustainable-fabrics-1-es","20":"first","21":"instock","22":"purchasable","23":"product-type-variable"},"acf":[],"_links":{"self":[{"href":"https:\/\/staging.aldeco.pt\/es\/wp-json\/wp\/v2\/product\/182757","targetHints":{"allow":["GET"]}}],"collection":[{"href":"https:\/\/staging.aldeco.pt\/es\/wp-json\/wp\/v2\/product"}],"about":[{"href":"https:\/\/staging.aldeco.pt\/es\/wp-json\/wp\/v2\/types\/product"}],"version-history":[{"count":2,"href":"https:\/\/staging.aldeco.pt\/es\/wp-json\/wp\/v2\/product\/182757\/revisions"}],"predecessor-version":[{"id":201896,"href":"https:\/\/staging.aldeco.pt\/es\/wp-json\/wp\/v2\/product\/182757\/revisions\/201896"}],"wp:featuredmedia":[{"embeddable":true,"href":"https:\/\/staging.aldeco.pt\/es\/wp-json\/wp\/v2\/media\/158471"}],"wp:attachment":[{"href":"https:\/\/staging.aldeco.pt\/es\/wp-json\/wp\/v2\/media?parent=182757"}],"wp:term":[{"taxonomy":"product_brand","embeddable":true,"href":"https:\/\/staging.aldeco.pt\/es\/wp-json\/wp\/v2\/product_brand?post=182757"},{"taxonomy":"product_cat","embeddable":true,"href":"https:\/\/staging.aldeco.pt\/es\/wp-json\/wp\/v2\/product_cat?post=182757"},{"taxonomy":"product_tag","embeddable":true,"href":"https:\/\/staging.aldeco.pt\/es\/wp-json\/wp\/v2\/product_tag?post=182757"}],"curies":[{"name":"wp","href":"https:\/\/api.w.org\/{rel}","templated":true}]}}