{"id":182618,"date":"2024-05-09T19:42:38","date_gmt":"2024-05-09T19:42:38","guid":{"rendered":"https:\/\/aldeco.pt\/staging\/product\/carvalhal-in-outdoor\/"},"modified":"2024-08-29T14:48:38","modified_gmt":"2024-08-29T14:48:38","slug":"carvalhal-in-outdoor","status":"publish","type":"product","link":"https:\/\/staging.aldeco.pt\/es\/product\/carvalhal-in-outdoor\/","title":{"rendered":"CARVALHAL IN\/OUTDOOR"},"content":{"rendered":"<p>Tejido jacquard para In\/Outdoor inspirado en la cester\u00eda portuguesa con un patr\u00f3n geom\u00e9trico en zigzag que define una raya relajada. Est\u00e1 disponible en 5 colores.<\/p>\n","protected":false},"excerpt":{"rendered":"<p>Tejido jacquard para In\/Outdoor inspirado en la cester\u00eda portuguesa con un patr\u00f3n geom\u00e9trico en zigzag que define una raya relajada. Est\u00e1 disponible en 5 colores. <\/p>\n<h2>Carvalhal In\/Outdoor, tejido jacquard para In\/Outdoor inspirado en la cester\u00eda portuguesa con un patr\u00f3n geom\u00e9trico en zigzag que define una raya relajada. Est\u00e1 disponible en 5 colores.<\/h2>\n<p>&nbsp;<\/p>\n<p><img fetchpriority=\"high\" decoding=\"async\" class=\"alignnone wp-image-158426 size-medium\" src=\"https:\/\/aldeco.pt\/staging\/wp-content\/uploads\/2024\/01\/T191470001-300x212.jpg\" alt=\"Carvalhal In\/Outdoor - Aldeco\" width=\"300\" height=\"212\"><\/p>\n<p><a href=\"https:\/\/www.instagram.com\/aldeco_interiorfabrics\/\">https:\/\/www.instagram.com\/aldeco_interiorfabrics\/<\/a><a href=\"https:\/\/aldeco.pt\/staging\/product\/carvalhal-in-outdoor\/?attribute_pa_aldeco-color=01-natural-linen\">https:\/\/aldeco.pt\/staging\/product\/carvalhal-in-outdoor\/?attribute_pa_aldeco-color=01-natural-linen<\/a><\/p>\n<p>&nbsp;<\/p>\n","protected":false},"featured_media":158427,"template":"","meta":[],"product_brand":[],"product_cat":[6146],"product_tag":[],"class_list":{"0":"post-182618","1":"product","2":"type-product","3":"status-publish","4":"has-post-thumbnail","6":"product_cat-aldeco-2-es","7":"pa_cleanability-8283","8":"pa_composition-ext-100-pp-es","9":"pa_contract-fabrics-1-es","10":"pa_indoor-fabrics-1-es","11":"pa_interior-fabrics-1-es","12":"pa_line-telas","13":"pa_lithfastness-7-es","14":"pa_outdoor-exterior","15":"pa_range-jacquard-es","16":"pa_rapport-horizontal-0-es","17":"pa_rapport-vertical-1-8-es","18":"pa_special-treatments-fabrics-1-es","21":"first","22":"instock","23":"purchasable","24":"product-type-variable"},"acf":[],"_links":{"self":[{"href":"https:\/\/staging.aldeco.pt\/es\/wp-json\/wp\/v2\/product\/182618","targetHints":{"allow":["GET"]}}],"collection":[{"href":"https:\/\/staging.aldeco.pt\/es\/wp-json\/wp\/v2\/product"}],"about":[{"href":"https:\/\/staging.aldeco.pt\/es\/wp-json\/wp\/v2\/types\/product"}],"version-history":[{"count":2,"href":"https:\/\/staging.aldeco.pt\/es\/wp-json\/wp\/v2\/product\/182618\/revisions"}],"predecessor-version":[{"id":198543,"href":"https:\/\/staging.aldeco.pt\/es\/wp-json\/wp\/v2\/product\/182618\/revisions\/198543"}],"wp:featuredmedia":[{"embeddable":true,"href":"https:\/\/staging.aldeco.pt\/es\/wp-json\/wp\/v2\/media\/158427"}],"wp:attachment":[{"href":"https:\/\/staging.aldeco.pt\/es\/wp-json\/wp\/v2\/media?parent=182618"}],"wp:term":[{"taxonomy":"product_brand","embeddable":true,"href":"https:\/\/staging.aldeco.pt\/es\/wp-json\/wp\/v2\/product_brand?post=182618"},{"taxonomy":"product_cat","embeddable":true,"href":"https:\/\/staging.aldeco.pt\/es\/wp-json\/wp\/v2\/product_cat?post=182618"},{"taxonomy":"product_tag","embeddable":true,"href":"https:\/\/staging.aldeco.pt\/es\/wp-json\/wp\/v2\/product_tag?post=182618"}],"curies":[{"name":"wp","href":"https:\/\/api.w.org\/{rel}","templated":true}]}}