{"id":182512,"date":"2024-05-09T19:45:33","date_gmt":"2024-05-09T19:45:33","guid":{"rendered":"https:\/\/aldeco.pt\/staging\/product\/celebration\/"},"modified":"2024-09-26T08:37:15","modified_gmt":"2024-09-26T08:37:15","slug":"celebration","status":"publish","type":"product","link":"https:\/\/staging.aldeco.pt\/es\/product\/celebration\/","title":{"rendered":"CELEBRATION"},"content":{"rendered":"<p>Celebration es una versi\u00f3n a rayas de nuestro tambi\u00e9n nuevo dise\u00f1o Blessed. Ambos se pueden combinar de varias formas, debido a las rayas multicolores de Celebration. Todos los colores disponibles en Blessed.<\/p>\n","protected":false},"excerpt":{"rendered":"<p>Celebration es una versi\u00f3n a rayas de nuestro tambi\u00e9n nuevo dise\u00f1o Blessed. Ambos se pueden combinar de varias formas, debido a las rayas multicolores de Celebration. Todos los colores disponibles en Blessed.<\/p>\n<h2>Celebration es una versi\u00f3n a rayas de nuestro tambi\u00e9n nuevo dise\u00f1o Blessed. Ambos se pueden combinar de varias formas, debido a las rayas multicolores de Celebration. Todos los colores disponibles en Blessed.<\/h2>\n<p><img fetchpriority=\"high\" decoding=\"async\" class=\"alignnone wp-image-191726 size-medium\" src=\"https:\/\/aldeco.pt\/staging\/wp-content\/uploads\/2024\/01\/T190630001-3-300x200.jpg\" alt=\"Celebration - Aldeco\" width=\"300\" height=\"200\" \/><\/p>\n<p><a href=\"https:\/\/aldeco.pt\/staging\/product\/celebration\/?attribute_pa_aldeco-color=01-cloudy-gray\">https:\/\/aldeco.pt\/staging\/product\/celebration\/?attribute_pa_aldeco-color=01-cloudy-gray<\/a><\/p>\n<p><a href=\"https:\/\/www.instagram.com\/aldeco_interiorfabrics\/\">https:\/\/www.instagram.com\/aldeco_interiorfabrics\/<\/a><\/p>\n","protected":false},"featured_media":158445,"template":"","meta":[],"product_brand":[],"product_cat":[6146],"product_tag":[],"class_list":{"0":"post-182512","1":"product","2":"type-product","3":"status-publish","4":"has-post-thumbnail","6":"product_cat-aldeco-2-es","7":"pa_cleanability-8283","8":"pa_composition-ext-46-vi-22-li-20-co-12-pl-es","9":"pa_interior-fabrics-1-es","10":"pa_line-telas","11":"pa_lithfastness-4-es","12":"pa_outdoor-0-es","13":"pa_range-jacquard-es","14":"pa_rapport-horizontal-7-5-es","17":"first","18":"instock","19":"purchasable","20":"product-type-variable"},"acf":[],"_links":{"self":[{"href":"https:\/\/staging.aldeco.pt\/es\/wp-json\/wp\/v2\/product\/182512","targetHints":{"allow":["GET"]}}],"collection":[{"href":"https:\/\/staging.aldeco.pt\/es\/wp-json\/wp\/v2\/product"}],"about":[{"href":"https:\/\/staging.aldeco.pt\/es\/wp-json\/wp\/v2\/types\/product"}],"version-history":[{"count":2,"href":"https:\/\/staging.aldeco.pt\/es\/wp-json\/wp\/v2\/product\/182512\/revisions"}],"predecessor-version":[{"id":200831,"href":"https:\/\/staging.aldeco.pt\/es\/wp-json\/wp\/v2\/product\/182512\/revisions\/200831"}],"wp:featuredmedia":[{"embeddable":true,"href":"https:\/\/staging.aldeco.pt\/es\/wp-json\/wp\/v2\/media\/158445"}],"wp:attachment":[{"href":"https:\/\/staging.aldeco.pt\/es\/wp-json\/wp\/v2\/media?parent=182512"}],"wp:term":[{"taxonomy":"product_brand","embeddable":true,"href":"https:\/\/staging.aldeco.pt\/es\/wp-json\/wp\/v2\/product_brand?post=182512"},{"taxonomy":"product_cat","embeddable":true,"href":"https:\/\/staging.aldeco.pt\/es\/wp-json\/wp\/v2\/product_cat?post=182512"},{"taxonomy":"product_tag","embeddable":true,"href":"https:\/\/staging.aldeco.pt\/es\/wp-json\/wp\/v2\/product_tag?post=182512"}],"curies":[{"name":"wp","href":"https:\/\/api.w.org\/{rel}","templated":true}]}}