{"id":182510,"date":"2024-05-09T19:44:11","date_gmt":"2024-05-09T19:44:11","guid":{"rendered":"https:\/\/aldeco.pt\/staging\/product\/carver-velvet-water-repellent\/"},"modified":"2024-08-29T14:48:36","modified_gmt":"2024-08-29T14:48:36","slug":"carver-velvet-water-repellent","status":"publish","type":"product","link":"https:\/\/staging.aldeco.pt\/es\/product\/carver-velvet-water-repellent\/","title":{"rendered":"CARVER VELVET WATER REPELLENT"},"content":{"rendered":"<p>Es una tela para tapicer\u00eda, un terciopelo de alta resistencia a la abrasi\u00f3n y con tratamiento hidr\u00f3fugo, ideal para tapicer\u00eda y decoraci\u00f3n. Este suave terciopelo tiene un aspecto mate y est\u00e1 disponible en m\u00e1s de 40 colores. Se puede combinar f\u00e1cilmente con el tejido CARVER EMBOSSED VELVET WATER REPELLENT.<\/p>\n","protected":false},"excerpt":{"rendered":"<p>Es una tela para tapicer\u00eda, un terciopelo de alta resistencia a la abrasi\u00f3n y con tratamiento hidr\u00f3fugo, ideal para tapicer\u00eda y decoraci\u00f3n. Este suave terciopelo tiene un aspecto mate y est\u00e1 disponible en m\u00e1s de 40 colores. Se puede combinar f\u00e1cilmente con el tejido CARVER EMBOSSED VELVET WATER REPELLENT.<\/p>\n<h2>Carver Velvet, es una tela para tapicer\u00eda, un terciopelo de alta resistencia a la abrasi\u00f3n y con tratamiento hidr\u00f3fugo, ideal para tapicer\u00eda y decoraci\u00f3n. Este suave terciopelo tiene un aspecto mate y est\u00e1 disponible en m\u00e1s de 40 colores.<\/h2>\n<p><img fetchpriority=\"high\" decoding=\"async\" class=\"alignnone wp-image-91302 size-medium\" src=\"https:\/\/aldeco.pt\/staging\/wp-content\/uploads\/2024\/01\/T191510017-3-300x225.jpg\" alt=\"Carver Velvet - Aldeco\" width=\"300\" height=\"225\"><\/p>\n<p><a href=\"https:\/\/aldeco.pt\/staging\/product\/carver-velvet-water-repellent\/?attribute_pa_aldeco-color=01-natural-white\">https:\/\/aldeco.pt\/staging\/product\/carver-velvet-water-repellent\/?attribute_pa_aldeco-color=01-natural-white<\/a><\/p>\n<p><a href=\"https:\/\/www.instagram.com\/aldeco_interiorfabrics\/\">https:\/\/www.instagram.com\/aldeco_interiorfabrics\/<\/a><\/p>\n","protected":false},"featured_media":155051,"template":"","meta":[],"product_brand":[],"product_cat":[6154],"product_tag":[],"class_list":{"0":"post-182510","1":"product","2":"type-product","3":"status-publish","4":"has-post-thumbnail","6":"product_cat-aldeco-smarter-es","7":"pa_cleanability-8283","8":"pa_composition-ext-100-pes-es","9":"pa_composition-ext-100-pl-es","10":"pa_interior-fabrics-1-es","11":"pa_line-telas","12":"pa_lithfastness-5-es","13":"pa_outdoor-0-es","14":"pa_range-terciopelo","15":"pa_special-treatments-fabrics-1-es","18":"first","19":"instock","20":"purchasable","21":"product-type-variable"},"acf":[],"_links":{"self":[{"href":"https:\/\/staging.aldeco.pt\/es\/wp-json\/wp\/v2\/product\/182510","targetHints":{"allow":["GET"]}}],"collection":[{"href":"https:\/\/staging.aldeco.pt\/es\/wp-json\/wp\/v2\/product"}],"about":[{"href":"https:\/\/staging.aldeco.pt\/es\/wp-json\/wp\/v2\/types\/product"}],"version-history":[{"count":1,"href":"https:\/\/staging.aldeco.pt\/es\/wp-json\/wp\/v2\/product\/182510\/revisions"}],"predecessor-version":[{"id":191718,"href":"https:\/\/staging.aldeco.pt\/es\/wp-json\/wp\/v2\/product\/182510\/revisions\/191718"}],"wp:featuredmedia":[{"embeddable":true,"href":"https:\/\/staging.aldeco.pt\/es\/wp-json\/wp\/v2\/media\/155051"}],"wp:attachment":[{"href":"https:\/\/staging.aldeco.pt\/es\/wp-json\/wp\/v2\/media?parent=182510"}],"wp:term":[{"taxonomy":"product_brand","embeddable":true,"href":"https:\/\/staging.aldeco.pt\/es\/wp-json\/wp\/v2\/product_brand?post=182510"},{"taxonomy":"product_cat","embeddable":true,"href":"https:\/\/staging.aldeco.pt\/es\/wp-json\/wp\/v2\/product_cat?post=182510"},{"taxonomy":"product_tag","embeddable":true,"href":"https:\/\/staging.aldeco.pt\/es\/wp-json\/wp\/v2\/product_tag?post=182510"}],"curies":[{"name":"wp","href":"https:\/\/api.w.org\/{rel}","templated":true}]}}