{"id":182423,"date":"2024-05-09T19:41:43","date_gmt":"2024-05-09T19:41:43","guid":{"rendered":"https:\/\/aldeco.pt\/staging\/product\/carry\/"},"modified":"2024-09-30T14:01:32","modified_gmt":"2024-09-30T14:01:32","slug":"carry","status":"publish","type":"product","link":"https:\/\/staging.aldeco.pt\/es\/product\/carry\/","title":{"rendered":"CARRY"},"content":{"rendered":"<p>Compuesto exclusivamente de fibras naturales, esta tela combina algod\u00f3n y lino en una textura natural. Esta tela de tapicer\u00eda est\u00e1 disponible en 33 colores.<\/p>\n","protected":false},"excerpt":{"rendered":"<p>Compuesto exclusivamente de fibras naturales, esta tela combina algod\u00f3n y lino en una textura natural. Esta tela de tapicer\u00eda est\u00e1 disponible en 33 colores.<\/p>\n<h2>Carry, compuesto exclusivamente de fibras naturales, esta tela combina algod\u00f3n y lino en una textura natural. Esta tela de tapicer\u00eda est\u00e1 disponible en 33 colores.<\/h2>\n<p><img fetchpriority=\"high\" decoding=\"async\" class=\"alignnone wp-image-191690 size-medium\" src=\"https:\/\/aldeco.pt\/staging\/wp-content\/uploads\/2024\/03\/T018540001-300x280.jpg\" alt=\"Carry - Aldeco\" width=\"300\" height=\"280\" \/><\/p>\n<p><a href=\"https:\/\/aldeco.pt\/staging\/product\/carry\/?attribute_pa_aldeco-color=01-white\">https:\/\/aldeco.pt\/staging\/product\/carry\/?attribute_pa_aldeco-color=01-white<\/a><\/p>\n<p><a href=\"https:\/\/www.instagram.com\/aldeco_interiorfabrics\/\">https:\/\/www.instagram.com\/aldeco_interiorfabrics\/<\/a><\/p>\n","protected":false},"featured_media":143981,"template":"","meta":[],"product_brand":[],"product_cat":[6146],"product_tag":[],"class_list":{"0":"post-182423","1":"product","2":"type-product","3":"status-publish","4":"has-post-thumbnail","6":"product_cat-aldeco-2-es","7":"pa_cleanability-8283","8":"pa_composition-ext-63-co-37-li-es","9":"pa_interior-fabrics-1-es","10":"pa_line-telas","11":"pa_lithfastness-4-5-es","12":"pa_outdoor-0-es","13":"pa_range-liso-es","14":"pa_range-panama-es","17":"first","18":"instock","19":"purchasable","20":"product-type-variable"},"acf":[],"_links":{"self":[{"href":"https:\/\/staging.aldeco.pt\/es\/wp-json\/wp\/v2\/product\/182423","targetHints":{"allow":["GET"]}}],"collection":[{"href":"https:\/\/staging.aldeco.pt\/es\/wp-json\/wp\/v2\/product"}],"about":[{"href":"https:\/\/staging.aldeco.pt\/es\/wp-json\/wp\/v2\/types\/product"}],"version-history":[{"count":2,"href":"https:\/\/staging.aldeco.pt\/es\/wp-json\/wp\/v2\/product\/182423\/revisions"}],"predecessor-version":[{"id":200803,"href":"https:\/\/staging.aldeco.pt\/es\/wp-json\/wp\/v2\/product\/182423\/revisions\/200803"}],"wp:featuredmedia":[{"embeddable":true,"href":"https:\/\/staging.aldeco.pt\/es\/wp-json\/wp\/v2\/media\/143981"}],"wp:attachment":[{"href":"https:\/\/staging.aldeco.pt\/es\/wp-json\/wp\/v2\/media?parent=182423"}],"wp:term":[{"taxonomy":"product_brand","embeddable":true,"href":"https:\/\/staging.aldeco.pt\/es\/wp-json\/wp\/v2\/product_brand?post=182423"},{"taxonomy":"product_cat","embeddable":true,"href":"https:\/\/staging.aldeco.pt\/es\/wp-json\/wp\/v2\/product_cat?post=182423"},{"taxonomy":"product_tag","embeddable":true,"href":"https:\/\/staging.aldeco.pt\/es\/wp-json\/wp\/v2\/product_tag?post=182423"}],"curies":[{"name":"wp","href":"https:\/\/api.w.org\/{rel}","templated":true}]}}