{"id":182419,"date":"2024-05-09T19:41:31","date_gmt":"2024-05-09T19:41:31","guid":{"rendered":"https:\/\/aldeco.pt\/staging\/product\/carousel-cord\/"},"modified":"2024-08-29T14:48:40","modified_gmt":"2024-08-29T14:48:40","slug":"carousel-cord","status":"publish","type":"product","link":"https:\/\/staging.aldeco.pt\/es\/product\/carousel-cord\/","title":{"rendered":"CAROUSEL CORD"},"content":{"rendered":"<p>Tejido jacquard rico y elegante que representa la construcci\u00f3n simple y \u00fanica de las cuerdas de una manera retorcida, limpia y organizada. Este elemento est\u00e1 presente en las varillas del carrusel y est\u00e1 representado de una manera arquitect\u00f3nica y muy singular. Cada color tiene 3 colores de hilo diferentes, lo que hace que sea f\u00e1cil de mezclar y combinar con el resto de la decoraci\u00f3n.<\/p>\n","protected":false},"excerpt":{"rendered":"<p>Tejido jacquard rico y elegante que representa la construcci\u00f3n simple y \u00fanica de las cuerdas de una manera retorcida, limpia y organizada. Este elemento est\u00e1 presente en las varillas del carrusel y est\u00e1 representado de una manera arquitect\u00f3nica y muy singular. Cada color tiene 3 colores de hilo diferentes, lo que hace que sea f\u00e1cil de mezclar y combinar con el resto de la decoraci\u00f3n.<\/p>\n<p>&nbsp;<\/p>\n<h2>Carousel Cord, tejido jacquard rico y elegante que representa la construcci\u00f3n simple y \u00fanica de las cuerdas de una manera retorcida, limpia y organizada. Este elemento est\u00e1 presente en las varillas del carrusel y est\u00e1 representado de una manera arquitect\u00f3nica y muy singular. Cada color tiene 3 colores de hilo diferentes, lo que hace que sea f\u00e1cil de mezclar y combinar con el resto de la decoraci\u00f3n.<\/h2>\n<p><img fetchpriority=\"high\" decoding=\"async\" class=\"alignnone wp-image-191684 size-medium\" src=\"https:\/\/aldeco.pt\/staging\/wp-content\/uploads\/2024\/01\/T192110001-3-300x200.jpg\" alt=\"Carousel Cord - Aldeco\" width=\"300\" height=\"200\"><\/p>\n<p><a href=\"https:\/\/aldeco.pt\/staging\/product\/carousel-cord\/?attribute_pa_aldeco-color=01-babys-breath\">https:\/\/aldeco.pt\/staging\/product\/carousel-cord\/?attribute_pa_aldeco-color=01-babys-breath<\/a><\/p>\n<p><a href=\"https:\/\/www.instagram.com\/aldeco_interiorfabrics\/\">https:\/\/www.instagram.com\/aldeco_interiorfabrics\/<\/a><\/p>\n","protected":false},"featured_media":155034,"template":"","meta":[],"product_brand":[],"product_cat":[6146],"product_tag":[],"class_list":{"0":"post-182419","1":"product","2":"type-product","3":"status-publish","4":"has-post-thumbnail","6":"product_cat-aldeco-2-es","7":"pa_cleanability-8283","8":"pa_composition-ext-23-pa-77-vi-es","9":"pa_interior-fabrics-1-es","10":"pa_line-telas","11":"pa_lithfastness-4-5-es","12":"pa_outdoor-0-es","13":"pa_range-satin-es","14":"pa_rapport-horizontal-8-5-es","15":"pa_rapport-vertical-3-5-es","18":"first","19":"instock","20":"purchasable","21":"product-type-variable"},"acf":[],"_links":{"self":[{"href":"https:\/\/staging.aldeco.pt\/es\/wp-json\/wp\/v2\/product\/182419","targetHints":{"allow":["GET"]}}],"collection":[{"href":"https:\/\/staging.aldeco.pt\/es\/wp-json\/wp\/v2\/product"}],"about":[{"href":"https:\/\/staging.aldeco.pt\/es\/wp-json\/wp\/v2\/types\/product"}],"version-history":[{"count":1,"href":"https:\/\/staging.aldeco.pt\/es\/wp-json\/wp\/v2\/product\/182419\/revisions"}],"predecessor-version":[{"id":191689,"href":"https:\/\/staging.aldeco.pt\/es\/wp-json\/wp\/v2\/product\/182419\/revisions\/191689"}],"wp:featuredmedia":[{"embeddable":true,"href":"https:\/\/staging.aldeco.pt\/es\/wp-json\/wp\/v2\/media\/155034"}],"wp:attachment":[{"href":"https:\/\/staging.aldeco.pt\/es\/wp-json\/wp\/v2\/media?parent=182419"}],"wp:term":[{"taxonomy":"product_brand","embeddable":true,"href":"https:\/\/staging.aldeco.pt\/es\/wp-json\/wp\/v2\/product_brand?post=182419"},{"taxonomy":"product_cat","embeddable":true,"href":"https:\/\/staging.aldeco.pt\/es\/wp-json\/wp\/v2\/product_cat?post=182419"},{"taxonomy":"product_tag","embeddable":true,"href":"https:\/\/staging.aldeco.pt\/es\/wp-json\/wp\/v2\/product_tag?post=182419"}],"curies":[{"name":"wp","href":"https:\/\/api.w.org\/{rel}","templated":true}]}}