{"id":182411,"date":"2024-05-09T19:46:45","date_gmt":"2024-05-09T19:46:45","guid":{"rendered":"https:\/\/aldeco.pt\/staging\/product\/chiado-fr\/"},"modified":"2024-09-19T16:33:06","modified_gmt":"2024-09-19T16:33:06","slug":"chiado-fr","status":"publish","type":"product","link":"https:\/\/staging.aldeco.pt\/es\/product\/chiado-fr\/","title":{"rendered":"CHIADO FR"},"content":{"rendered":"<p>CHIADO FR es un tejido vers\u00e1til apto para tapicer\u00eda con alta resistencia a la abrasi\u00f3n. Este tejido de tapicer\u00eda altamente texturizado con aspecto tridimensional cumple con la norma REACH en materia de sostenibilidad y trazabilidad de sustancias qu\u00edmicas. Cuenta con certificaci\u00f3n ign\u00edfuga en varias normas y est\u00e1 disponible en 14 colores, desde tonalidades m\u00e1s naturales hasta tonalidades mixtas m\u00e1s divertidas e irreverentes.<\/p>\n","protected":false},"excerpt":{"rendered":"<p>CHIADO FR es un tejido vers\u00e1til apto para tapicer\u00eda con alta resistencia a la abrasi\u00f3n. Este tejido de tapicer\u00eda altamente texturizado con aspecto tridimensional cumple con la norma REACH en materia de sostenibilidad y trazabilidad de sustancias qu\u00edmicas. Cuenta con certificaci\u00f3n ign\u00edfuga en varias normas y est\u00e1 disponible en 14 colores, desde tonalidades m\u00e1s naturales hasta tonalidades mixtas m\u00e1s divertidas e irreverentes.<\/p>\n<h2>CHIADO FR es un tejido vers\u00e1til apto para tapicer\u00eda con alta resistencia a la abrasi\u00f3n. Este tejido de tapicer\u00eda altamente texturizado con aspecto tridimensional cumple con la norma REACH en materia de sostenibilidad y trazabilidad de sustancias qu\u00edmicas. Cuenta con certificaci\u00f3n ign\u00edfuga en varias normas y est\u00e1 disponible en 14 colores, desde tonalidades m\u00e1s naturales hasta tonalidades mixtas m\u00e1s divertidas e irreverentes.<\/h2>\n<p><img fetchpriority=\"high\" decoding=\"async\" class=\"alignnone wp-image-158467 size-medium\" src=\"https:\/\/aldeco.pt\/staging\/wp-content\/uploads\/2024\/05\/T192820014-300x200.jpg\" alt=\"Chiado Fr - Aldeco\" width=\"300\" height=\"200\" \/><\/p>\n<p><a href=\"https:\/\/www.instagram.com\/aldeco_interiorfabrics\/\">https:\/\/www.instagram.com\/aldeco_interiorfabrics\/<\/a><\/p>\n<p><a href=\"https:\/\/aldeco.pt\/staging\/product\/chiado-fr\/?attribute_pa_aldeco-color=01-linen-gray\">https:\/\/aldeco.pt\/staging\/product\/chiado-fr\/?attribute_pa_aldeco-color=01-linen-gray<\/a><\/p>\n<p>&nbsp;<\/p>\n<p>&nbsp;<\/p>\n","protected":false},"featured_media":171801,"template":"","meta":[],"product_brand":[],"product_cat":[6146,6154,6152],"product_tag":[],"class_list":{"0":"post-182411","1":"product","2":"type-product","3":"status-publish","4":"has-post-thumbnail","6":"product_cat-aldeco-2-es","7":"product_cat-aldeco-smarter-es","8":"product_cat-contract-es","9":"pa_cleanability-8283","10":"pa_composition-ext-100-pl-es","11":"pa_contract-fabrics-1-es","12":"pa_interior-fabrics-1-es","13":"pa_line-telas","14":"pa_lithfastness-4-es","15":"pa_outdoor-0-es","16":"pa_range-jacquard-es","17":"pa_special-treatments-fabrics-1-es","18":"pa_sustainable-fabrics-1-es","21":"first","22":"instock","23":"purchasable","24":"product-type-variable"},"acf":[],"_links":{"self":[{"href":"https:\/\/staging.aldeco.pt\/es\/wp-json\/wp\/v2\/product\/182411","targetHints":{"allow":["GET"]}}],"collection":[{"href":"https:\/\/staging.aldeco.pt\/es\/wp-json\/wp\/v2\/product"}],"about":[{"href":"https:\/\/staging.aldeco.pt\/es\/wp-json\/wp\/v2\/types\/product"}],"version-history":[{"count":2,"href":"https:\/\/staging.aldeco.pt\/es\/wp-json\/wp\/v2\/product\/182411\/revisions"}],"predecessor-version":[{"id":200690,"href":"https:\/\/staging.aldeco.pt\/es\/wp-json\/wp\/v2\/product\/182411\/revisions\/200690"}],"wp:featuredmedia":[{"embeddable":true,"href":"https:\/\/staging.aldeco.pt\/es\/wp-json\/wp\/v2\/media\/171801"}],"wp:attachment":[{"href":"https:\/\/staging.aldeco.pt\/es\/wp-json\/wp\/v2\/media?parent=182411"}],"wp:term":[{"taxonomy":"product_brand","embeddable":true,"href":"https:\/\/staging.aldeco.pt\/es\/wp-json\/wp\/v2\/product_brand?post=182411"},{"taxonomy":"product_cat","embeddable":true,"href":"https:\/\/staging.aldeco.pt\/es\/wp-json\/wp\/v2\/product_cat?post=182411"},{"taxonomy":"product_tag","embeddable":true,"href":"https:\/\/staging.aldeco.pt\/es\/wp-json\/wp\/v2\/product_tag?post=182411"}],"curies":[{"name":"wp","href":"https:\/\/api.w.org\/{rel}","templated":true}]}}