{"id":182336,"date":"2024-05-09T19:44:01","date_gmt":"2024-05-09T19:44:01","guid":{"rendered":"https:\/\/aldeco.pt\/staging\/product\/carver-embossed-velvet-wr\/"},"modified":"2024-08-29T14:48:37","modified_gmt":"2024-08-29T14:48:37","slug":"carver-embossed-velvet-wr","status":"publish","type":"product","link":"https:\/\/staging.aldeco.pt\/es\/product\/carver-embossed-velvet-wr\/","title":{"rendered":"CARVER EMBOSSED VELVET WR"},"content":{"rendered":"<p>Carver Embossed es repelente al agua como el terciopelo liso Carver. Ambos son altamente resistentes a la abrasi\u00f3n y est\u00e1n disponibles en m\u00e1s de 40 colores.<\/p>\n","protected":false},"excerpt":{"rendered":"<p>Carver Embossed es repelente al agua como el terciopelo liso Carver. Ambos son altamente resistentes a la abrasi\u00f3n y est\u00e1n disponibles en m\u00e1s de 40 colores.<\/p>\n<h2>Carver Embossed es repelente al agua como el terciopelo liso Carver. Ambos son altamente resistentes a la abrasi\u00f3n y est\u00e1n disponibles en m\u00e1s de 40 colores.<\/h2>\n<p><img fetchpriority=\"high\" decoding=\"async\" class=\"alignnone wp-image-191712 size-medium\" src=\"https:\/\/aldeco.pt\/staging\/wp-content\/uploads\/2024\/01\/T191520042-4-300x225.jpg\" alt=\"Carver Embossed - Aldeco\" width=\"300\" height=\"225\"><\/p>\n<p><a href=\"https:\/\/aldeco.pt\/staging\/product\/carver-embossed-velvet-wr\/?attribute_pa_aldeco-color=01-natural-white\">https:\/\/aldeco.pt\/staging\/product\/carver-embossed-velvet-wr\/?attribute_pa_aldeco-color=01-natural-white<\/a><\/p>\n<p><a href=\"https:\/\/www.instagram.com\/aldeco_interiorfabrics\/\">https:\/\/www.instagram.com\/aldeco_interiorfabrics\/<\/a><\/p>\n<p>&nbsp;<\/p>\n","protected":false},"featured_media":155049,"template":"","meta":[],"product_brand":[],"product_cat":[6154],"product_tag":[],"class_list":{"0":"post-182336","1":"product","2":"type-product","3":"status-publish","4":"has-post-thumbnail","6":"product_cat-aldeco-smarter-es","7":"pa_cleanability-8283","8":"pa_composition-ext-100-pes-with-embossed-motif-es","9":"pa_interior-fabrics-1-es","10":"pa_line-telas","11":"pa_lithfastness-5-es","12":"pa_outdoor-0-es","13":"pa_range-terciopelo","14":"pa_special-treatments-fabrics-1-es","17":"first","18":"instock","19":"purchasable","20":"product-type-variable"},"acf":[],"_links":{"self":[{"href":"https:\/\/staging.aldeco.pt\/es\/wp-json\/wp\/v2\/product\/182336","targetHints":{"allow":["GET"]}}],"collection":[{"href":"https:\/\/staging.aldeco.pt\/es\/wp-json\/wp\/v2\/product"}],"about":[{"href":"https:\/\/staging.aldeco.pt\/es\/wp-json\/wp\/v2\/types\/product"}],"version-history":[{"count":1,"href":"https:\/\/staging.aldeco.pt\/es\/wp-json\/wp\/v2\/product\/182336\/revisions"}],"predecessor-version":[{"id":191719,"href":"https:\/\/staging.aldeco.pt\/es\/wp-json\/wp\/v2\/product\/182336\/revisions\/191719"}],"wp:featuredmedia":[{"embeddable":true,"href":"https:\/\/staging.aldeco.pt\/es\/wp-json\/wp\/v2\/media\/155049"}],"wp:attachment":[{"href":"https:\/\/staging.aldeco.pt\/es\/wp-json\/wp\/v2\/media?parent=182336"}],"wp:term":[{"taxonomy":"product_brand","embeddable":true,"href":"https:\/\/staging.aldeco.pt\/es\/wp-json\/wp\/v2\/product_brand?post=182336"},{"taxonomy":"product_cat","embeddable":true,"href":"https:\/\/staging.aldeco.pt\/es\/wp-json\/wp\/v2\/product_cat?post=182336"},{"taxonomy":"product_tag","embeddable":true,"href":"https:\/\/staging.aldeco.pt\/es\/wp-json\/wp\/v2\/product_tag?post=182336"}],"curies":[{"name":"wp","href":"https:\/\/api.w.org\/{rel}","templated":true}]}}