{"id":180512,"date":"2024-05-09T20:23:14","date_gmt":"2024-05-09T20:23:14","guid":{"rendered":"https:\/\/aldeco.pt\/staging\/product\/gloria-fr-2\/"},"modified":"2024-09-30T13:55:12","modified_gmt":"2024-09-30T13:55:12","slug":"gloria-fr-2","status":"publish","type":"product","link":"https:\/\/staging.aldeco.pt\/es\/product\/gloria-fr-2\/","title":{"rendered":"GLORIA FR"},"content":{"rendered":"<p>GLORIA FR es una tela para visillos con una estructura de lino muy natural, disponible en 13 colores atemporales. Debido a su composici\u00f3n de poli\u00e9ster ign\u00edfugo inherente, se puede utilizar en proyectos residenciales y contractuales. Su ancho extra de 330 cm y su tacto suave lo hacen sumamente pr\u00e1ctico.<\/p>\n","protected":false},"excerpt":{"rendered":"<p>GLORIA FR es una tela para visillos con una estructura de lino muy natural, disponible en 13 colores atemporales. Debido a su composici\u00f3n de poli\u00e9ster ign\u00edfugo inherente, se puede utilizar en proyectos residenciales y contractuales. Su ancho extra de 330 cm y su tacto suave lo hacen sumamente pr\u00e1ctico.<\/p>\n","protected":false},"featured_media":155527,"template":"","meta":[],"product_brand":[],"product_cat":[6154],"product_tag":[],"class_list":{"0":"post-180512","1":"product","2":"type-product","3":"status-publish","4":"has-post-thumbnail","6":"product_cat-aldeco-smarter-es","7":"pa_cleanability-8283","8":"pa_composition-ext-100-rpli-es","9":"pa_contract-fabrics-1-es","10":"pa_interior-fabrics-1-es","11":"pa_line-telas","12":"pa_lithfastness-5-es","13":"pa_outdoor-0-es","14":"pa_range-liso-es","15":"pa_range-transparencias","16":"pa_special-treatments-fabrics-1-es","19":"first","20":"instock","21":"purchasable","22":"product-type-variable"},"acf":[],"_links":{"self":[{"href":"https:\/\/staging.aldeco.pt\/es\/wp-json\/wp\/v2\/product\/180512","targetHints":{"allow":["GET"]}}],"collection":[{"href":"https:\/\/staging.aldeco.pt\/es\/wp-json\/wp\/v2\/product"}],"about":[{"href":"https:\/\/staging.aldeco.pt\/es\/wp-json\/wp\/v2\/types\/product"}],"version-history":[{"count":1,"href":"https:\/\/staging.aldeco.pt\/es\/wp-json\/wp\/v2\/product\/180512\/revisions"}],"predecessor-version":[{"id":199735,"href":"https:\/\/staging.aldeco.pt\/es\/wp-json\/wp\/v2\/product\/180512\/revisions\/199735"}],"wp:featuredmedia":[{"embeddable":true,"href":"https:\/\/staging.aldeco.pt\/es\/wp-json\/wp\/v2\/media\/155527"}],"wp:attachment":[{"href":"https:\/\/staging.aldeco.pt\/es\/wp-json\/wp\/v2\/media?parent=180512"}],"wp:term":[{"taxonomy":"product_brand","embeddable":true,"href":"https:\/\/staging.aldeco.pt\/es\/wp-json\/wp\/v2\/product_brand?post=180512"},{"taxonomy":"product_cat","embeddable":true,"href":"https:\/\/staging.aldeco.pt\/es\/wp-json\/wp\/v2\/product_cat?post=180512"},{"taxonomy":"product_tag","embeddable":true,"href":"https:\/\/staging.aldeco.pt\/es\/wp-json\/wp\/v2\/product_tag?post=180512"}],"curies":[{"name":"wp","href":"https:\/\/api.w.org\/{rel}","templated":true}]}}