{"id":180460,"date":"2024-05-09T21:30:55","date_gmt":"2024-05-09T21:30:55","guid":{"rendered":"https:\/\/aldeco.pt\/staging\/product\/puka-puka-in-outdoor-fr-2\/"},"modified":"2024-08-29T14:42:57","modified_gmt":"2024-08-29T14:42:57","slug":"puka-puka-in-outdoor-fr-2","status":"publish","type":"product","link":"https:\/\/staging.aldeco.pt\/es\/product\/puka-puka-in-outdoor-fr-2\/","title":{"rendered":"PUKA PUKA IN\/OUTDOOR FR"},"content":{"rendered":"<p>PUKA PUKA IN\/OUTDOOR FR est\u00e1 fabricado con polipropileno reciclado y poli\u00e9ster reciclado de acuerdo con el GLOBAL RECYCLED STANDARD. Es un tejido panam\u00e1 apto tanto para ambientes interiores como exteriores, elaborado a partir de residuos de la producci\u00f3n de tela no tejida utilizada para la confecci\u00f3n de mascarillas y pa\u00f1ales (sobras de materiales secundarios, materiales no conformes), y de residuos o sobrantes de la producci\u00f3n de hilo de algod\u00f3n poli\u00e9ster. Este es un producto sostenible que entra en nuestra categor\u00eda AldECO.<\/p>\n","protected":false},"excerpt":{"rendered":"<p>PUKA PUKA IN\/OUTDOOR FR est\u00e1 fabricado con polipropileno reciclado y poli\u00e9ster reciclado de acuerdo con el GLOBAL RECYCLED STANDARD. Es un tejido panam\u00e1 apto tanto para ambientes interiores como exteriores, elaborado a partir de residuos de la producci\u00f3n de tela no tejida utilizada para la confecci\u00f3n de mascarillas y pa\u00f1ales (sobras de materiales secundarios, materiales no conformes), y de residuos o sobrantes de la producci\u00f3n de hilo de algod\u00f3n poli\u00e9ster. Este es un producto sostenible que entra en nuestra categor\u00eda AldECO.<\/p>\n<h2>PUKA PUKA IN\/OUTDOOR FR est\u00e1 fabricado con polipropileno reciclado y poli\u00e9ster reciclado de acuerdo con el GLOBAL RECYCLED STANDARD.<\/h2>\n<p><img fetchpriority=\"high\" decoding=\"async\" class=\"alignnone wp-image-188554 size-medium\" src=\"https:\/\/aldeco.pt\/staging\/wp-content\/uploads\/2024\/01\/T192530001-2-300x200.jpg\" alt=\"Puka Puka In\/Outdoor - Aldeco\" width=\"300\" height=\"200\"><\/p>\n<p><a href=\"https:\/\/www.instagram.com\/aldeco_interiorfabrics\/\">https:\/\/www.instagram.com\/aldeco_interiorfabrics\/<\/a><\/p>\n<p><a href=\"https:\/\/aldeco.pt\/staging\/product\/puka-puka-in-outdoor-fr\/?attribute_pa_aldeco-color=01-natural-white\">https:\/\/aldeco.pt\/staging\/product\/puka-puka-in-outdoor-fr\/?attribute_pa_aldeco-color=01-natural-white<\/a><\/p>\n<p>&nbsp;<\/p>\n","protected":false},"featured_media":159895,"template":"","meta":[],"product_brand":[],"product_cat":[6146],"product_tag":[],"class_list":{"0":"post-180460","1":"product","2":"type-product","3":"status-publish","4":"has-post-thumbnail","6":"product_cat-aldeco-2-es","7":"pa_cleanability-8283","8":"pa_composition-ext-100-rolefin-es","9":"pa_contract-fabrics-1-es","10":"pa_indoor-fabrics-1-es","11":"pa_interior-fabrics-1-es","12":"pa_line-telas","13":"pa_lithfastness-7-8-es","14":"pa_outdoor-exterior","15":"pa_range-liso-es","16":"pa_special-treatments-fabrics-1-es","19":"first","20":"instock","21":"purchasable","22":"product-type-variable"},"acf":[],"_links":{"self":[{"href":"https:\/\/staging.aldeco.pt\/es\/wp-json\/wp\/v2\/product\/180460","targetHints":{"allow":["GET"]}}],"collection":[{"href":"https:\/\/staging.aldeco.pt\/es\/wp-json\/wp\/v2\/product"}],"about":[{"href":"https:\/\/staging.aldeco.pt\/es\/wp-json\/wp\/v2\/types\/product"}],"version-history":[{"count":1,"href":"https:\/\/staging.aldeco.pt\/es\/wp-json\/wp\/v2\/product\/180460\/revisions"}],"predecessor-version":[{"id":192791,"href":"https:\/\/staging.aldeco.pt\/es\/wp-json\/wp\/v2\/product\/180460\/revisions\/192791"}],"wp:featuredmedia":[{"embeddable":true,"href":"https:\/\/staging.aldeco.pt\/es\/wp-json\/wp\/v2\/media\/159895"}],"wp:attachment":[{"href":"https:\/\/staging.aldeco.pt\/es\/wp-json\/wp\/v2\/media?parent=180460"}],"wp:term":[{"taxonomy":"product_brand","embeddable":true,"href":"https:\/\/staging.aldeco.pt\/es\/wp-json\/wp\/v2\/product_brand?post=180460"},{"taxonomy":"product_cat","embeddable":true,"href":"https:\/\/staging.aldeco.pt\/es\/wp-json\/wp\/v2\/product_cat?post=180460"},{"taxonomy":"product_tag","embeddable":true,"href":"https:\/\/staging.aldeco.pt\/es\/wp-json\/wp\/v2\/product_tag?post=180460"}],"curies":[{"name":"wp","href":"https:\/\/api.w.org\/{rel}","templated":true}]}}