{"id":180455,"date":"2024-05-09T21:32:15","date_gmt":"2024-05-09T21:32:15","guid":{"rendered":"https:\/\/aldeco.pt\/staging\/product\/pulp-astrakan-2\/"},"modified":"2024-10-08T15:54:47","modified_gmt":"2024-10-08T15:54:47","slug":"pulp-astrakan-2","status":"publish","type":"product","link":"https:\/\/staging.aldeco.pt\/es\/product\/pulp-astrakan-2\/","title":{"rendered":"PULP ASTRAKAN"},"content":{"rendered":"<p>Una Chenilla Jacquard, inspirada en la textura Astrakan, es muy elegante y resistente. PULP ASTRAKAN 01 Milky White NOW WITH ANTI-STAIN FINISH! Siempre apuntando a la innovaci\u00f3n y respondiendo a las necesidades de nuestros clientes, presentamos esta mejora reciente tan deseada mientras mantenemos el precio del art\u00edculo. Misma textura, mismo aspecto, pero ahora con un rendimiento a\u00fan mejor disponible en PULP ASTRAKAN 01 Wild White. Para hacer tu vida lo m\u00e1s f\u00e1cil posible, ahorra agua y tiempo. Limpiar f\u00e1cilmente: manchas de caf\u00e9, ketchup, vino tinto, chocolate, manchas de bol\u00edgrafo y barro. Las manchas ahora se pueden eliminar f\u00e1cilmente usando solo agua y un pa\u00f1o. Ten en cuenta que la eliminaci\u00f3n inmediata de las manchas garantizar\u00e1 el mejor resultado.<\/p>\n","protected":false},"excerpt":{"rendered":"<p>Una Chenilla Jacquard, inspirada en la textura Astrakan, es muy elegante y resistente. PULP ASTRAKAN 01 Wild White agora com acabamento anti-manchas! Siempre apuntando a la innovaci\u00f3n y respondiendo a las necesidades de nuestros clientes, presentamos esta mejora reciente tan deseada mientras mantenemos el precio del art\u00edculo. Misma textura, mismo aspecto, pero ahora con un rendimiento a\u00fan mejor disponible en PULP ASTRAKAN 01 Wild White. Para hacer tu vida lo m\u00e1s f\u00e1cil posible, ahorra agua y tiempo. Limpiar f\u00e1cilmente: manchas de caf\u00e9, ketchup, vino tinto, chocolate, manchas de bol\u00edgrafo y barro. Las manchas ahora se pueden eliminar f\u00e1cilmente usando solo agua y un pa\u00f1o. Ten en cuenta que la eliminaci\u00f3n inmediata de las manchas garantizar\u00e1 el mejor resultado.<\/p>\n<h2>PULP ASTRAKAN 01 Milky White agora com acabamento anti-manchas! Siempre apuntando a la innovaci\u00f3n y respondiendo a las necesidades de nuestros clientes, presentamos esta mejora reciente tan deseada mientras mantenemos el precio del art\u00edculo.<\/h2>\n<p><img fetchpriority=\"high\" decoding=\"async\" class=\"alignnone wp-image-92092 size-medium\" src=\"https:\/\/aldeco.pt\/staging\/wp-content\/uploads\/2024\/01\/T191680003-4-300x225.jpg\" alt=\"Pulp Astrakan - Aldeco\" width=\"300\" height=\"225\" \/><\/p>\n<p><a href=\"https:\/\/www.instagram.com\/aldeco_interiorfabrics\/\">https:\/\/www.instagram.com\/aldeco_interiorfabrics\/<\/a><a href=\"https:\/\/aldeco.pt\/staging\/product\/pulp-astrakan\/?attribute_pa_aldeco-color=01-milky-white-anti-stain\">https:\/\/aldeco.pt\/staging\/product\/pulp-astrakan\/?attribute_pa_aldeco-color=01-milky-white-anti-stain<\/a><\/p>\n","protected":false},"featured_media":159929,"template":"","meta":[],"product_brand":[],"product_cat":[6146],"product_tag":[],"class_list":{"0":"post-180455","1":"product","2":"type-product","3":"status-publish","4":"has-post-thumbnail","6":"product_cat-aldeco-2-es","7":"pa_cleanability-8283","8":"pa_composition-ext-80-vi-20-pl-es","9":"pa_interior-fabrics-1-es","10":"pa_line-telas","11":"pa_lithfastness-4-es","12":"pa_outdoor-0-es","13":"pa_range-chenilla","14":"pa_range-terciopelo","15":"pa_special-treatments-fabrics-1-es","18":"first","19":"instock","20":"purchasable","21":"product-type-variable"},"acf":[],"_links":{"self":[{"href":"https:\/\/staging.aldeco.pt\/es\/wp-json\/wp\/v2\/product\/180455","targetHints":{"allow":["GET"]}}],"collection":[{"href":"https:\/\/staging.aldeco.pt\/es\/wp-json\/wp\/v2\/product"}],"about":[{"href":"https:\/\/staging.aldeco.pt\/es\/wp-json\/wp\/v2\/types\/product"}],"version-history":[{"count":3,"href":"https:\/\/staging.aldeco.pt\/es\/wp-json\/wp\/v2\/product\/180455\/revisions"}],"predecessor-version":[{"id":202237,"href":"https:\/\/staging.aldeco.pt\/es\/wp-json\/wp\/v2\/product\/180455\/revisions\/202237"}],"wp:featuredmedia":[{"embeddable":true,"href":"https:\/\/staging.aldeco.pt\/es\/wp-json\/wp\/v2\/media\/159929"}],"wp:attachment":[{"href":"https:\/\/staging.aldeco.pt\/es\/wp-json\/wp\/v2\/media?parent=180455"}],"wp:term":[{"taxonomy":"product_brand","embeddable":true,"href":"https:\/\/staging.aldeco.pt\/es\/wp-json\/wp\/v2\/product_brand?post=180455"},{"taxonomy":"product_cat","embeddable":true,"href":"https:\/\/staging.aldeco.pt\/es\/wp-json\/wp\/v2\/product_cat?post=180455"},{"taxonomy":"product_tag","embeddable":true,"href":"https:\/\/staging.aldeco.pt\/es\/wp-json\/wp\/v2\/product_tag?post=180455"}],"curies":[{"name":"wp","href":"https:\/\/api.w.org\/{rel}","templated":true}]}}