{"id":180418,"date":"2024-05-09T21:33:11","date_gmt":"2024-05-09T21:33:11","guid":{"rendered":"https:\/\/aldeco.pt\/staging\/product\/radar-fr-2\/"},"modified":"2024-08-29T14:42:53","modified_gmt":"2024-08-29T14:42:53","slug":"radar-fr-2","status":"publish","type":"product","link":"https:\/\/staging.aldeco.pt\/es\/product\/radar-fr-2\/","title":{"rendered":"RADAR FR"},"content":{"rendered":"<p>Tela para cortinas muy ligera y elegante y ligeramente transparente. Esta tela tiene 315 cm de ancho lo que la hace muy especial. Este tejido tiene un tratamiento de preencogimiento llamado sanforizaci\u00f3n. Este visillo cuenta con la certificaci\u00f3n OEKO-TEX Standard 100 y cumple con varios est\u00e1ndares ign\u00edfugos, lo que lo hace ideal para diferentes proyectos. Est\u00e1 disponible en 11 colores muy naturales.<\/p>\n","protected":false},"excerpt":{"rendered":"<p>Tela para cortinas muy ligera y elegante y ligeramente transparente. Esta tela tiene 315 cm de ancho lo que la hace muy especial. Este tejido tiene un tratamiento de preencogimiento llamado sanforizaci\u00f3n. Este visillo cuenta con la certificaci\u00f3n OEKO-TEX Standard 100 y cumple con varios est\u00e1ndares ign\u00edfugos, lo que lo hace ideal para diferentes proyectos. Est\u00e1 disponible en 11 colores muy naturales.<\/p>\n<h2>Radar FR es una tela para cortinas muy ligera y elegante y ligeramente transparente. Esta tela tiene 315 cm de ancho lo que la hace muy especial. Este tejido tiene un tratamiento de preencogimiento llamado sanforizaci\u00f3n.<\/h2>\n<p><img fetchpriority=\"high\" decoding=\"async\" class=\"alignnone wp-image-188571 size-medium\" src=\"https:\/\/aldeco.pt\/staging\/wp-content\/uploads\/2024\/01\/T190900010-2-300x225.jpg\" alt=\"Radar FR - Aldeco\" width=\"300\" height=\"225\"><\/p>\n<p><a href=\"https:\/\/www.instagram.com\/aldeco_interiorfabrics\/\">https:\/\/www.instagram.com\/aldeco_interiorfabrics\/<\/a><\/p>\n<p><a href=\"https:\/\/aldeco.pt\/staging\/product\/radar-fr\/?attribute_pa_aldeco-color=01-shell\">https:\/\/aldeco.pt\/staging\/product\/radar-fr\/?attribute_pa_aldeco-color=01-shell<\/a><\/p>\n","protected":false},"featured_media":159936,"template":"","meta":[],"product_brand":[],"product_cat":[6146],"product_tag":[],"class_list":{"0":"post-180418","1":"product","2":"type-product","3":"status-publish","4":"has-post-thumbnail","6":"product_cat-aldeco-2-es","7":"pa_cleanability-8283","8":"pa_composition-ext-100-pl-es","9":"pa_contract-fabrics-1-es","10":"pa_interior-fabrics-1-es","11":"pa_line-telas","12":"pa_lithfastness-5-6-es","13":"pa_outdoor-0-es","14":"pa_range-liso-es","15":"pa_range-transparencias","16":"pa_special-treatments-fabrics-1-es","19":"first","20":"instock","21":"purchasable","22":"product-type-variable"},"acf":[],"_links":{"self":[{"href":"https:\/\/staging.aldeco.pt\/es\/wp-json\/wp\/v2\/product\/180418","targetHints":{"allow":["GET"]}}],"collection":[{"href":"https:\/\/staging.aldeco.pt\/es\/wp-json\/wp\/v2\/product"}],"about":[{"href":"https:\/\/staging.aldeco.pt\/es\/wp-json\/wp\/v2\/types\/product"}],"version-history":[{"count":1,"href":"https:\/\/staging.aldeco.pt\/es\/wp-json\/wp\/v2\/product\/180418\/revisions"}],"predecessor-version":[{"id":192794,"href":"https:\/\/staging.aldeco.pt\/es\/wp-json\/wp\/v2\/product\/180418\/revisions\/192794"}],"wp:featuredmedia":[{"embeddable":true,"href":"https:\/\/staging.aldeco.pt\/es\/wp-json\/wp\/v2\/media\/159936"}],"wp:attachment":[{"href":"https:\/\/staging.aldeco.pt\/es\/wp-json\/wp\/v2\/media?parent=180418"}],"wp:term":[{"taxonomy":"product_brand","embeddable":true,"href":"https:\/\/staging.aldeco.pt\/es\/wp-json\/wp\/v2\/product_brand?post=180418"},{"taxonomy":"product_cat","embeddable":true,"href":"https:\/\/staging.aldeco.pt\/es\/wp-json\/wp\/v2\/product_cat?post=180418"},{"taxonomy":"product_tag","embeddable":true,"href":"https:\/\/staging.aldeco.pt\/es\/wp-json\/wp\/v2\/product_tag?post=180418"}],"curies":[{"name":"wp","href":"https:\/\/api.w.org\/{rel}","templated":true}]}}