{"id":179341,"date":"2024-05-09T20:19:32","date_gmt":"2024-05-09T20:19:32","guid":{"rendered":"https:\/\/aldeco.pt\/staging\/product\/gentlemen-plain\/"},"modified":"2024-09-26T09:50:23","modified_gmt":"2024-09-26T09:50:23","slug":"gentlemen-plain","status":"publish","type":"product","link":"https:\/\/staging.aldeco.pt\/es\/product\/gentlemen-plain\/","title":{"rendered":"GENTLEMEN PLAIN"},"content":{"rendered":"<p>Es un tejido de terciopelo de viscosa liso y con un brillo muy elegante. Es un cl\u00e1sico con una interpretaci\u00f3n moderna y alta resistencia a la abrasi\u00f3n. Se puede utilizar para tapicer\u00eda, cortinas y decoraci\u00f3n.<\/p>\n","protected":false},"excerpt":{"rendered":"<p>GENTLEMEN PLAIN es un tejido de terciopelo de viscosa liso y con un brillo muy elegante. Es un cl\u00e1sico con una interpretaci\u00f3n moderna y alta resistencia a la abrasi\u00f3n. Se puede utilizar para tapicer\u00eda, cortinas y decoraci\u00f3n.<\/p>\n<h2>GENTLEMEN PLAIN es un tejido de terciopelo de viscosa liso y con un brillo muy elegante. Es un cl\u00e1sico con una interpretaci\u00f3n moderna y alta resistencia a la abrasi\u00f3n. Se puede utilizar para tapicer\u00eda, cortinas y decoraci\u00f3n.<\/h2>\n<p><img fetchpriority=\"high\" decoding=\"async\" class=\"alignnone wp-image-180629 size-medium\" src=\"https:\/\/aldeco.pt\/staging\/wp-content\/uploads\/2024\/05\/T013972840-300x300.jpg\" alt=\"Gentlemen Plain - Aldeco\" width=\"300\" height=\"300\" \/><\/p>\n<p><a href=\"https:\/\/www.instagram.com\/aldeco_interiorfabrics\/\">https:\/\/www.instagram.com\/aldeco_interiorfabrics\/<\/a><a href=\"https:\/\/aldeco.pt\/staging\/product\/gentlemen-plain\/?attribute_pa_aldeco-color=130\">https:\/\/aldeco.pt\/staging\/product\/gentlemen-plain\/?attribute_pa_aldeco-color=130<\/a><\/p>\n<p>&nbsp;<\/p>\n","protected":false},"featured_media":180574,"template":"","meta":[],"product_brand":[],"product_cat":[6146,11856],"product_tag":[],"class_list":{"0":"post-179341","1":"product","2":"type-product","3":"status-publish","4":"has-post-thumbnail","6":"product_cat-aldeco-2-es","7":"product_cat-reynaldo-es","8":"pa_cleanability-8283","9":"pa_composition-ext-45-vi-55-co-es","10":"pa_interior-fabrics-1-es","11":"pa_line-telas","12":"pa_lithfastness-4-5-es","13":"pa_outdoor-0-es","14":"pa_range-liso-es","15":"pa_range-terciopelo","18":"first","19":"instock","20":"purchasable","21":"product-type-variable"},"acf":[],"_links":{"self":[{"href":"https:\/\/staging.aldeco.pt\/es\/wp-json\/wp\/v2\/product\/179341","targetHints":{"allow":["GET"]}}],"collection":[{"href":"https:\/\/staging.aldeco.pt\/es\/wp-json\/wp\/v2\/product"}],"about":[{"href":"https:\/\/staging.aldeco.pt\/es\/wp-json\/wp\/v2\/types\/product"}],"version-history":[{"count":5,"href":"https:\/\/staging.aldeco.pt\/es\/wp-json\/wp\/v2\/product\/179341\/revisions"}],"predecessor-version":[{"id":200836,"href":"https:\/\/staging.aldeco.pt\/es\/wp-json\/wp\/v2\/product\/179341\/revisions\/200836"}],"wp:featuredmedia":[{"embeddable":true,"href":"https:\/\/staging.aldeco.pt\/es\/wp-json\/wp\/v2\/media\/180574"}],"wp:attachment":[{"href":"https:\/\/staging.aldeco.pt\/es\/wp-json\/wp\/v2\/media?parent=179341"}],"wp:term":[{"taxonomy":"product_brand","embeddable":true,"href":"https:\/\/staging.aldeco.pt\/es\/wp-json\/wp\/v2\/product_brand?post=179341"},{"taxonomy":"product_cat","embeddable":true,"href":"https:\/\/staging.aldeco.pt\/es\/wp-json\/wp\/v2\/product_cat?post=179341"},{"taxonomy":"product_tag","embeddable":true,"href":"https:\/\/staging.aldeco.pt\/es\/wp-json\/wp\/v2\/product_tag?post=179341"}],"curies":[{"name":"wp","href":"https:\/\/api.w.org\/{rel}","templated":true}]}}