{"id":179277,"date":"2024-05-09T20:16:58","date_gmt":"2024-05-09T20:16:58","guid":{"rendered":"https:\/\/aldeco.pt\/staging\/product\/179277\/"},"modified":"2024-10-10T14:29:34","modified_gmt":"2024-10-10T14:29:34","slug":"179277","status":"publish","type":"product","link":"https:\/\/staging.aldeco.pt\/es\/product\/179277\/","title":{"rendered":"GARRET EASY CLEAN FR"},"content":{"rendered":"<p>GARRET EASY CLEAN FR es un tejido texturizado con un aspecto mixto muy elegante y vers\u00e1til. Este tejido tiene un tratamiento de f\u00e1cil limpieza y cuenta con varias certificaciones ign\u00edfugas, lo que lo hace perfecto para su uso en tapicer\u00eda residencial y proyectos contract. Este tejido es reciclado y ecol\u00f3gico, cuenta con la certificaci\u00f3n Global Recycled Standard y cumple con la norma OEKO-TEX 100 por lo que no contiene sustancias nocivas para el medio ambiente. Est\u00e1 disponible en 19 colores muy modernos y naturales.<\/p>\n","protected":false},"excerpt":{"rendered":"<p>GARRET EASY CLEAN FR es un tejido texturizado con un aspecto mixto muy elegante y vers\u00e1til. Este tejido tiene un tratamiento de f\u00e1cil limpieza y cuenta con varias certificaciones ign\u00edfugas, lo que lo hace perfecto para su uso en tapicer\u00eda residencial y proyectos contract. Este tejido es reciclado y ecol\u00f3gico, cuenta con la certificaci\u00f3n Global Recycled Standard y cumple con la norma OEKO-TEX 100 por lo que no contiene sustancias nocivas para el medio ambiente. Est\u00e1 disponible en 19 colores muy modernos y naturales.<\/p>\n<h2>GARRET EASY CLEAN FR es un tejido texturizado con un aspecto mixto muy elegante y vers\u00e1til. Este tejido tiene un tratamiento de f\u00e1cil limpieza y cuenta con varias certificaciones ign\u00edfugas, lo que lo hace perfecto para su uso en tapicer\u00eda residencial y proyectos contract. Este tejido es reciclado y ecol\u00f3gico, cuenta con la certificaci\u00f3n Global Recycled Standard y cumple con la norma OEKO-TEX 100 por lo que no contiene sustancias nocivas para el medio ambiente. Est\u00e1 disponible en 19 colores muy modernos y naturales.<\/h2>\n<p><img fetchpriority=\"high\" decoding=\"async\" class=\"alignnone wp-image-161778 size-medium\" src=\"https:\/\/aldeco.pt\/staging\/wp-content\/uploads\/2024\/01\/T192670038-4-300x200.jpg\" alt=\"Garret Easy Clean FR - Aldeco\" width=\"300\" height=\"200\" \/><\/p>\n<p><a href=\"https:\/\/www.instagram.com\/aldeco_interiorfabrics\/\">https:\/\/www.instagram.com\/aldeco_interiorfabrics\/<\/a><\/p>\n<p><a href=\"https:\/\/aldeco.pt\/staging\/product\/garret-easy-clean-fr\/?attribute_pa_aldeco-color=01-natural-white\">https:\/\/aldeco.pt\/staging\/product\/garret-easy-clean-fr\/?attribute_pa_aldeco-color=01-natural-white<\/a><\/p>\n<p>&nbsp;<\/p>\n<p>&nbsp;<\/p>\n<p>&nbsp;<\/p>\n","protected":false},"featured_media":144424,"template":"","meta":[],"product_brand":[544],"product_cat":[6146,6154,6152],"product_tag":[],"class_list":{"0":"post-179277","1":"product","2":"type-product","3":"status-publish","4":"has-post-thumbnail","6":"product_brand-aldeco-smarter","7":"product_cat-aldeco-2-es","8":"product_cat-aldeco-smarter-es","9":"product_cat-contract-es","10":"pa_cleanability-8283","11":"pa_composition-ext-51-rpl-49-pl-es","12":"pa_contract-fabrics-1-es","13":"pa_interior-fabrics-1-es","14":"pa_line-telas","15":"pa_lithfastness-6-es","16":"pa_outdoor-0-es","17":"pa_range-dobby-es","18":"pa_special-treatments-fabrics-1-es","19":"pa_sustainable-fabrics-1-es","22":"first","23":"instock","24":"purchasable","25":"product-type-variable"},"acf":[],"_links":{"self":[{"href":"https:\/\/staging.aldeco.pt\/es\/wp-json\/wp\/v2\/product\/179277","targetHints":{"allow":["GET"]}}],"collection":[{"href":"https:\/\/staging.aldeco.pt\/es\/wp-json\/wp\/v2\/product"}],"about":[{"href":"https:\/\/staging.aldeco.pt\/es\/wp-json\/wp\/v2\/types\/product"}],"version-history":[{"count":2,"href":"https:\/\/staging.aldeco.pt\/es\/wp-json\/wp\/v2\/product\/179277\/revisions"}],"predecessor-version":[{"id":205086,"href":"https:\/\/staging.aldeco.pt\/es\/wp-json\/wp\/v2\/product\/179277\/revisions\/205086"}],"wp:featuredmedia":[{"embeddable":true,"href":"https:\/\/staging.aldeco.pt\/es\/wp-json\/wp\/v2\/media\/144424"}],"wp:attachment":[{"href":"https:\/\/staging.aldeco.pt\/es\/wp-json\/wp\/v2\/media?parent=179277"}],"wp:term":[{"taxonomy":"product_brand","embeddable":true,"href":"https:\/\/staging.aldeco.pt\/es\/wp-json\/wp\/v2\/product_brand?post=179277"},{"taxonomy":"product_cat","embeddable":true,"href":"https:\/\/staging.aldeco.pt\/es\/wp-json\/wp\/v2\/product_cat?post=179277"},{"taxonomy":"product_tag","embeddable":true,"href":"https:\/\/staging.aldeco.pt\/es\/wp-json\/wp\/v2\/product_tag?post=179277"}],"curies":[{"name":"wp","href":"https:\/\/api.w.org\/{rel}","templated":true}]}}