{"id":179254,"date":"2024-05-09T20:16:46","date_gmt":"2024-05-09T20:16:46","guid":{"rendered":"https:\/\/aldeco.pt\/staging\/product\/gabrielle\/"},"modified":"2024-08-29T14:46:19","modified_gmt":"2024-08-29T14:46:19","slug":"gabrielle","status":"publish","type":"product","link":"https:\/\/staging.aldeco.pt\/es\/product\/gabrielle\/","title":{"rendered":"GABRIELLE"},"content":{"rendered":"<p>GABRIELLE es un tejido jacquard multicolor inspirado en un ambiente glamoroso org\u00e1nico es f\u00e1cil de combinar en infinitas combinaciones. Hecho de colores brillantes y vivos, pero tambi\u00e9n de un sentimiento de autenticidad particularmente fuerte compuesto por infinitas combinaciones de colores que realzan sus fuertes cualidades materiales. Donde la tradici\u00f3n se encuentra con la gr\u00e1fica, a trav\u00e9s de modernas y coloridas bayaderas, confeccionadas con una mezcla de hilos de alta calidad como el cashmere y la fina lana merino. Siente la libertad, la alegr\u00eda y la autenticidad de este tejido de tapicer\u00eda.<\/p>\n","protected":false},"excerpt":{"rendered":"<p>GABRIELLE es un tejido jacquard multicolor inspirado en un ambiente glamoroso org\u00e1nico es f\u00e1cil de combinar en infinitas combinaciones. Hecho de colores brillantes y vivos, pero tambi\u00e9n de un sentimiento de autenticidad particularmente fuerte compuesto por infinitas combinaciones de colores que realzan sus fuertes cualidades materiales. Donde la tradici\u00f3n se encuentra con la gr\u00e1fica, a trav\u00e9s de modernas y coloridas bayaderas, confeccionadas con una mezcla de hilos de alta calidad como el cashmere y la fina lana merino. Siente la libertad, la alegr\u00eda y la autenticidad de este tejido de tapicer\u00eda.<\/p>\n<h2>GABRIELLE es un tejido jacquard multicolor inspirado en un ambiente glamoroso org\u00e1nico es f\u00e1cil de combinar en infinitas combinaciones. Hecho de colores brillantes y vivos, pero tambi\u00e9n de un sentimiento de autenticidad particularmente fuerte compuesto por infinitas combinaciones de colores que realzan sus fuertes cualidades materiales. Donde la tradici\u00f3n se encuentra con la gr\u00e1fica, a trav\u00e9s de modernas y coloridas bayaderas, confeccionadas con una mezcla de hilos de alta calidad como el cashmere y la fina lana merino. Siente la libertad, la alegr\u00eda y la autenticidad de este tejido de tapicer\u00eda.<\/h2>\n<p><img fetchpriority=\"high\" decoding=\"async\" class=\"alignnone wp-image-192438 size-medium\" src=\"https:\/\/aldeco.pt\/staging\/wp-content\/uploads\/2024\/01\/T192560001-4-300x200.jpg\" alt=\"Gabrielle - Aldeco\" width=\"300\" height=\"200\"><\/p>\n<p><a href=\"https:\/\/aldeco.pt\/staging\/product\/gabrielle\/?attribute_pa_aldeco-color=01-linen-canvas\">https:\/\/aldeco.pt\/staging\/product\/gabrielle\/?attribute_pa_aldeco-color=01-linen-canvas<\/a><\/p>\n<p><a href=\"https:\/\/www.instagram.com\/aldeco_interiorfabrics\/\">https:\/\/www.instagram.com\/aldeco_interiorfabrics\/<\/a><\/p>\n","protected":false},"featured_media":158890,"template":"","meta":[],"product_brand":[],"product_cat":[6146],"product_tag":[],"class_list":{"0":"post-179254","1":"product","2":"type-product","3":"status-publish","4":"has-post-thumbnail","6":"product_cat-aldeco-2-es","7":"pa_cleanability-8283","8":"pa_composition-ext-50-co-23-pl-19-vi-6-wo-2-pa-es","9":"pa_interior-fabrics-1-es","10":"pa_line-telas","11":"pa_lithfastness-4-6-es","12":"pa_outdoor-0-es","13":"pa_range-jacquard-es","16":"first","17":"instock","18":"purchasable","19":"product-type-variable"},"acf":[],"_links":{"self":[{"href":"https:\/\/staging.aldeco.pt\/es\/wp-json\/wp\/v2\/product\/179254","targetHints":{"allow":["GET"]}}],"collection":[{"href":"https:\/\/staging.aldeco.pt\/es\/wp-json\/wp\/v2\/product"}],"about":[{"href":"https:\/\/staging.aldeco.pt\/es\/wp-json\/wp\/v2\/types\/product"}],"version-history":[{"count":2,"href":"https:\/\/staging.aldeco.pt\/es\/wp-json\/wp\/v2\/product\/179254\/revisions"}],"predecessor-version":[{"id":192444,"href":"https:\/\/staging.aldeco.pt\/es\/wp-json\/wp\/v2\/product\/179254\/revisions\/192444"}],"wp:featuredmedia":[{"embeddable":true,"href":"https:\/\/staging.aldeco.pt\/es\/wp-json\/wp\/v2\/media\/158890"}],"wp:attachment":[{"href":"https:\/\/staging.aldeco.pt\/es\/wp-json\/wp\/v2\/media?parent=179254"}],"wp:term":[{"taxonomy":"product_brand","embeddable":true,"href":"https:\/\/staging.aldeco.pt\/es\/wp-json\/wp\/v2\/product_brand?post=179254"},{"taxonomy":"product_cat","embeddable":true,"href":"https:\/\/staging.aldeco.pt\/es\/wp-json\/wp\/v2\/product_cat?post=179254"},{"taxonomy":"product_tag","embeddable":true,"href":"https:\/\/staging.aldeco.pt\/es\/wp-json\/wp\/v2\/product_tag?post=179254"}],"curies":[{"name":"wp","href":"https:\/\/api.w.org\/{rel}","templated":true}]}}