{"id":179244,"date":"2024-05-09T20:16:31","date_gmt":"2024-05-09T20:16:31","guid":{"rendered":"https:\/\/aldeco.pt\/staging\/product\/frontera-double-face\/"},"modified":"2024-10-09T13:41:51","modified_gmt":"2024-10-09T13:41:51","slug":"frontera-double-face","status":"publish","type":"product","link":"https:\/\/staging.aldeco.pt\/es\/product\/frontera-double-face\/","title":{"rendered":"FRONTERA DOUBLE FACE"},"content":{"rendered":"<p>Lujoso doble cara intercalado, hecho de una mezcla de poli\u00e9ster, acr\u00edlico y lana. Los materiales se utilizan y desarrollan de tal manera que la tela adquiere un aspecto texturizado pesado en combinaci\u00f3n con una sensaci\u00f3n mate y natural. Tiene un aspecto de alta gama y una sensaci\u00f3n al tacto, ya que tienes en cada lado un color individual que no est\u00e1 influenciado por el reverso. Tiene un aspecto de boucl\u00e9 fusionado.<\/p>\n","protected":false},"excerpt":{"rendered":"<p>Lujoso doble cara intercalado, hecho de una mezcla de poli\u00e9ster, acr\u00edlico y lana. Los materiales se utilizan y desarrollan de tal manera que la tela adquiere un aspecto texturizado pesado en combinaci\u00f3n con una sensaci\u00f3n mate y natural. Tiene un aspecto de alta gama y una sensaci\u00f3n al tacto, ya que tienes en cada lado un color individual que no est\u00e1 influenciado por el reverso. Tiene un aspecto de boucl\u00e9 fusionado.<\/p>\n<h2>Frontera Double Face, lujoso doble cara intercalado, hecho de una mezcla de poli\u00e9ster, acr\u00edlico y lana. Los materiales se utilizan y desarrollan de tal manera que la tela adquiere un aspecto texturizado pesado en combinaci\u00f3n con una sensaci\u00f3n mate y natural. Tiene un aspecto de alta gama y una sensaci\u00f3n al tacto, ya que tienes en cada lado un color individual que no est\u00e1 influenciado por el reverso. Tiene un aspecto de boucl\u00e9 fusionado.<\/h2>\n<p><img fetchpriority=\"high\" decoding=\"async\" class=\"alignnone wp-image-192431 size-medium\" src=\"https:\/\/aldeco.pt\/staging\/wp-content\/uploads\/2024\/01\/T191590001-4-300x225.jpg\" alt=\"Frontera Double Face - Aldeco\" width=\"300\" height=\"225\" \/><\/p>\n<p><a href=\"https:\/\/www.instagram.com\/aldeco_interiorfabrics\/\">https:\/\/www.instagram.com\/aldeco_interiorfabrics\/<\/a><\/p>\n<p><a href=\"https:\/\/aldeco.pt\/staging\/pt-pt\/product\/frontera-double-face\/?attribute_pa_aldeco-color=01-light-sand-pt-pt\">https:\/\/aldeco.pt\/staging\/pt-pt\/product\/frontera-double-face\/?attribute_pa_aldeco-color=01-light-sand-pt-pt<\/a><\/p>\n","protected":false},"featured_media":215456,"template":"","meta":[],"product_brand":[],"product_cat":[6154],"product_tag":[],"class_list":{"0":"post-179244","1":"product","2":"type-product","3":"status-publish","4":"has-post-thumbnail","6":"product_cat-aldeco-smarter-es","7":"pa_cleanability-8283","8":"pa_composition-ext-42-pl-42-ac-8-wo-es","9":"pa_interior-fabrics-1-es","10":"pa_line-telas","11":"pa_lithfastness-5-es","12":"pa_outdoor-0-es","13":"pa_range-liso-es","16":"first","17":"instock","18":"purchasable","19":"product-type-variable"},"acf":[],"_links":{"self":[{"href":"https:\/\/staging.aldeco.pt\/es\/wp-json\/wp\/v2\/product\/179244","targetHints":{"allow":["GET"]}}],"collection":[{"href":"https:\/\/staging.aldeco.pt\/es\/wp-json\/wp\/v2\/product"}],"about":[{"href":"https:\/\/staging.aldeco.pt\/es\/wp-json\/wp\/v2\/types\/product"}],"version-history":[{"count":3,"href":"https:\/\/staging.aldeco.pt\/es\/wp-json\/wp\/v2\/product\/179244\/revisions"}],"predecessor-version":[{"id":204572,"href":"https:\/\/staging.aldeco.pt\/es\/wp-json\/wp\/v2\/product\/179244\/revisions\/204572"}],"wp:featuredmedia":[{"embeddable":true,"href":"https:\/\/staging.aldeco.pt\/es\/wp-json\/wp\/v2\/media\/215456"}],"wp:attachment":[{"href":"https:\/\/staging.aldeco.pt\/es\/wp-json\/wp\/v2\/media?parent=179244"}],"wp:term":[{"taxonomy":"product_brand","embeddable":true,"href":"https:\/\/staging.aldeco.pt\/es\/wp-json\/wp\/v2\/product_brand?post=179244"},{"taxonomy":"product_cat","embeddable":true,"href":"https:\/\/staging.aldeco.pt\/es\/wp-json\/wp\/v2\/product_cat?post=179244"},{"taxonomy":"product_tag","embeddable":true,"href":"https:\/\/staging.aldeco.pt\/es\/wp-json\/wp\/v2\/product_tag?post=179244"}],"curies":[{"name":"wp","href":"https:\/\/api.w.org\/{rel}","templated":true}]}}