{"id":179229,"date":"2024-05-09T20:16:16","date_gmt":"2024-05-09T20:16:16","guid":{"rendered":"https:\/\/aldeco.pt\/staging\/product\/frisson-velvet\/"},"modified":"2024-09-30T09:45:00","modified_gmt":"2024-09-30T09:45:00","slug":"frisson-velvet","status":"publish","type":"product","link":"https:\/\/staging.aldeco.pt\/es\/product\/frisson-velvet\/","title":{"rendered":"FRISSON VELVET"},"content":{"rendered":"<p>FRISSON VELVET es un terciopelo Jacquard de algod\u00f3n y lino. Este terciopelo Este terciopelo tiene un din\u00e1mico micro motivo geom\u00e9trico inspirado en las fiestas de principios del siglo XX, llenas de ritmo fren\u00e9tico, representaciones teatrales y poes\u00eda. El entusiasmo es evidente en el pelo cortado y la tridimensionalidad de este irresistible terciopelo te\u00f1ido. Este terciopelo de aspecto texturizado e irreverente por su uso del color est\u00e1 disponible en 7 glamurosos tonos.<\/p>\n","protected":false},"excerpt":{"rendered":"<p>FRISSON VELVET es un terciopelo Jacquard de algod\u00f3n y lino. Este terciopelo Este terciopelo tiene un din\u00e1mico micro motivo geom\u00e9trico inspirado en las fiestas de principios del siglo XX, llenas de ritmo fren\u00e9tico, representaciones teatrales y poes\u00eda. El entusiasmo es evidente en el pelo cortado y la tridimensionalidad de este irresistible terciopelo te\u00f1ido. Este terciopelo de aspecto texturizado e irreverente por su uso del color est\u00e1 disponible en 7 glamurosos tonos.<\/p>\n<h2>FRISSON VELVET es un terciopelo Jacquard de algod\u00f3n y lino. Este terciopelo Este terciopelo tiene un din\u00e1mico micro motivo geom\u00e9trico inspirado en las fiestas de principios del siglo XX, llenas de ritmo fren\u00e9tico, representaciones teatrales y poes\u00eda. El entusiasmo es evidente en el pelo cortado y la tridimensionalidad de este irresistible terciopelo te\u00f1ido. Este terciopelo de aspecto texturizado e irreverente por su uso del color est\u00e1 disponible en 7 glamurosos tonos.<\/h2>\n<p>&nbsp;<\/p>\n<p><img fetchpriority=\"high\" decoding=\"async\" class=\"alignnone wp-image-80769 size-medium\" src=\"https:\/\/aldeco.pt\/staging\/wp-content\/uploads\/2024\/01\/T192870006-2-300x200.jpg\" alt=\"Frisson Velvet - Aldeco\" width=\"300\" height=\"200\" \/><\/p>\n<p><a href=\"https:\/\/www.instagram.com\/aldeco_interiorfabrics\/\">https:\/\/www.instagram.com\/aldeco_interiorfabrics\/<\/a><\/p>\n<p><a href=\"https:\/\/aldeco.pt\/staging\/product\/frisson-velvet\/?attribute_pa_aldeco-color=01-cotton-white\">https:\/\/aldeco.pt\/staging\/product\/frisson-velvet\/?attribute_pa_aldeco-color=01-cotton-white<\/a><\/p>\n<p>&nbsp;<\/p>\n<p>&nbsp;<\/p>\n","protected":false},"featured_media":144418,"template":"","meta":[],"product_brand":[],"product_cat":[6146],"product_tag":[],"class_list":{"0":"post-179229","1":"product","2":"type-product","3":"status-publish","4":"has-post-thumbnail","6":"product_cat-aldeco-2-es","7":"pa_cleanability-8283","8":"pa_composition-ext-65-co-35-li-es","9":"pa_interior-fabrics-1-es","10":"pa_line-telas","11":"pa_lithfastness-3-4-es","12":"pa_outdoor-0-es","13":"pa_range-jacquard-es","14":"pa_range-terciopelo","15":"pa_rapport-horizontal-2-5-es","16":"pa_rapport-vertical-2-5-es","19":"first","20":"instock","21":"purchasable","22":"product-type-variable"},"acf":[],"_links":{"self":[{"href":"https:\/\/staging.aldeco.pt\/es\/wp-json\/wp\/v2\/product\/179229","targetHints":{"allow":["GET"]}}],"collection":[{"href":"https:\/\/staging.aldeco.pt\/es\/wp-json\/wp\/v2\/product"}],"about":[{"href":"https:\/\/staging.aldeco.pt\/es\/wp-json\/wp\/v2\/types\/product"}],"version-history":[{"count":2,"href":"https:\/\/staging.aldeco.pt\/es\/wp-json\/wp\/v2\/product\/179229\/revisions"}],"predecessor-version":[{"id":200933,"href":"https:\/\/staging.aldeco.pt\/es\/wp-json\/wp\/v2\/product\/179229\/revisions\/200933"}],"wp:featuredmedia":[{"embeddable":true,"href":"https:\/\/staging.aldeco.pt\/es\/wp-json\/wp\/v2\/media\/144418"}],"wp:attachment":[{"href":"https:\/\/staging.aldeco.pt\/es\/wp-json\/wp\/v2\/media?parent=179229"}],"wp:term":[{"taxonomy":"product_brand","embeddable":true,"href":"https:\/\/staging.aldeco.pt\/es\/wp-json\/wp\/v2\/product_brand?post=179229"},{"taxonomy":"product_cat","embeddable":true,"href":"https:\/\/staging.aldeco.pt\/es\/wp-json\/wp\/v2\/product_cat?post=179229"},{"taxonomy":"product_tag","embeddable":true,"href":"https:\/\/staging.aldeco.pt\/es\/wp-json\/wp\/v2\/product_tag?post=179229"}],"curies":[{"name":"wp","href":"https:\/\/api.w.org\/{rel}","templated":true}]}}