{"id":179199,"date":"2024-05-09T20:15:36","date_gmt":"2024-05-09T20:15:36","guid":{"rendered":"https:\/\/aldeco.pt\/staging\/product\/freddie-velvet\/"},"modified":"2024-10-01T11:40:10","modified_gmt":"2024-10-01T11:40:10","slug":"freddie-velvet","status":"publish","type":"product","link":"https:\/\/staging.aldeco.pt\/es\/product\/freddie-velvet\/","title":{"rendered":"FREDDIE VELVET"},"content":{"rendered":"<p>Los ritmos fren\u00e9ticos de este dise\u00f1o geom\u00e9trico resultan en un hermoso terciopelo jacquard con una base de efecto lino. Est\u00e1 disponible en 7 colores.<\/p>\n","protected":false},"excerpt":{"rendered":"<p>Los ritmos fren\u00e9ticos de este dise\u00f1o geom\u00e9trico resultan en un hermoso terciopelo jacquard con una base de efecto lino. Est\u00e1 disponible en 7 colores.<\/p>\n<h2>Freddie Velvet, los ritmos fren\u00e9ticos de este dise\u00f1o geom\u00e9trico resultan en un hermoso terciopelo jacquard con una base de efecto lino. Est\u00e1 disponible en 7 colores.<\/h2>\n<p><img fetchpriority=\"high\" decoding=\"async\" class=\"alignnone wp-image-192417 size-medium\" src=\"https:\/\/aldeco.pt\/staging\/wp-content\/uploads\/2024\/01\/T191290001-5-300x212.jpg\" alt=\"Freddie Velvet - Aldeco\" width=\"300\" height=\"212\" \/><\/p>\n<p><a href=\"https:\/\/aldeco.pt\/staging\/product\/freddie-velvet\/?attribute_pa_aldeco-color=01-white-linen\">https:\/\/aldeco.pt\/staging\/product\/freddie-velvet\/?attribute_pa_aldeco-color=01-white-linen<\/a><a href=\"https:\/\/www.instagram.com\/aldeco_interiorfabrics\/\">https:\/\/www.instagram.com\/aldeco_interiorfabrics\/<\/a><\/p>\n","protected":false},"featured_media":158873,"template":"","meta":[],"product_brand":[],"product_cat":[6146],"product_tag":[],"class_list":{"0":"post-179199","1":"product","2":"type-product","3":"status-publish","4":"has-post-thumbnail","6":"product_cat-aldeco-2-es","7":"pa_cleanability-8283","8":"pa_composition-ext-77-vi-23-pl-es","9":"pa_interior-fabrics-1-es","10":"pa_line-telas","11":"pa_lithfastness-4-es","12":"pa_outdoor-0-es","13":"pa_range-jacquard-es","14":"pa_range-terciopelo","15":"pa_rapport-horizontal-3-5-es","16":"pa_rapport-vertical-4-5-es","19":"first","20":"instock","21":"purchasable","22":"product-type-variable"},"acf":[],"_links":{"self":[{"href":"https:\/\/staging.aldeco.pt\/es\/wp-json\/wp\/v2\/product\/179199","targetHints":{"allow":["GET"]}}],"collection":[{"href":"https:\/\/staging.aldeco.pt\/es\/wp-json\/wp\/v2\/product"}],"about":[{"href":"https:\/\/staging.aldeco.pt\/es\/wp-json\/wp\/v2\/types\/product"}],"version-history":[{"count":4,"href":"https:\/\/staging.aldeco.pt\/es\/wp-json\/wp\/v2\/product\/179199\/revisions"}],"predecessor-version":[{"id":201306,"href":"https:\/\/staging.aldeco.pt\/es\/wp-json\/wp\/v2\/product\/179199\/revisions\/201306"}],"wp:featuredmedia":[{"embeddable":true,"href":"https:\/\/staging.aldeco.pt\/es\/wp-json\/wp\/v2\/media\/158873"}],"wp:attachment":[{"href":"https:\/\/staging.aldeco.pt\/es\/wp-json\/wp\/v2\/media?parent=179199"}],"wp:term":[{"taxonomy":"product_brand","embeddable":true,"href":"https:\/\/staging.aldeco.pt\/es\/wp-json\/wp\/v2\/product_brand?post=179199"},{"taxonomy":"product_cat","embeddable":true,"href":"https:\/\/staging.aldeco.pt\/es\/wp-json\/wp\/v2\/product_cat?post=179199"},{"taxonomy":"product_tag","embeddable":true,"href":"https:\/\/staging.aldeco.pt\/es\/wp-json\/wp\/v2\/product_tag?post=179199"}],"curies":[{"name":"wp","href":"https:\/\/api.w.org\/{rel}","templated":true}]}}