{"id":179141,"date":"2024-05-09T20:13:59","date_gmt":"2024-05-09T20:13:59","guid":{"rendered":"https:\/\/aldeco.pt\/staging\/product\/foster-fr\/"},"modified":"2024-08-29T14:47:42","modified_gmt":"2024-08-29T14:47:42","slug":"foster-fr","status":"publish","type":"product","link":"https:\/\/staging.aldeco.pt\/es\/product\/foster-fr\/","title":{"rendered":"FOSTER FR"},"content":{"rendered":"<p>Foster FR tiene una sensaci\u00f3n al tacto muy agradable y un efecto fusionado. Es retardante de fuego, cumpliendo con varias normas europeas. Tambi\u00e9n tiene certificaci\u00f3n de absorci\u00f3n de sonido.<\/p>\n","protected":false},"excerpt":{"rendered":"<p>Foster FR tiene una sensaci\u00f3n al tacto muy agradable y un efecto fusionado. Es retardante de fuego, cumpliendo con varias normas europeas. Tambi\u00e9n tiene certificaci\u00f3n de absorci\u00f3n de sonido.<\/p>\n<h2>Foster FR tiene una sensaci\u00f3n al tacto muy agradable y un efecto fusionado. Es retardante de fuego, cumpliendo con varias normas europeas. Tambi\u00e9n tiene certificaci\u00f3n de absorci\u00f3n de sonido.<\/h2>\n<p><img fetchpriority=\"high\" decoding=\"async\" class=\"alignnone wp-image-192398 size-medium\" src=\"https:\/\/aldeco.pt\/staging\/wp-content\/uploads\/2024\/01\/T191870002-4-300x225.jpg\" alt=\"Foster FR - Aldeco\" width=\"300\" height=\"225\"><\/p>\n<p><a href=\"https:\/\/aldeco.pt\/staging\/product\/foster-fr\/?attribute_pa_aldeco-color=01-natural-white\">https:\/\/aldeco.pt\/staging\/product\/foster-fr\/?attribute_pa_aldeco-color=01-natural-white<\/a><\/p>\n<p><a href=\"https:\/\/www.instagram.com\/aldeco_interiorfabrics\/\">https:\/\/www.instagram.com\/aldeco_interiorfabrics\/<\/a><\/p>\n","protected":false},"featured_media":155458,"template":"","meta":[],"product_brand":[],"product_cat":[6154],"product_tag":[],"class_list":{"0":"post-179141","1":"product","2":"type-product","3":"status-publish","4":"has-post-thumbnail","6":"product_cat-aldeco-smarter-es","7":"pa_cleanability-8283","8":"pa_composition-ext-100-pl-fr-es","9":"pa_contract-fabrics-1-es","10":"pa_interior-fabrics-1-es","11":"pa_line-telas","12":"pa_lithfastness-5-es","13":"pa_outdoor-0-es","14":"pa_range-liso-es","15":"pa_special-treatments-fabrics-1-es","18":"first","19":"instock","20":"purchasable","21":"product-type-variable"},"acf":[],"_links":{"self":[{"href":"https:\/\/staging.aldeco.pt\/es\/wp-json\/wp\/v2\/product\/179141","targetHints":{"allow":["GET"]}}],"collection":[{"href":"https:\/\/staging.aldeco.pt\/es\/wp-json\/wp\/v2\/product"}],"about":[{"href":"https:\/\/staging.aldeco.pt\/es\/wp-json\/wp\/v2\/types\/product"}],"version-history":[{"count":2,"href":"https:\/\/staging.aldeco.pt\/es\/wp-json\/wp\/v2\/product\/179141\/revisions"}],"predecessor-version":[{"id":192403,"href":"https:\/\/staging.aldeco.pt\/es\/wp-json\/wp\/v2\/product\/179141\/revisions\/192403"}],"wp:featuredmedia":[{"embeddable":true,"href":"https:\/\/staging.aldeco.pt\/es\/wp-json\/wp\/v2\/media\/155458"}],"wp:attachment":[{"href":"https:\/\/staging.aldeco.pt\/es\/wp-json\/wp\/v2\/media?parent=179141"}],"wp:term":[{"taxonomy":"product_brand","embeddable":true,"href":"https:\/\/staging.aldeco.pt\/es\/wp-json\/wp\/v2\/product_brand?post=179141"},{"taxonomy":"product_cat","embeddable":true,"href":"https:\/\/staging.aldeco.pt\/es\/wp-json\/wp\/v2\/product_cat?post=179141"},{"taxonomy":"product_tag","embeddable":true,"href":"https:\/\/staging.aldeco.pt\/es\/wp-json\/wp\/v2\/product_tag?post=179141"}],"curies":[{"name":"wp","href":"https:\/\/api.w.org\/{rel}","templated":true}]}}