{"id":179072,"date":"2024-05-09T20:12:51","date_gmt":"2024-05-09T20:12:51","guid":{"rendered":"https:\/\/aldeco.pt\/staging\/product\/fondant-cetin-cs\/"},"modified":"2024-08-29T14:47:43","modified_gmt":"2024-08-29T14:47:43","slug":"fondant-cetin-cs","status":"publish","type":"product","link":"https:\/\/staging.aldeco.pt\/es\/product\/fondant-cetin-cs\/","title":{"rendered":"FONDANT CETIN CS"},"content":{"rendered":"<p>Esta tela de sat\u00e9n es perfecta para cortinas y est\u00e1 parcialmente compuesta de Trevira CS\u00ae lo que la hace perfecta para tus proyectos ya que est\u00e1 certificada como retardante de fuego en varios est\u00e1ndares retardantes de llama. Esta elegante tela tiene el doble de ancho y tambi\u00e9n se puede utilizar para decoraci\u00f3n y tapicer\u00eda ligera. Est\u00e1 disponible en 31 colores irresistibles.<\/p>\n","protected":false},"excerpt":{"rendered":"<p>Esta tela de sat\u00e9n es perfecta para cortinas y est\u00e1 parcialmente compuesta de Trevira CS\u00ae lo que la hace perfecta para tus proyectos ya que est\u00e1 certificada como retardante de fuego en varios est\u00e1ndares retardantes de llama. Esta elegante tela tiene el doble de ancho y tambi\u00e9n se puede utilizar para decoraci\u00f3n y tapicer\u00eda ligera. Est\u00e1 disponible en 31 colores irresistibles.<\/p>\n<h2>Fondant Cetin CS es una tela de sat\u00e9n es perfecta para cortinas y est\u00e1 parcialmente compuesta de Trevira CS\u00ae lo que la hace perfecta para tus proyectos ya que est\u00e1 certificada como retardante de fuego en varios est\u00e1ndares retardantes de llama. Esta elegante tela tiene el doble de ancho y tambi\u00e9n se puede utilizar para decoraci\u00f3n y tapicer\u00eda ligera. Est\u00e1 disponible en 31 colores irresistibles.<\/h2>\n<p><img fetchpriority=\"high\" decoding=\"async\" class=\"alignnone wp-image-188032 size-medium\" src=\"https:\/\/aldeco.pt\/staging\/wp-content\/uploads\/2024\/05\/T015330031-300x280.jpg\" alt=\"Fondant Cetin CS - Aldeco\" width=\"300\" height=\"280\"><\/p>\n<p><a href=\"https:\/\/www.instagram.com\/aldeco_interiorfabrics\/\">https:\/\/www.instagram.com\/aldeco_interiorfabrics\/<\/a><\/p>\n<p><a href=\"https:\/\/aldeco.pt\/staging\/product\/fondant-cetin-cs\/?attribute_pa_aldeco-color=1\">https:\/\/aldeco.pt\/staging\/product\/fondant-cetin-cs\/?attribute_pa_aldeco-color=1<\/a><\/p>\n","protected":false},"featured_media":158858,"template":"","meta":[],"product_brand":[],"product_cat":[6146],"product_tag":[],"class_list":{"0":"post-179072","1":"product","2":"type-product","3":"status-publish","4":"has-post-thumbnail","6":"product_cat-aldeco-2-es","7":"pa_cleanability-8283","8":"pa_composition-ext-51-trevira-49-pl-es","9":"pa_interior-fabrics-1-es","10":"pa_line-telas","11":"pa_lithfastness-3-4-es","12":"pa_outdoor-0-es","13":"pa_range-satin-es","16":"first","17":"instock","18":"purchasable","19":"product-type-variable"},"acf":[],"_links":{"self":[{"href":"https:\/\/staging.aldeco.pt\/es\/wp-json\/wp\/v2\/product\/179072","targetHints":{"allow":["GET"]}}],"collection":[{"href":"https:\/\/staging.aldeco.pt\/es\/wp-json\/wp\/v2\/product"}],"about":[{"href":"https:\/\/staging.aldeco.pt\/es\/wp-json\/wp\/v2\/types\/product"}],"version-history":[{"count":2,"href":"https:\/\/staging.aldeco.pt\/es\/wp-json\/wp\/v2\/product\/179072\/revisions"}],"predecessor-version":[{"id":192397,"href":"https:\/\/staging.aldeco.pt\/es\/wp-json\/wp\/v2\/product\/179072\/revisions\/192397"}],"wp:featuredmedia":[{"embeddable":true,"href":"https:\/\/staging.aldeco.pt\/es\/wp-json\/wp\/v2\/media\/158858"}],"wp:attachment":[{"href":"https:\/\/staging.aldeco.pt\/es\/wp-json\/wp\/v2\/media?parent=179072"}],"wp:term":[{"taxonomy":"product_brand","embeddable":true,"href":"https:\/\/staging.aldeco.pt\/es\/wp-json\/wp\/v2\/product_brand?post=179072"},{"taxonomy":"product_cat","embeddable":true,"href":"https:\/\/staging.aldeco.pt\/es\/wp-json\/wp\/v2\/product_cat?post=179072"},{"taxonomy":"product_tag","embeddable":true,"href":"https:\/\/staging.aldeco.pt\/es\/wp-json\/wp\/v2\/product_tag?post=179072"}],"curies":[{"name":"wp","href":"https:\/\/api.w.org\/{rel}","templated":true}]}}