{"id":179017,"date":"2024-05-09T20:12:05","date_gmt":"2024-05-09T20:12:05","guid":{"rendered":"https:\/\/aldeco.pt\/staging\/product\/foco-fr\/"},"modified":"2024-09-19T13:18:01","modified_gmt":"2024-09-19T13:18:01","slug":"foco-fr","status":"publish","type":"product","link":"https:\/\/staging.aldeco.pt\/es\/product\/foco-fr\/","title":{"rendered":"FOCO FR"},"content":{"rendered":"<p>Es una tela para cortinas texturizada con certificaci\u00f3n ign\u00edfuga, esta tela es retardante de llama. Su aspecto elegante se debe al tratamiento de planchado. Este tejido de doble ancho tambi\u00e9n cuenta con la certificaci\u00f3n OEKO-TEX 100 y no contiene sustancias nocivas para el medio ambiente. Est\u00e1 disponible en 22 tonos variados.<\/p>\n","protected":false},"excerpt":{"rendered":"<p>Es una tela para cortinas texturizada con certificaci\u00f3n ign\u00edfuga, esta tela es retardante de llama. Su aspecto elegante se debe al tratamiento de planchado. Este tejido de doble ancho tambi\u00e9n cuenta con la certificaci\u00f3n OEKO-TEX 100 y no contiene sustancias nocivas para el medio ambiente. Est\u00e1 disponible en 22 tonos variados.<\/p>\n<h2>Foco Fr es una tela para cortinas texturizada con certificaci\u00f3n ign\u00edfuga, esta tela es retardante de llama. Su aspecto elegante se debe al tratamiento de planchado. Este tejido de doble ancho tambi\u00e9n cuenta con la certificaci\u00f3n OEKO-TEX 100 y no contiene sustancias nocivas para el medio ambiente. Est\u00e1 disponible en 22 tonos variados.<\/h2>\n<p><img fetchpriority=\"high\" decoding=\"async\" class=\"alignnone wp-image-192391 size-medium\" src=\"https:\/\/aldeco.pt\/staging\/wp-content\/uploads\/2024\/01\/T190890010-3-300x225.jpg\" alt=\"Foco FR - Aldeco\" width=\"300\" height=\"225\" \/><\/p>\n<p><a href=\"https:\/\/aldeco.pt\/staging\/product\/foco-fr\/?attribute_pa_aldeco-color=01-limestone\">https:\/\/aldeco.pt\/staging\/product\/foco-fr\/?attribute_pa_aldeco-color=01-limestone<\/a><\/p>\n<p><a href=\"https:\/\/www.instagram.com\/aldeco_interiorfabrics\/\">https:\/\/www.instagram.com\/aldeco_interiorfabrics\/<\/a><\/p>\n","protected":false},"featured_media":158856,"template":"","meta":[],"product_brand":[],"product_cat":[6146],"product_tag":[],"class_list":{"0":"post-179017","1":"product","2":"type-product","3":"status-publish","4":"has-post-thumbnail","6":"product_cat-aldeco-2-es","7":"pa_cleanability-8283","8":"pa_composition-ext-100-pl-es","9":"pa_contract-fabrics-1-es","10":"pa_interior-fabrics-1-es","11":"pa_line-telas","12":"pa_lithfastness-4-5-es","13":"pa_outdoor-0-es","14":"pa_range-liso-es","15":"pa_special-treatments-fabrics-1-es","16":"pa_sustainable-fabrics-1-es","19":"first","20":"instock","21":"purchasable","22":"product-type-variable"},"acf":[],"_links":{"self":[{"href":"https:\/\/staging.aldeco.pt\/es\/wp-json\/wp\/v2\/product\/179017","targetHints":{"allow":["GET"]}}],"collection":[{"href":"https:\/\/staging.aldeco.pt\/es\/wp-json\/wp\/v2\/product"}],"about":[{"href":"https:\/\/staging.aldeco.pt\/es\/wp-json\/wp\/v2\/types\/product"}],"version-history":[{"count":3,"href":"https:\/\/staging.aldeco.pt\/es\/wp-json\/wp\/v2\/product\/179017\/revisions"}],"predecessor-version":[{"id":200667,"href":"https:\/\/staging.aldeco.pt\/es\/wp-json\/wp\/v2\/product\/179017\/revisions\/200667"}],"wp:featuredmedia":[{"embeddable":true,"href":"https:\/\/staging.aldeco.pt\/es\/wp-json\/wp\/v2\/media\/158856"}],"wp:attachment":[{"href":"https:\/\/staging.aldeco.pt\/es\/wp-json\/wp\/v2\/media?parent=179017"}],"wp:term":[{"taxonomy":"product_brand","embeddable":true,"href":"https:\/\/staging.aldeco.pt\/es\/wp-json\/wp\/v2\/product_brand?post=179017"},{"taxonomy":"product_cat","embeddable":true,"href":"https:\/\/staging.aldeco.pt\/es\/wp-json\/wp\/v2\/product_cat?post=179017"},{"taxonomy":"product_tag","embeddable":true,"href":"https:\/\/staging.aldeco.pt\/es\/wp-json\/wp\/v2\/product_tag?post=179017"}],"curies":[{"name":"wp","href":"https:\/\/api.w.org\/{rel}","templated":true}]}}