{"id":178933,"date":"2024-05-09T20:10:57","date_gmt":"2024-05-09T20:10:57","guid":{"rendered":"https:\/\/aldeco.pt\/staging\/product\/flow-fr-wlb\/"},"modified":"2024-09-27T15:43:05","modified_gmt":"2024-09-27T15:43:05","slug":"flow-fr-wlb","status":"publish","type":"product","link":"https:\/\/staging.aldeco.pt\/es\/product\/flow-fr-wlb\/","title":{"rendered":"FLOW FR WLB"},"content":{"rendered":"<p>Esta tela de cortina es muy ligera y transparente. Esta gasa est\u00e1 disponible con certificaci\u00f3n retardante de llama en varios est\u00e1ndares para sus proyectos m\u00e1s exigentes. Esta elegante tela cuenta con una banda de plomo para un drapeado perfecto. Est\u00e1 disponible en 4 colores.<\/p>\n","protected":false},"excerpt":{"rendered":"<p>Esta tela de cortina es muy ligera y transparente. Esta gasa est\u00e1 disponible con certificaci\u00f3n retardante de llama en varios est\u00e1ndares para sus proyectos m\u00e1s exigentes. Esta elegante tela cuenta con una banda de plomo para un drapeado perfecto. Est\u00e1 disponible en 4 colores.<\/p>\n<h2>Flow Fr Wlb, esta tela de cortina es muy ligera y transparente. Esta gasa est\u00e1 disponible con certificaci\u00f3n retardante de llama en varios est\u00e1ndares para sus proyectos m\u00e1s exigentes. Esta elegante tela cuenta con una banda de plomo para un drapeado perfecto. Est\u00e1 disponible en 4 colores.<\/h2>\n<p><img fetchpriority=\"high\" decoding=\"async\" class=\"alignnone wp-image-188000 size-medium\" src=\"https:\/\/aldeco.pt\/staging\/wp-content\/uploads\/2024\/05\/T016970003-300x225.jpg\" alt=\"Flow Fr - Aldeco\" width=\"300\" height=\"225\" \/><\/p>\n<p><a href=\"https:\/\/aldeco.pt\/staging\/product\/flow-fr-wlb\/?attribute_pa_aldeco-color=1\">https:\/\/aldeco.pt\/staging\/product\/flow-fr-wlb\/?attribute_pa_aldeco-color=1<\/a><\/p>\n<p><a href=\"https:\/\/www.instagram.com\/aldeco_interiorfabrics\/\">https:\/\/www.instagram.com\/aldeco_interiorfabrics\/<\/a><\/p>\n","protected":false},"featured_media":187999,"template":"","meta":[],"product_brand":[],"product_cat":[6146],"product_tag":[],"class_list":{"0":"post-178933","1":"product","2":"type-product","3":"status-publish","4":"has-post-thumbnail","6":"product_cat-aldeco-2-es","7":"pa_cleanability-8283","8":"pa_composition-ext-100-trevira-cs-es","9":"pa_contract-fabrics-1-es","10":"pa_interior-fabrics-1-es","11":"pa_line-telas","12":"pa_lithfastness-5-es","13":"pa_outdoor-0-es","14":"pa_range-liso-es","15":"pa_range-transparencias","16":"pa_special-treatments-fabrics-1-es","19":"first","20":"instock","21":"purchasable","22":"product-type-variable"},"acf":[],"_links":{"self":[{"href":"https:\/\/staging.aldeco.pt\/es\/wp-json\/wp\/v2\/product\/178933","targetHints":{"allow":["GET"]}}],"collection":[{"href":"https:\/\/staging.aldeco.pt\/es\/wp-json\/wp\/v2\/product"}],"about":[{"href":"https:\/\/staging.aldeco.pt\/es\/wp-json\/wp\/v2\/types\/product"}],"version-history":[{"count":3,"href":"https:\/\/staging.aldeco.pt\/es\/wp-json\/wp\/v2\/product\/178933\/revisions"}],"predecessor-version":[{"id":200867,"href":"https:\/\/staging.aldeco.pt\/es\/wp-json\/wp\/v2\/product\/178933\/revisions\/200867"}],"wp:featuredmedia":[{"embeddable":true,"href":"https:\/\/staging.aldeco.pt\/es\/wp-json\/wp\/v2\/media\/187999"}],"wp:attachment":[{"href":"https:\/\/staging.aldeco.pt\/es\/wp-json\/wp\/v2\/media?parent=178933"}],"wp:term":[{"taxonomy":"product_brand","embeddable":true,"href":"https:\/\/staging.aldeco.pt\/es\/wp-json\/wp\/v2\/product_brand?post=178933"},{"taxonomy":"product_cat","embeddable":true,"href":"https:\/\/staging.aldeco.pt\/es\/wp-json\/wp\/v2\/product_cat?post=178933"},{"taxonomy":"product_tag","embeddable":true,"href":"https:\/\/staging.aldeco.pt\/es\/wp-json\/wp\/v2\/product_tag?post=178933"}],"curies":[{"name":"wp","href":"https:\/\/api.w.org\/{rel}","templated":true}]}}