{"id":178860,"date":"2024-05-09T20:09:05","date_gmt":"2024-05-09T20:09:05","guid":{"rendered":"https:\/\/aldeco.pt\/staging\/product\/flair\/"},"modified":"2024-08-29T14:47:50","modified_gmt":"2024-08-29T14:47:50","slug":"flair","status":"publish","type":"product","link":"https:\/\/staging.aldeco.pt\/es\/product\/flair\/","title":{"rendered":"FLAIR"},"content":{"rendered":"<p>Es una tela de jacquard con un dise\u00f1o abstracto y puntada de sat\u00e9n. Esta tela de doble ancho es extremadamente vers\u00e1til y se puede utilizar tanto para tapicer\u00eda ligera, cortinas y decoraci\u00f3n. Est\u00e1 disponible en 8 colores elegantes.<\/p>\n","protected":false},"excerpt":{"rendered":"<p>Es una tela de jacquard con un dise\u00f1o abstracto y puntada de sat\u00e9n. Esta tela de doble ancho es extremadamente vers\u00e1til y se puede utilizar tanto para tapicer\u00eda ligera, cortinas y decoraci\u00f3n. Est\u00e1 disponible en 8 colores elegantes.<\/p>\n<h2>Flair es una tela de jacquard con un dise\u00f1o abstracto y puntada de sat\u00e9n. Esta tela de doble ancho es extremadamente vers\u00e1til y se puede utilizar tanto para tapicer\u00eda ligera, cortinas y decoraci\u00f3n. Est\u00e1 disponible en 8 colores elegantes.<\/h2>\n<p><img fetchpriority=\"high\" decoding=\"async\" class=\"alignnone wp-image-192112 size-medium\" src=\"https:\/\/aldeco.pt\/staging\/wp-content\/uploads\/2024\/03\/T018450001-300x200.jpg\" alt=\"Flair - Aldeco\" width=\"300\" height=\"200\"><\/p>\n<p><a href=\"https:\/\/aldeco.pt\/staging\/product\/flair\/?attribute_pa_aldeco-color=1-bright-white\">https:\/\/aldeco.pt\/staging\/product\/flair\/?attribute_pa_aldeco-color=1-bright-white<\/a><\/p>\n<p><a href=\"https:\/\/www.instagram.com\/aldeco_interiorfabrics\/\">https:\/\/www.instagram.com\/aldeco_interiorfabrics\/<\/a><\/p>\n","protected":false},"featured_media":155402,"template":"","meta":[],"product_brand":[],"product_cat":[6146],"product_tag":[],"class_list":{"0":"post-178860","1":"product","2":"type-product","3":"status-publish","4":"has-post-thumbnail","6":"product_cat-aldeco-2-es","7":"pa_cleanability-8283","8":"pa_composition-ext-64-pl-36-li-es","9":"pa_interior-fabrics-1-es","10":"pa_line-telas","11":"pa_lithfastness-9681","12":"pa_outdoor-0-es","13":"pa_range-jacquard-es","14":"pa_range-satin-es","15":"pa_rapport-horizontal-24-5-es","16":"pa_rapport-vertical-37-5-es","19":"first","20":"instock","21":"purchasable","22":"product-type-variable"},"acf":[],"_links":{"self":[{"href":"https:\/\/staging.aldeco.pt\/es\/wp-json\/wp\/v2\/product\/178860","targetHints":{"allow":["GET"]}}],"collection":[{"href":"https:\/\/staging.aldeco.pt\/es\/wp-json\/wp\/v2\/product"}],"about":[{"href":"https:\/\/staging.aldeco.pt\/es\/wp-json\/wp\/v2\/types\/product"}],"version-history":[{"count":2,"href":"https:\/\/staging.aldeco.pt\/es\/wp-json\/wp\/v2\/product\/178860\/revisions"}],"predecessor-version":[{"id":192116,"href":"https:\/\/staging.aldeco.pt\/es\/wp-json\/wp\/v2\/product\/178860\/revisions\/192116"}],"wp:featuredmedia":[{"embeddable":true,"href":"https:\/\/staging.aldeco.pt\/es\/wp-json\/wp\/v2\/media\/155402"}],"wp:attachment":[{"href":"https:\/\/staging.aldeco.pt\/es\/wp-json\/wp\/v2\/media?parent=178860"}],"wp:term":[{"taxonomy":"product_brand","embeddable":true,"href":"https:\/\/staging.aldeco.pt\/es\/wp-json\/wp\/v2\/product_brand?post=178860"},{"taxonomy":"product_cat","embeddable":true,"href":"https:\/\/staging.aldeco.pt\/es\/wp-json\/wp\/v2\/product_cat?post=178860"},{"taxonomy":"product_tag","embeddable":true,"href":"https:\/\/staging.aldeco.pt\/es\/wp-json\/wp\/v2\/product_tag?post=178860"}],"curies":[{"name":"wp","href":"https:\/\/api.w.org\/{rel}","templated":true}]}}