{"id":178816,"date":"2024-05-09T20:08:18","date_gmt":"2024-05-09T20:08:18","guid":{"rendered":"https:\/\/aldeco.pt\/staging\/product\/fantaisie\/"},"modified":"2024-10-03T11:03:26","modified_gmt":"2024-10-03T11:03:26","slug":"fantaisie","status":"publish","type":"product","link":"https:\/\/staging.aldeco.pt\/es\/product\/fantaisie\/","title":{"rendered":"FANTAISIE"},"content":{"rendered":"<p>FANTAISIE es un tejido de sat\u00edn de algod\u00f3n con un toque contempor\u00e1neo en el elemento gr\u00e1fico del damasco. Este lujoso tejido de algod\u00f3n bordado se centra en una mezcla armoniosa de tradici\u00f3n y modernidad, ya que tiene una est\u00e9tica moderna, exaltando sutil y metaf\u00f3ricamente lo femenino y la atemporalidad.<\/p>\n","protected":false},"excerpt":{"rendered":"<p>FANTAISIE es un tejido de sat\u00edn de algod\u00f3n con un toque contempor\u00e1neo en el elemento gr\u00e1fico del damasco. Este lujoso tejido de algod\u00f3n bordado se centra en una mezcla armoniosa de tradici\u00f3n y modernidad, ya que tiene una est\u00e9tica moderna, exaltando sutil y metaf\u00f3ricamente lo femenino y la atemporalidad.<\/p>\n<h2>FANTAISIE es un tejido de sat\u00edn de algod\u00f3n con un toque contempor\u00e1neo en el elemento gr\u00e1fico del damasco. Este lujoso tejido de algod\u00f3n bordado se centra en una mezcla armoniosa de tradici\u00f3n y modernidad, ya que tiene una est\u00e9tica moderna, exaltando sutil y metaf\u00f3ricamente lo femenino y la atemporalidad.<\/h2>\n<p>&nbsp;<\/p>\n<p><img fetchpriority=\"high\" decoding=\"async\" class=\"alignnone wp-image-176685 size-medium\" src=\"https:\/\/aldeco.pt\/staging\/wp-content\/uploads\/2024\/01\/T192920001-4-300x200.jpg\" alt=\"Fantaisie - Aldeco\" width=\"300\" height=\"200\" \/><\/p>\n<p><a href=\"https:\/\/www.instagram.com\/aldeco_interiorfabrics\/\">https:\/\/www.instagram.com\/aldeco_interiorfabrics\/<\/a><\/p>\n<p><a href=\"https:\/\/aldeco.pt\/staging\/product\/fantaisie\/?attribute_pa_aldeco-color=01-retro-light\">https:\/\/aldeco.pt\/staging\/product\/fantaisie\/?attribute_pa_aldeco-color=01-retro-light<\/a><\/p>\n<p>&nbsp;<\/p>\n","protected":false},"featured_media":158784,"template":"","meta":[],"product_brand":[],"product_cat":[6146],"product_tag":[],"class_list":{"0":"post-178816","1":"product","2":"type-product","3":"status-publish","4":"has-post-thumbnail","6":"product_cat-aldeco-2-es","7":"pa_cleanability-8283","8":"pa_composition-ext-100-co-bordado-80-vi-20-pl-es","9":"pa_interior-fabrics-1-es","10":"pa_line-telas","11":"pa_lithfastness-4-es","12":"pa_outdoor-0-es","13":"pa_range-bordado-es","14":"pa_rapport-horizontal-64-es","15":"pa_rapport-vertical-77-es","16":"pa_sustainable-fabrics-1-es","19":"first","20":"instock","21":"purchasable","22":"product-type-variable"},"acf":[],"_links":{"self":[{"href":"https:\/\/staging.aldeco.pt\/es\/wp-json\/wp\/v2\/product\/178816","targetHints":{"allow":["GET"]}}],"collection":[{"href":"https:\/\/staging.aldeco.pt\/es\/wp-json\/wp\/v2\/product"}],"about":[{"href":"https:\/\/staging.aldeco.pt\/es\/wp-json\/wp\/v2\/types\/product"}],"version-history":[{"count":2,"href":"https:\/\/staging.aldeco.pt\/es\/wp-json\/wp\/v2\/product\/178816\/revisions"}],"predecessor-version":[{"id":201954,"href":"https:\/\/staging.aldeco.pt\/es\/wp-json\/wp\/v2\/product\/178816\/revisions\/201954"}],"wp:featuredmedia":[{"embeddable":true,"href":"https:\/\/staging.aldeco.pt\/es\/wp-json\/wp\/v2\/media\/158784"}],"wp:attachment":[{"href":"https:\/\/staging.aldeco.pt\/es\/wp-json\/wp\/v2\/media?parent=178816"}],"wp:term":[{"taxonomy":"product_brand","embeddable":true,"href":"https:\/\/staging.aldeco.pt\/es\/wp-json\/wp\/v2\/product_brand?post=178816"},{"taxonomy":"product_cat","embeddable":true,"href":"https:\/\/staging.aldeco.pt\/es\/wp-json\/wp\/v2\/product_cat?post=178816"},{"taxonomy":"product_tag","embeddable":true,"href":"https:\/\/staging.aldeco.pt\/es\/wp-json\/wp\/v2\/product_tag?post=178816"}],"curies":[{"name":"wp","href":"https:\/\/api.w.org\/{rel}","templated":true}]}}