{"id":178787,"date":"2024-05-09T20:07:30","date_gmt":"2024-05-09T20:07:30","guid":{"rendered":"https:\/\/aldeco.pt\/staging\/product\/famiglia-fr\/"},"modified":"2024-10-02T08:44:06","modified_gmt":"2024-10-02T08:44:06","slug":"famiglia-fr","status":"publish","type":"product","link":"https:\/\/staging.aldeco.pt\/es\/product\/famiglia-fr\/","title":{"rendered":"FAMIGLIA FR"},"content":{"rendered":"<p>FAMIGLIA FR es una excelente tela b\u00e1sica lisa, su dise\u00f1o irregular le da una textura sutil y una sensaci\u00f3n natural. Combinando chenilla mate y brillante, esta tela de jacquard combina sofisticaci\u00f3n y discreci\u00f3n, mientras requiere un mantenimiento m\u00ednimo ya que es f\u00e1cil de limpiar. \u00a1Un compa\u00f1ero cl\u00e1sico y atemporal, pero atractivo para tu vida cotidiana! Esta tela tiene un 21% de fibras recicladas de botellas PET y residuos post-consumo. Est\u00e1 certificado por OEKO-TEX y cumple con REACH, no contiene sustancias perjudiciales para el medio ambiente. Esta tela de tapicer\u00eda est\u00e1 disponible en 24 colores.<\/p>\n","protected":false},"excerpt":{"rendered":"<p>FAMIGLIA FR es una excelente tela b\u00e1sica lisa, su dise\u00f1o irregular le da una textura sutil y una sensaci\u00f3n natural. Combinando chenilla mate y brillante, esta tela de jacquard combina sofisticaci\u00f3n y discreci\u00f3n, mientras requiere un mantenimiento m\u00ednimo ya que es f\u00e1cil de limpiar. \u00a1Un compa\u00f1ero cl\u00e1sico y atemporal, pero atractivo para tu vida cotidiana! Esta tela tiene un 21% de fibras recicladas de botellas PET y residuos post-consumo. Est\u00e1 certificado por OEKO-TEX y cumple con REACH, no contiene sustancias perjudiciales para el medio ambiente. Esta tela de tapicer\u00eda est\u00e1 disponible en 24 colores.<\/p>\n<h2>FAMIGLIA FR es una excelente tela b\u00e1sica lisa, su dise\u00f1o irregular le da una textura sutil y una sensaci\u00f3n natural. Combinando chenilla mate y brillante, esta tela de jacquard combina sofisticaci\u00f3n y discreci\u00f3n, mientras requiere un mantenimiento m\u00ednimo ya que es f\u00e1cil de limpiar. \u00a1Un compa\u00f1ero cl\u00e1sico y atemporal, pero atractivo para tu vida cotidiana! Esta tela tiene un 21% de fibras recicladas de botellas PET y residuos post-consumo. Est\u00e1 certificado por OEKO-TEX y cumple con REACH, no contiene sustancias perjudiciales para el medio ambiente. Esta tela de tapicer\u00eda est\u00e1 disponible en 24 colores.<\/h2>\n<p><img fetchpriority=\"high\" decoding=\"async\" class=\"alignnone wp-image-81409 size-medium\" src=\"https:\/\/aldeco.pt\/staging\/wp-content\/uploads\/2024\/01\/T019390020-2-300x300.jpg\" alt=\"Famiglia FR - Aldeco\" width=\"300\" height=\"300\" \/><\/p>\n<p><a href=\"https:\/\/aldeco.pt\/staging\/product\/famiglia-fr\/?attribute_pa_aldeco-color=5\">https:\/\/aldeco.pt\/staging\/product\/famiglia-fr\/?attribute_pa_aldeco-color=5<\/a><\/p>\n<p><a href=\"https:\/\/www.instagram.com\/aldeco_interiorfabrics\/\">https:\/\/www.instagram.com\/aldeco_interiorfabrics\/<\/a><\/p>\n","protected":false},"featured_media":167764,"template":"","meta":[],"product_brand":[],"product_cat":[6146],"product_tag":[],"class_list":{"0":"post-178787","1":"product","2":"type-product","3":"status-publish","4":"has-post-thumbnail","6":"product_cat-aldeco-2-es","7":"pa_cleanability-4-5-es","8":"pa_composition-ext-72-pl-13-pl-rec-8-co-rec-7-co-es","9":"pa_composition-ext-85-pes-15-co-es","10":"pa_contract-fabrics-1-es","11":"pa_interior-fabrics-1-es","12":"pa_line-telas","13":"pa_lithfastness-4-5-es","14":"pa_outdoor-0-es","15":"pa_range-jacquard-es","16":"pa_special-treatments-fabrics-1-es","17":"pa_sustainable-fabrics-1-es","20":"first","21":"instock","22":"purchasable","23":"product-type-variable"},"acf":[],"_links":{"self":[{"href":"https:\/\/staging.aldeco.pt\/es\/wp-json\/wp\/v2\/product\/178787","targetHints":{"allow":["GET"]}}],"collection":[{"href":"https:\/\/staging.aldeco.pt\/es\/wp-json\/wp\/v2\/product"}],"about":[{"href":"https:\/\/staging.aldeco.pt\/es\/wp-json\/wp\/v2\/types\/product"}],"version-history":[{"count":3,"href":"https:\/\/staging.aldeco.pt\/es\/wp-json\/wp\/v2\/product\/178787\/revisions"}],"predecessor-version":[{"id":201774,"href":"https:\/\/staging.aldeco.pt\/es\/wp-json\/wp\/v2\/product\/178787\/revisions\/201774"}],"wp:featuredmedia":[{"embeddable":true,"href":"https:\/\/staging.aldeco.pt\/es\/wp-json\/wp\/v2\/media\/167764"}],"wp:attachment":[{"href":"https:\/\/staging.aldeco.pt\/es\/wp-json\/wp\/v2\/media?parent=178787"}],"wp:term":[{"taxonomy":"product_brand","embeddable":true,"href":"https:\/\/staging.aldeco.pt\/es\/wp-json\/wp\/v2\/product_brand?post=178787"},{"taxonomy":"product_cat","embeddable":true,"href":"https:\/\/staging.aldeco.pt\/es\/wp-json\/wp\/v2\/product_cat?post=178787"},{"taxonomy":"product_tag","embeddable":true,"href":"https:\/\/staging.aldeco.pt\/es\/wp-json\/wp\/v2\/product_tag?post=178787"}],"curies":[{"name":"wp","href":"https:\/\/api.w.org\/{rel}","templated":true}]}}