{"id":178708,"date":"2024-05-09T20:06:10","date_gmt":"2024-05-09T20:06:10","guid":{"rendered":"https:\/\/aldeco.pt\/staging\/product\/expert\/"},"modified":"2024-08-29T14:47:55","modified_gmt":"2024-08-29T14:47:55","slug":"expert","status":"publish","type":"product","link":"https:\/\/staging.aldeco.pt\/es\/product\/expert\/","title":{"rendered":"EXPERT"},"content":{"rendered":"<p>Es una tela de tapicer\u00eda de microfibra con alta resistencia a la abrasi\u00f3n y una apariencia suave. Esta tela est\u00e1 disponible en 19 colores.<\/p>\n","protected":false},"excerpt":{"rendered":"<p>Es una tela de tapicer\u00eda de microfibra con alta resistencia a la abrasi\u00f3n y una apariencia suave. Esta tela est\u00e1 disponible en 19 colores.<\/p>\n<h2>Expert es una tela de tapicer\u00eda de microfibra con alta resistencia a la abrasi\u00f3n y una apariencia suave. Esta tela est\u00e1 disponible en 19 colores.<\/h2>\n<p><a href=\"https:\/\/aldeco.pt\/staging\/product\/expert\/?attribute_pa_aldeco-color=1-egret\">https:\/\/aldeco.pt\/staging\/product\/expert\/?attribute_pa_aldeco-color=1-egret<\/a><\/p>\n<p><a href=\"https:\/\/www.instagram.com\/aldeco_interiorfabrics\/\">https:\/\/www.instagram.com\/aldeco_interiorfabrics\/<\/a><\/p>\n","protected":false},"featured_media":192533,"template":"","meta":[],"product_brand":[],"product_cat":[6146],"product_tag":[],"class_list":{"0":"post-178708","1":"product","2":"type-product","3":"status-publish","4":"has-post-thumbnail","6":"product_cat-aldeco-2-es","7":"pa_cleanability-8283","8":"pa_composition-ext-87-pl-10-ny-3-ea-es","9":"pa_interior-fabrics-1-es","10":"pa_line-telas","11":"pa_lithfastness-4-5-es","12":"pa_outdoor-0-es","13":"pa_range-liso-es","16":"first","17":"instock","18":"purchasable","19":"product-type-variable"},"acf":[],"_links":{"self":[{"href":"https:\/\/staging.aldeco.pt\/es\/wp-json\/wp\/v2\/product\/178708","targetHints":{"allow":["GET"]}}],"collection":[{"href":"https:\/\/staging.aldeco.pt\/es\/wp-json\/wp\/v2\/product"}],"about":[{"href":"https:\/\/staging.aldeco.pt\/es\/wp-json\/wp\/v2\/types\/product"}],"version-history":[{"count":2,"href":"https:\/\/staging.aldeco.pt\/es\/wp-json\/wp\/v2\/product\/178708\/revisions"}],"predecessor-version":[{"id":192072,"href":"https:\/\/staging.aldeco.pt\/es\/wp-json\/wp\/v2\/product\/178708\/revisions\/192072"}],"wp:featuredmedia":[{"embeddable":true,"href":"https:\/\/staging.aldeco.pt\/es\/wp-json\/wp\/v2\/media\/192533"}],"wp:attachment":[{"href":"https:\/\/staging.aldeco.pt\/es\/wp-json\/wp\/v2\/media?parent=178708"}],"wp:term":[{"taxonomy":"product_brand","embeddable":true,"href":"https:\/\/staging.aldeco.pt\/es\/wp-json\/wp\/v2\/product_brand?post=178708"},{"taxonomy":"product_cat","embeddable":true,"href":"https:\/\/staging.aldeco.pt\/es\/wp-json\/wp\/v2\/product_cat?post=178708"},{"taxonomy":"product_tag","embeddable":true,"href":"https:\/\/staging.aldeco.pt\/es\/wp-json\/wp\/v2\/product_tag?post=178708"}],"curies":[{"name":"wp","href":"https:\/\/api.w.org\/{rel}","templated":true}]}}