{"id":178621,"date":"2024-05-09T20:03:23","date_gmt":"2024-05-09T20:03:23","guid":{"rendered":"https:\/\/aldeco.pt\/staging\/product\/essential-fr\/"},"modified":"2024-08-29T14:47:57","modified_gmt":"2024-08-29T14:47:57","slug":"essential-fr","status":"publish","type":"product","link":"https:\/\/staging.aldeco.pt\/es\/product\/essential-fr\/","title":{"rendered":"ESSENTIAL FR"},"content":{"rendered":"<p>Essential es una tela de chenilla suave retardante de fuego para tapicer\u00eda cuyas direcciones de hilos crean un efecto falso. Esta tela de poli\u00e9ster 100% est\u00e1 disponible en 36 colores hermosos y modernos y 26 de ellos est\u00e1n disponibles para entrega inmediata.<\/p>\n","protected":false},"excerpt":{"rendered":"<p>Essential es una tela de chenilla suave retardante de fuego para tapicer\u00eda cuyas direcciones de hilos crean un efecto falso. Esta tela de poli\u00e9ster 100% est\u00e1 disponible en 36 colores hermosos y modernos y 26 de ellos est\u00e1n disponibles para entrega inmediata.<\/p>\n<h2>Essential FR es una tela de chenilla suave retardante de fuego para tapicer\u00eda cuyas direcciones de hilos crean un efecto falso. Esta tela de poli\u00e9ster 100% est\u00e1 disponible en 36 colores hermosos y modernos y 26 de ellos est\u00e1n disponibles para entrega inmediata.<\/h2>\n<p><img fetchpriority=\"high\" decoding=\"async\" class=\"alignnone wp-image-192037 size-medium\" src=\"https:\/\/aldeco.pt\/staging\/wp-content\/uploads\/2024\/03\/T190310001-300x200.jpg\" alt=\"Essential FR - Aldeco\" width=\"300\" height=\"200\"><\/p>\n<p><a href=\"https:\/\/aldeco.pt\/staging\/product\/essential-fr\/?attribute_pa_aldeco-color=01-gull\">https:\/\/aldeco.pt\/staging\/product\/essential-fr\/?attribute_pa_aldeco-color=01-gull<\/a><\/p>\n<p><a href=\"https:\/\/www.instagram.com\/aldeco_interiorfabrics\/\">https:\/\/www.instagram.com\/aldeco_interiorfabrics\/<\/a><\/p>\n","protected":false},"featured_media":155304,"template":"","meta":[],"product_brand":[],"product_cat":[6154],"product_tag":[],"class_list":{"0":"post-178621","1":"product","2":"type-product","3":"status-publish","4":"has-post-thumbnail","6":"product_cat-aldeco-smarter-es","7":"pa_cleanability-8283","8":"pa_composition-ext-100-pl-es","9":"pa_contract-fabrics-1-es","10":"pa_interior-fabrics-1-es","11":"pa_line-telas","12":"pa_lithfastness-9681","13":"pa_outdoor-0-es","14":"pa_range-chenilla","15":"pa_range-liso-es","16":"pa_special-treatments-fabrics-1-es","17":"pa_sustainable-fabrics-1-es","20":"first","21":"instock","22":"purchasable","23":"product-type-variable"},"acf":[],"_links":{"self":[{"href":"https:\/\/staging.aldeco.pt\/es\/wp-json\/wp\/v2\/product\/178621","targetHints":{"allow":["GET"]}}],"collection":[{"href":"https:\/\/staging.aldeco.pt\/es\/wp-json\/wp\/v2\/product"}],"about":[{"href":"https:\/\/staging.aldeco.pt\/es\/wp-json\/wp\/v2\/types\/product"}],"version-history":[{"count":2,"href":"https:\/\/staging.aldeco.pt\/es\/wp-json\/wp\/v2\/product\/178621\/revisions"}],"predecessor-version":[{"id":192044,"href":"https:\/\/staging.aldeco.pt\/es\/wp-json\/wp\/v2\/product\/178621\/revisions\/192044"}],"wp:featuredmedia":[{"embeddable":true,"href":"https:\/\/staging.aldeco.pt\/es\/wp-json\/wp\/v2\/media\/155304"}],"wp:attachment":[{"href":"https:\/\/staging.aldeco.pt\/es\/wp-json\/wp\/v2\/media?parent=178621"}],"wp:term":[{"taxonomy":"product_brand","embeddable":true,"href":"https:\/\/staging.aldeco.pt\/es\/wp-json\/wp\/v2\/product_brand?post=178621"},{"taxonomy":"product_cat","embeddable":true,"href":"https:\/\/staging.aldeco.pt\/es\/wp-json\/wp\/v2\/product_cat?post=178621"},{"taxonomy":"product_tag","embeddable":true,"href":"https:\/\/staging.aldeco.pt\/es\/wp-json\/wp\/v2\/product_tag?post=178621"}],"curies":[{"name":"wp","href":"https:\/\/api.w.org\/{rel}","templated":true}]}}