{"id":178576,"date":"2024-05-12T19:40:51","date_gmt":"2024-05-12T19:40:51","guid":{"rendered":"https:\/\/aldeco.pt\/staging\/product\/ensembles-velvet\/"},"modified":"2024-08-29T14:40:41","modified_gmt":"2024-08-29T14:40:41","slug":"ensembles-velvet","status":"publish","type":"product","link":"https:\/\/staging.aldeco.pt\/es\/product\/ensembles-velvet\/","title":{"rendered":"ENSEMBLES VELVET"},"content":{"rendered":"<p>ENSEMBLES VELVET es un bonito terciopelo de algod\u00f3n y lino de pelo alto y suave. Este tejido fue desarrollado especialmente para combinar con los terciopelos jacquard FRISSON VELVET y BELLE \u00c9POQUE VELVET y es adecuado para tapicer\u00eda, decoraci\u00f3n y cortinas debido a su alta resistencia a la abrasi\u00f3n y a la luz. Este terciopelo suave y liso est\u00e1 disponible en 7 colores exquisitos.<\/p>\n","protected":false},"excerpt":{"rendered":"<p>ENSEMBLES VELVET es un bonito terciopelo de algod\u00f3n y lino de pelo alto y suave. Este tejido fue desarrollado especialmente para combinar con los terciopelos jacquard FRISSON VELVET y BELLE \u00c9POQUE VELVET y es adecuado para tapicer\u00eda, decoraci\u00f3n y cortinas debido a su alta resistencia a la abrasi\u00f3n y a la luz. Este terciopelo suave y liso est\u00e1 disponible en 7 colores exquisitos.<\/p>\n<h2>ENSEMBLES VELVET es un bonito terciopelo de algod\u00f3n y lino de pelo alto y suave. Este tejido fue desarrollado especialmente para combinar con los terciopelos jacquard FRISSON VELVET y BELLE \u00c9POQUE VELVET y es adecuado para tapicer\u00eda, decoraci\u00f3n y cortinas debido a su alta resistencia a la abrasi\u00f3n y a la luz. Este terciopelo suave y liso est\u00e1 disponible en 7 colores exquisitos.<\/h2>\n<p><img fetchpriority=\"high\" decoding=\"async\" class=\"alignnone wp-image-91492 size-medium\" src=\"https:\/\/aldeco.pt\/staging\/wp-content\/uploads\/2024\/01\/T192880005-3-300x200.jpg\" alt=\"Ensembles Velvet - Aldeco\" width=\"300\" height=\"200\"><\/p>\n<p><a href=\"https:\/\/www.instagram.com\/aldeco_interiorfabrics\/\">https:\/\/www.instagram.com\/aldeco_interiorfabrics\/<\/a><\/p>\n<p><a href=\"https:\/\/aldeco.pt\/staging\/product\/ensembles-velvet\/?attribute_pa_aldeco-color=01-white-cotton\">https:\/\/aldeco.pt\/staging\/product\/ensembles-velvet\/?attribute_pa_aldeco-color=01-white-cotton<\/a><\/p>\n","protected":false},"featured_media":144227,"template":"","meta":[],"product_brand":[],"product_cat":[6146],"product_tag":[],"class_list":{"0":"post-178576","1":"product","2":"type-product","3":"status-publish","4":"has-post-thumbnail","6":"product_cat-aldeco-2-es","7":"pa_cleanability-8283","8":"pa_composition-ext-50-co-50-li-es","9":"pa_interior-fabrics-1-es","10":"pa_line-telas","11":"pa_lithfastness-5-es","12":"pa_outdoor-0-es","13":"pa_range-liso-es","14":"pa_range-terciopelo","17":"first","18":"instock","19":"purchasable","20":"product-type-variable"},"acf":[],"_links":{"self":[{"href":"https:\/\/staging.aldeco.pt\/es\/wp-json\/wp\/v2\/product\/178576","targetHints":{"allow":["GET"]}}],"collection":[{"href":"https:\/\/staging.aldeco.pt\/es\/wp-json\/wp\/v2\/product"}],"about":[{"href":"https:\/\/staging.aldeco.pt\/es\/wp-json\/wp\/v2\/types\/product"}],"version-history":[{"count":1,"href":"https:\/\/staging.aldeco.pt\/es\/wp-json\/wp\/v2\/product\/178576\/revisions"}],"predecessor-version":[{"id":192028,"href":"https:\/\/staging.aldeco.pt\/es\/wp-json\/wp\/v2\/product\/178576\/revisions\/192028"}],"wp:featuredmedia":[{"embeddable":true,"href":"https:\/\/staging.aldeco.pt\/es\/wp-json\/wp\/v2\/media\/144227"}],"wp:attachment":[{"href":"https:\/\/staging.aldeco.pt\/es\/wp-json\/wp\/v2\/media?parent=178576"}],"wp:term":[{"taxonomy":"product_brand","embeddable":true,"href":"https:\/\/staging.aldeco.pt\/es\/wp-json\/wp\/v2\/product_brand?post=178576"},{"taxonomy":"product_cat","embeddable":true,"href":"https:\/\/staging.aldeco.pt\/es\/wp-json\/wp\/v2\/product_cat?post=178576"},{"taxonomy":"product_tag","embeddable":true,"href":"https:\/\/staging.aldeco.pt\/es\/wp-json\/wp\/v2\/product_tag?post=178576"}],"curies":[{"name":"wp","href":"https:\/\/api.w.org\/{rel}","templated":true}]}}